{"id":142,"date":"2024-04-09T17:41:17","date_gmt":"2024-04-09T14:41:17","guid":{"rendered":"http:\/\/www.vatslalilled.ee\/?page_id=142"},"modified":"2026-03-22T18:55:40","modified_gmt":"2026-03-22T15:55:40","slug":"meist","status":"publish","type":"page","link":"https:\/\/fiestonia.ee\/en\/meist\/","title":{"rendered":"About us"},"content":{"rendered":"<p><strong>Welcome to our world of authentic Latino experiences!<\/strong><\/p>\n\n\n\n<p>We bring the vibrant spirit and rich traditions of Latin culture directly to your events. From energetic music and delicious cuisine to immersive workshops and live entertainment, we specialize in creating unforgettable moments that resonate with joy and authenticity.<\/p>\n\n\n\n<h4 class=\"wp-block-heading\">Meet Enrique<\/h4>\n\n\n\n<p>Enrique brings a genuine Latin flavor to every event. Born and raised in Cuba, he has over 40 years of experience in the entertainment industry. Enrique has dedicated his life to sharing the warmth and excitement of Cuban culture through music, food, cigars and drinks. His expertise ensures that every party we host is a true 100% Latin celebration, leaving guests with lasting memories and a taste of the enchanting spirit of Cuba.<\/p>\n\n\n\n<h4 class=\"wp-block-heading\">Meet Helena<\/h4>\n\n\n\n<p>Helena's passion for Latin culture shines through in every detail of our services. Her wealth of knowledge, acquired through extensive travel and research, gives her a deep appreciation and understanding of the colorful traditions of Latin America. Helena's enthusiasm and dedication create joyful, engaging experiences, allowing guests to embrace and enjoy the richness of Latin heritage fully.<\/p>\n\n\n\n<hr class=\"wp-block-separator has-alpha-channel-opacity\"\/>\n\n\n\n<p>Whether you are hosting a corporate event, private party or special event, we are here to make your gathering a vibrant and memorable celebration filled with the true essence of Latin culture. Come dance, dine and discover the magic that happens when passion meets authenticity.<\/p>","protected":false},"excerpt":{"rendered":"<p>Tere tulemast meie autentse latiino kogemuste maailma! Me toome ladina kultuuri elava vaimu ja rikkalikud traditsioonid otse teie s\u00fcndmustele. Alates energilisest muusikast ja maitsekast k\u00f6\u00f6gist kuni kaasahaaravatele t\u00f6\u00f6tubadele ja elavale meelelahutusele \u2013 oleme spetsialiseerunud unustamatute hetkede loomisele, mis resoneerivad r\u00f5\u00f5mu ja autentsusega. Saage tuttavaks Enriquega Enrique toob igasse s\u00fcndmusesse ehedat ladina maitset. Ta on Kuubal [&hellip;]<\/p>","protected":false},"author":1,"featured_media":0,"parent":0,"menu_order":0,"comment_status":"closed","ping_status":"closed","template":"","meta":{"pgc_meta":"","footnotes":""},"class_list":["post-142","page","type-page","status-publish","hentry"],"pgc_meta":"","yoast_head":"<!-- This site is optimized with the Yoast SEO plugin v23.0 - https:\/\/yoast.com\/wordpress\/plugins\/seo\/ -->\n<title>Meist - Fiestonia<\/title>\n<meta name=\"robots\" content=\"index, follow, max-snippet:-1, max-image-preview:large, max-video-preview:-1\" \/>\n<link rel=\"canonical\" href=\"https:\/\/fiestonia.ee\/en\/meist\/\" \/>\n<meta property=\"og:locale\" content=\"en_US\" \/>\n<meta property=\"og:type\" content=\"article\" \/>\n<meta property=\"og:title\" content=\"Meist - Fiestonia\" \/>\n<meta property=\"og:description\" content=\"Tere tulemast meie autentse latiino kogemuste maailma! Me toome ladina kultuuri elava vaimu ja rikkalikud traditsioonid otse teie s\u00fcndmustele. Alates energilisest muusikast ja maitsekast k\u00f6\u00f6gist kuni kaasahaaravatele t\u00f6\u00f6tubadele ja elavale meelelahutusele \u2013 oleme spetsialiseerunud unustamatute hetkede loomisele, mis resoneerivad r\u00f5\u00f5mu ja autentsusega. Saage tuttavaks Enriquega Enrique toob igasse s\u00fcndmusesse ehedat ladina maitset. Ta on Kuubal [&hellip;]\" \/>\n<meta property=\"og:url\" content=\"https:\/\/fiestonia.ee\/en\/meist\/\" \/>\n<meta property=\"og:site_name\" content=\"Fiestonia\" \/>\n<meta property=\"article:modified_time\" content=\"2026-03-22T15:55:40+00:00\" \/>\n<meta name=\"twitter:card\" content=\"summary_large_image\" \/>\n<script type=\"application\/ld+json\" class=\"yoast-schema-graph\">{\"@context\":\"https:\/\/schema.org\",\"@graph\":[{\"@type\":\"WebPage\",\"@id\":\"https:\/\/fiestonia.ee\/meist\/\",\"url\":\"https:\/\/fiestonia.ee\/meist\/\",\"name\":\"Meist - Fiestonia\",\"isPartOf\":{\"@id\":\"https:\/\/fiestonia.ee\/et\/#website\"},\"datePublished\":\"2024-04-09T14:41:17+00:00\",\"dateModified\":\"2026-03-22T15:55:40+00:00\",\"breadcrumb\":{\"@id\":\"https:\/\/fiestonia.ee\/meist\/#breadcrumb\"},\"inLanguage\":\"en-US\",\"potentialAction\":[{\"@type\":\"ReadAction\",\"target\":[\"https:\/\/fiestonia.ee\/meist\/\"]}]},{\"@type\":\"BreadcrumbList\",\"@id\":\"https:\/\/fiestonia.ee\/meist\/#breadcrumb\",\"itemListElement\":[{\"@type\":\"ListItem\",\"position\":1,\"name\":\"Home\",\"item\":\"https:\/\/fiestonia.ee\/et\/\"},{\"@type\":\"ListItem\",\"position\":2,\"name\":\"Meist\"}]},{\"@type\":\"WebSite\",\"@id\":\"https:\/\/fiestonia.ee\/et\/#website\",\"url\":\"https:\/\/fiestonia.ee\/et\/\",\"name\":\"VATSLA LILLED\",\"description\":\"Fiesta Estonia\",\"publisher\":{\"@id\":\"https:\/\/fiestonia.ee\/et\/#organization\"},\"potentialAction\":[{\"@type\":\"SearchAction\",\"target\":{\"@type\":\"EntryPoint\",\"urlTemplate\":\"https:\/\/fiestonia.ee\/et\/?s={search_term_string}\"},\"query-input\":\"required name=search_term_string\"}],\"inLanguage\":\"en-US\"},{\"@type\":\"Organization\",\"@id\":\"https:\/\/fiestonia.ee\/et\/#organization\",\"name\":\"VATSLA LILLED\",\"url\":\"https:\/\/fiestonia.ee\/et\/\",\"logo\":{\"@type\":\"ImageObject\",\"inLanguage\":\"en-US\",\"@id\":\"https:\/\/fiestonia.ee\/et\/#\/schema\/logo\/image\/\",\"url\":\"http:\/\/www.vatslalilled.ee\/wp-content\/uploads\/2024\/04\/cropped-Screenshot-2024-04-06-205209.png\",\"contentUrl\":\"http:\/\/www.vatslalilled.ee\/wp-content\/uploads\/2024\/04\/cropped-Screenshot-2024-04-06-205209.png\",\"width\":512,\"height\":512,\"caption\":\"VATSLA LILLED\"},\"image\":{\"@id\":\"https:\/\/fiestonia.ee\/et\/#\/schema\/logo\/image\/\"}}]}<\/script>\n<!-- \/ Yoast SEO plugin. -->","yoast_head_json":{"title":"Meist - Fiestonia","robots":{"index":"index","follow":"follow","max-snippet":"max-snippet:-1","max-image-preview":"max-image-preview:large","max-video-preview":"max-video-preview:-1"},"canonical":"https:\/\/fiestonia.ee\/en\/meist\/","og_locale":"en_US","og_type":"article","og_title":"Meist - Fiestonia","og_description":"Tere tulemast meie autentse latiino kogemuste maailma! Me toome ladina kultuuri elava vaimu ja rikkalikud traditsioonid otse teie s\u00fcndmustele. Alates energilisest muusikast ja maitsekast k\u00f6\u00f6gist kuni kaasahaaravatele t\u00f6\u00f6tubadele ja elavale meelelahutusele \u2013 oleme spetsialiseerunud unustamatute hetkede loomisele, mis resoneerivad r\u00f5\u00f5mu ja autentsusega. Saage tuttavaks Enriquega Enrique toob igasse s\u00fcndmusesse ehedat ladina maitset. Ta on Kuubal [&hellip;]","og_url":"https:\/\/fiestonia.ee\/en\/meist\/","og_site_name":"Fiestonia","article_modified_time":"2026-03-22T15:55:40+00:00","twitter_card":"summary_large_image","schema":{"@context":"https:\/\/schema.org","@graph":[{"@type":"WebPage","@id":"https:\/\/fiestonia.ee\/meist\/","url":"https:\/\/fiestonia.ee\/meist\/","name":"Meist - Fiestonia","isPartOf":{"@id":"https:\/\/fiestonia.ee\/et\/#website"},"datePublished":"2024-04-09T14:41:17+00:00","dateModified":"2026-03-22T15:55:40+00:00","breadcrumb":{"@id":"https:\/\/fiestonia.ee\/meist\/#breadcrumb"},"inLanguage":"en-US","potentialAction":[{"@type":"ReadAction","target":["https:\/\/fiestonia.ee\/meist\/"]}]},{"@type":"BreadcrumbList","@id":"https:\/\/fiestonia.ee\/meist\/#breadcrumb","itemListElement":[{"@type":"ListItem","position":1,"name":"Home","item":"https:\/\/fiestonia.ee\/et\/"},{"@type":"ListItem","position":2,"name":"Meist"}]},{"@type":"WebSite","@id":"https:\/\/fiestonia.ee\/et\/#website","url":"https:\/\/fiestonia.ee\/et\/","name":"VATSLA LILLED","description":"Fiesta Estonia","publisher":{"@id":"https:\/\/fiestonia.ee\/et\/#organization"},"potentialAction":[{"@type":"SearchAction","target":{"@type":"EntryPoint","urlTemplate":"https:\/\/fiestonia.ee\/et\/?s={search_term_string}"},"query-input":"required name=search_term_string"}],"inLanguage":"en-US"},{"@type":"Organization","@id":"https:\/\/fiestonia.ee\/et\/#organization","name":"VATSLA LILLED","url":"https:\/\/fiestonia.ee\/et\/","logo":{"@type":"ImageObject","inLanguage":"en-US","@id":"https:\/\/fiestonia.ee\/et\/#\/schema\/logo\/image\/","url":"http:\/\/www.vatslalilled.ee\/wp-content\/uploads\/2024\/04\/cropped-Screenshot-2024-04-06-205209.png","contentUrl":"http:\/\/www.vatslalilled.ee\/wp-content\/uploads\/2024\/04\/cropped-Screenshot-2024-04-06-205209.png","width":512,"height":512,"caption":"VATSLA LILLED"},"image":{"@id":"https:\/\/fiestonia.ee\/et\/#\/schema\/logo\/image\/"}}]}},"amp_enabled":true,"_links":{"self":[{"href":"https:\/\/fiestonia.ee\/en\/wp-json\/wp\/v2\/pages\/142","targetHints":{"allow":["GET"]}}],"collection":[{"href":"https:\/\/fiestonia.ee\/en\/wp-json\/wp\/v2\/pages"}],"about":[{"href":"https:\/\/fiestonia.ee\/en\/wp-json\/wp\/v2\/types\/page"}],"author":[{"embeddable":true,"href":"https:\/\/fiestonia.ee\/en\/wp-json\/wp\/v2\/users\/1"}],"replies":[{"embeddable":true,"href":"https:\/\/fiestonia.ee\/en\/wp-json\/wp\/v2\/comments?post=142"}],"version-history":[{"count":5,"href":"https:\/\/fiestonia.ee\/en\/wp-json\/wp\/v2\/pages\/142\/revisions"}],"predecessor-version":[{"id":1925,"href":"https:\/\/fiestonia.ee\/en\/wp-json\/wp\/v2\/pages\/142\/revisions\/1925"}],"wp:attachment":[{"href":"https:\/\/fiestonia.ee\/en\/wp-json\/wp\/v2\/media?parent=142"}],"curies":[{"name":"wp","href":"https:\/\/api.w.org\/{rel}","templated":true}]}}