{"id":1476,"date":"2024-08-08T22:26:08","date_gmt":"2024-08-08T19:26:08","guid":{"rendered":"http:\/\/www.vatslalilled.ee\/?page_id=1476"},"modified":"2024-09-02T22:00:56","modified_gmt":"2024-09-02T19:00:56","slug":"kokteilibaar","status":"publish","type":"page","link":"https:\/\/fiestonia.ee\/en\/kokteilibaar\/","title":{"rendered":"COCKTAIL BAR"},"content":{"rendered":"<div class=\"wp-block-columns is-layout-flex wp-container-core-columns-is-layout-dbfacf25 wp-block-columns-is-layout-flex\" style=\"margin-top:var(--wp--preset--spacing--40);margin-bottom:var(--wp--preset--spacing--40)\">\n<div class=\"wp-block-column is-layout-flow wp-block-column-is-layout-flow\" style=\"flex-basis:33.33%\"><nav class=\"is-responsive  is-vertical wp-block-navigation is-layout-flex wp-container-core-navigation-is-layout-fe9cc265 wp-block-navigation-is-layout-flex\" aria-label=\"Services\" \n\t\t data-wp-interactive=\"core\/navigation\" data-wp-context='{\"overlayOpenedBy\":{\"click\":false,\"hover\":false,\"focus\":false},\"type\":\"overlay\",\"roleAttribute\":\"\",\"ariaLabel\":\"Menu\"}'><button aria-haspopup=\"dialog\" aria-label=\"Open menu\" class=\"wp-block-navigation__responsive-container-open\" \n\t\t\t\tdata-wp-on--click=\"actions.openMenuOnClick\"\n\t\t\t\tdata-wp-on--keydown=\"actions.handleMenuKeydown\"\n\t\t\t><svg width=\"24\" height=\"24\" xmlns=\"http:\/\/www.w3.org\/2000\/svg\" viewbox=\"0 0 24 24\" aria-hidden=\"true\" focusable=\"false\"><path d=\"M4 7.5h16v1.5H4z\"><\/path><path d=\"M4 15h16v1.5H4z\"><\/path><\/svg><\/button>\n\t\t\t\t<div class=\"wp-block-navigation__responsive-container\"  id=\"modal-1\" \n\t\t\t\tdata-wp-class--has-modal-open=\"state.isMenuOpen\"\n\t\t\t\tdata-wp-class--is-menu-open=\"state.isMenuOpen\"\n\t\t\t\tdata-wp-watch=\"callbacks.initMenu\"\n\t\t\t\tdata-wp-on--keydown=\"actions.handleMenuKeydown\"\n\t\t\t\tdata-wp-on--focusout=\"actions.handleMenuFocusout\"\n\t\t\t\ttabindex=\"-1\"\n\t\t\t>\n\t\t\t\t\t<div class=\"wp-block-navigation__responsive-close\" tabindex=\"-1\">\n\t\t\t\t\t\t<div class=\"wp-block-navigation__responsive-dialog\" \n\t\t\t\tdata-wp-bind--aria-modal=\"state.ariaModal\"\n\t\t\t\tdata-wp-bind--aria-label=\"state.ariaLabel\"\n\t\t\t\tdata-wp-bind--role=\"state.roleAttribute\"\n\t\t\t>\n\t\t\t\t\t\t\t<button aria-label=\"Close menu\" class=\"wp-block-navigation__responsive-container-close\" \n\t\t\t\tdata-wp-on--click=\"actions.closeMenuOnClick\"\n\t\t\t><svg xmlns=\"http:\/\/www.w3.org\/2000\/svg\" viewbox=\"0 0 24 24\" width=\"24\" height=\"24\" aria-hidden=\"true\" focusable=\"false\"><path d=\"m13.06 12 6.47-6.47-1.06-1.06L12 10.94 5.53 4.47 4.47 5.53 10.94 12l-6.47 6.47 1.06 1.06L12 13.06l6.47 6.47 1.06-1.06L13.06 12Z\"><\/path><\/svg><\/button>\n\t\t\t\t\t\t\t<div class=\"wp-block-navigation__responsive-container-content\" \n\t\t\t\tdata-wp-watch=\"callbacks.focusFirstElement\"\n\t\t\t id=\"modal-1-content\">\n\t\t\t\t\t\t\t\t<ul class=\"wp-block-navigation__container is-responsive  is-vertical wp-block-navigation\"><li class=\"wp-block-navigation-item wp-block-navigation-link\"><a class=\"wp-block-navigation-item__content\"  href=\"https:\/\/fiestonia.ee\/en\/kokteilibaar\/\"><span class=\"wp-block-navigation-item__label\">COCKTAIL BAR<\/span><\/a><\/li><li class=\"wp-block-navigation-item wp-block-navigation-link\"><a class=\"wp-block-navigation-item__content\"  href=\"https:\/\/fiestonia.ee\/en\/dj-teenus\/\"><span class=\"wp-block-navigation-item__label\">DJ SERVICE<\/span><\/a><\/li><li class=\"wp-block-navigation-item wp-block-navigation-link\"><a class=\"wp-block-navigation-item__content\"  href=\"https:\/\/fiestonia.ee\/en\/kokteilide-tootuba\/\"><span class=\"wp-block-navigation-item__label\">COCKTAIL WORKSHOP<\/span><\/a><\/li><li class=\"wp-block-navigation-item wp-block-navigation-link\"><a class=\"wp-block-navigation-item__content\"  href=\"https:\/\/fiestonia.ee\/en\/latiino-tantsutunnid\/\"><span class=\"wp-block-navigation-item__label\">LATIN DANCE LESSONS<\/span><\/a><\/li><li class=\"wp-block-navigation-item wp-block-navigation-link\"><a class=\"wp-block-navigation-item__content\"  href=\"https:\/\/fiestonia.ee\/en\/kuuba-sigarride-rullimise-tootuba\/\"><span class=\"wp-block-navigation-item__label\">CUBAN CIGAR ROLLING WORKSHOP<\/span><\/a><\/li><\/ul>\n\t\t\t\t\t\t\t<\/div>\n\t\t\t\t\t\t<\/div>\n\t\t\t\t\t<\/div>\n\t\t\t\t<\/div><\/nav><\/div>\n\n\n\n<div class=\"wp-block-column is-vertically-aligned-top is-layout-flow wp-block-column-is-layout-flow\" style=\"flex-basis:66.66%\">\n<h2 class=\"wp-block-heading\">Mobile cocktail bar<\/h2>\n\n\n\n<div style=\"height:5px\" aria-hidden=\"true\" class=\"wp-block-spacer\"><\/div>\n\n\n\n<p class=\"has-text-align-left\"><strong>Take your event to the next level with our mobile cocktail bar<\/strong><\/p>\n\n\n\n<div style=\"height:10px\" aria-hidden=\"true\" class=\"wp-block-spacer\"><\/div>\n\n\n\n<p>Bring the vibrant flavors of Cuba to your next event with our mobile cocktail bar. Perfect for corporate events, private parties, weddings and all kinds of celebrations, our bar service offers a unique and authentic cocktail experience that will delight your guests.<\/p>\n\n\n\n<div style=\"height:10px\" aria-hidden=\"true\" class=\"wp-block-spacer\"><\/div>\n\n\n\n<p><strong>What we offer:<\/strong><\/p>\n\n\n\n<ul class=\"wp-block-list\">\n<li style=\"font-size:clamp(0.875rem, 0.875rem + ((1vw - 0.2rem) * 0.508), 1.25rem);\">Specialty Mojitos: Enjoy our signature mojitos, available in more than 15 exciting flavors. From classic lime to exotic tropical concoctions, our mojitos are crafted to perfection for a refreshing and unforgettable taste.<\/li>\n\n\n\n<li style=\"font-size:clamp(0.875rem, 0.875rem + ((1vw - 0.2rem) * 0.508), 1.25rem);\">Classic Cocktails: In addition to our mojitos, we offer a variety of classic cocktails including: Cuba Libre, Pi\u00f1a Colada, Blue Lagoon, Aperol Spritz.<\/li>\n\n\n\n<li style=\"font-size:clamp(0.875rem, 0.875rem + ((1vw - 0.2rem) * 0.508), 1.25rem);\">Customizable menu: Customize the cocktail menu to suit your event theme and preferences. Whether you have a specific theme in mind or a list of favorite cocktails, our team will work with you to create the perfect drink selection.<\/li>\n<\/ul>\n\n\n\n<div style=\"height:10px\" aria-hidden=\"true\" class=\"wp-block-spacer\"><\/div>\n\n\n\n<p><strong>Why choose our mobile bar?<\/strong><\/p>\n\n\n\n<ul class=\"wp-block-list\">\n<li style=\"font-size:clamp(0.875rem, 0.875rem + ((1vw - 0.2rem) * 0.508), 1.25rem);\">Authentic Expertise: Our skilled bartenders include a true Cuban mixologist trained in Cuba who will bring authentic cocktail making techniques and flair to your event.<\/li>\n\n\n\n<li style=\"font-size:clamp(0.875rem, 0.875rem + ((1vw - 0.2rem) * 0.508), 1.25rem);\">Convenience and flexibility: our mobile bar is fully equipped and can be set up at any location, providing seamless service wherever your event takes place.<\/li>\n\n\n\n<li style=\"font-size:clamp(0.875rem, 0.875rem + ((1vw - 0.2rem) * 0.508), 1.25rem);\">Quality Ingredients: We use only the best ingredients to ensure the highest quality in every cocktail, providing an exceptional drinking experience.<\/li>\n\n\n\n<li style=\"font-size:clamp(0.875rem, 0.875rem + ((1vw - 0.2rem) * 0.522), 1.26rem);\">Professional Service: Our team is dedicated to providing top-notch service, ensuring that your guests are well looked after and have a memorable time.<\/li>\n<\/ul>\n\n\n\n<div style=\"height:10px\" aria-hidden=\"true\" class=\"wp-block-spacer\"><\/div>\n\n\n\n<p><strong>Book our mobile bar today!<\/strong><\/p>\n\n\n\n<p>Make your event stand out with the vibrant and authentic flavors of our Cuban-inspired cocktails. Whether it's an intimate gathering or a large celebration, our mobile bar service is designed to impress. Contact us to discuss your event and customize your cocktail menu.<\/p>\n<\/div>\n<\/div>","protected":false},"excerpt":{"rendered":"<p>Mobiilne kokteilibaar T\u00f5stke oma \u00fcritust uuele tasemele meie mobiilse kokteilibaariga Tooge Kuuba erksad maitsed oma j\u00e4rgmisele \u00fcritusele meie mobiilse kokteilibaariga. Meie baariteenus, mis sobib suurep\u00e4raselt firma\u00fcritusteks, erapidudeks, pulmadeks ja igasugusteks pidustusteks, pakub ainulaadset ja autentset kokteilielamust, mis r\u00f5\u00f5mustab teie k\u00fclalisi. Mida me pakume: Miks valida meie mobiilne baar? Broneerige meie mobiilne baar juba t\u00e4na! Muutke [&hellip;]<\/p>","protected":false},"author":1,"featured_media":0,"parent":0,"menu_order":0,"comment_status":"open","ping_status":"closed","template":"page-no-title","meta":{"pgc_meta":"","footnotes":""},"class_list":["post-1476","page","type-page","status-publish","hentry"],"pgc_meta":"","yoast_head":"<!-- This site is optimized with the Yoast SEO plugin v23.0 - https:\/\/yoast.com\/wordpress\/plugins\/seo\/ -->\n<title>KOKTEILIBAAR - Fiestonia<\/title>\n<meta name=\"robots\" content=\"index, follow, max-snippet:-1, max-image-preview:large, max-video-preview:-1\" \/>\n<link rel=\"canonical\" href=\"https:\/\/fiestonia.ee\/en\/kokteilibaar\/\" \/>\n<meta property=\"og:locale\" content=\"en_US\" \/>\n<meta property=\"og:type\" content=\"article\" \/>\n<meta property=\"og:title\" content=\"KOKTEILIBAAR - Fiestonia\" \/>\n<meta property=\"og:description\" content=\"Mobiilne kokteilibaar T\u00f5stke oma \u00fcritust uuele tasemele meie mobiilse kokteilibaariga Tooge Kuuba erksad maitsed oma j\u00e4rgmisele \u00fcritusele meie mobiilse kokteilibaariga. Meie baariteenus, mis sobib suurep\u00e4raselt firma\u00fcritusteks, erapidudeks, pulmadeks ja igasugusteks pidustusteks, pakub ainulaadset ja autentset kokteilielamust, mis r\u00f5\u00f5mustab teie k\u00fclalisi. Mida me pakume: Miks valida meie mobiilne baar? Broneerige meie mobiilne baar juba t\u00e4na! Muutke [&hellip;]\" \/>\n<meta property=\"og:url\" content=\"https:\/\/fiestonia.ee\/en\/kokteilibaar\/\" \/>\n<meta property=\"og:site_name\" content=\"Fiestonia\" \/>\n<meta property=\"article:modified_time\" content=\"2024-09-02T19:00:56+00:00\" \/>\n<meta name=\"twitter:card\" content=\"summary_large_image\" \/>\n<meta name=\"twitter:label1\" content=\"Est. reading time\" \/>\n\t<meta name=\"twitter:data1\" content=\"2 minutes\" \/>\n<script type=\"application\/ld+json\" class=\"yoast-schema-graph\">{\"@context\":\"https:\/\/schema.org\",\"@graph\":[{\"@type\":\"WebPage\",\"@id\":\"https:\/\/fiestonia.ee\/et\/kokteilibaar\/\",\"url\":\"https:\/\/fiestonia.ee\/et\/kokteilibaar\/\",\"name\":\"KOKTEILIBAAR - Fiestonia\",\"isPartOf\":{\"@id\":\"https:\/\/fiestonia.ee\/et\/#website\"},\"datePublished\":\"2024-08-08T19:26:08+00:00\",\"dateModified\":\"2024-09-02T19:00:56+00:00\",\"breadcrumb\":{\"@id\":\"https:\/\/fiestonia.ee\/et\/kokteilibaar\/#breadcrumb\"},\"inLanguage\":\"en-US\",\"potentialAction\":[{\"@type\":\"ReadAction\",\"target\":[\"https:\/\/fiestonia.ee\/et\/kokteilibaar\/\"]}]},{\"@type\":\"BreadcrumbList\",\"@id\":\"https:\/\/fiestonia.ee\/et\/kokteilibaar\/#breadcrumb\",\"itemListElement\":[{\"@type\":\"ListItem\",\"position\":1,\"name\":\"Home\",\"item\":\"https:\/\/fiestonia.ee\/et\/\"},{\"@type\":\"ListItem\",\"position\":2,\"name\":\"KOKTEILIBAAR\"}]},{\"@type\":\"WebSite\",\"@id\":\"https:\/\/fiestonia.ee\/et\/#website\",\"url\":\"https:\/\/fiestonia.ee\/et\/\",\"name\":\"VATSLA LILLED\",\"description\":\"Fiesta Estonia\",\"publisher\":{\"@id\":\"https:\/\/fiestonia.ee\/et\/#organization\"},\"potentialAction\":[{\"@type\":\"SearchAction\",\"target\":{\"@type\":\"EntryPoint\",\"urlTemplate\":\"https:\/\/fiestonia.ee\/et\/?s={search_term_string}\"},\"query-input\":\"required name=search_term_string\"}],\"inLanguage\":\"en-US\"},{\"@type\":\"Organization\",\"@id\":\"https:\/\/fiestonia.ee\/et\/#organization\",\"name\":\"VATSLA LILLED\",\"url\":\"https:\/\/fiestonia.ee\/et\/\",\"logo\":{\"@type\":\"ImageObject\",\"inLanguage\":\"en-US\",\"@id\":\"https:\/\/fiestonia.ee\/et\/#\/schema\/logo\/image\/\",\"url\":\"http:\/\/www.vatslalilled.ee\/wp-content\/uploads\/2024\/04\/cropped-Screenshot-2024-04-06-205209.png\",\"contentUrl\":\"http:\/\/www.vatslalilled.ee\/wp-content\/uploads\/2024\/04\/cropped-Screenshot-2024-04-06-205209.png\",\"width\":512,\"height\":512,\"caption\":\"VATSLA LILLED\"},\"image\":{\"@id\":\"https:\/\/fiestonia.ee\/et\/#\/schema\/logo\/image\/\"}}]}<\/script>\n<!-- \/ Yoast SEO plugin. -->","yoast_head_json":{"title":"KOKTEILIBAAR - Fiestonia","robots":{"index":"index","follow":"follow","max-snippet":"max-snippet:-1","max-image-preview":"max-image-preview:large","max-video-preview":"max-video-preview:-1"},"canonical":"https:\/\/fiestonia.ee\/en\/kokteilibaar\/","og_locale":"en_US","og_type":"article","og_title":"KOKTEILIBAAR - Fiestonia","og_description":"Mobiilne kokteilibaar T\u00f5stke oma \u00fcritust uuele tasemele meie mobiilse kokteilibaariga Tooge Kuuba erksad maitsed oma j\u00e4rgmisele \u00fcritusele meie mobiilse kokteilibaariga. Meie baariteenus, mis sobib suurep\u00e4raselt firma\u00fcritusteks, erapidudeks, pulmadeks ja igasugusteks pidustusteks, pakub ainulaadset ja autentset kokteilielamust, mis r\u00f5\u00f5mustab teie k\u00fclalisi. Mida me pakume: Miks valida meie mobiilne baar? Broneerige meie mobiilne baar juba t\u00e4na! Muutke [&hellip;]","og_url":"https:\/\/fiestonia.ee\/en\/kokteilibaar\/","og_site_name":"Fiestonia","article_modified_time":"2024-09-02T19:00:56+00:00","twitter_card":"summary_large_image","twitter_misc":{"Est. reading time":"2 minutes"},"schema":{"@context":"https:\/\/schema.org","@graph":[{"@type":"WebPage","@id":"https:\/\/fiestonia.ee\/et\/kokteilibaar\/","url":"https:\/\/fiestonia.ee\/et\/kokteilibaar\/","name":"KOKTEILIBAAR - Fiestonia","isPartOf":{"@id":"https:\/\/fiestonia.ee\/et\/#website"},"datePublished":"2024-08-08T19:26:08+00:00","dateModified":"2024-09-02T19:00:56+00:00","breadcrumb":{"@id":"https:\/\/fiestonia.ee\/et\/kokteilibaar\/#breadcrumb"},"inLanguage":"en-US","potentialAction":[{"@type":"ReadAction","target":["https:\/\/fiestonia.ee\/et\/kokteilibaar\/"]}]},{"@type":"BreadcrumbList","@id":"https:\/\/fiestonia.ee\/et\/kokteilibaar\/#breadcrumb","itemListElement":[{"@type":"ListItem","position":1,"name":"Home","item":"https:\/\/fiestonia.ee\/et\/"},{"@type":"ListItem","position":2,"name":"KOKTEILIBAAR"}]},{"@type":"WebSite","@id":"https:\/\/fiestonia.ee\/et\/#website","url":"https:\/\/fiestonia.ee\/et\/","name":"VATSLA LILLED","description":"Fiesta Estonia","publisher":{"@id":"https:\/\/fiestonia.ee\/et\/#organization"},"potentialAction":[{"@type":"SearchAction","target":{"@type":"EntryPoint","urlTemplate":"https:\/\/fiestonia.ee\/et\/?s={search_term_string}"},"query-input":"required name=search_term_string"}],"inLanguage":"en-US"},{"@type":"Organization","@id":"https:\/\/fiestonia.ee\/et\/#organization","name":"VATSLA LILLED","url":"https:\/\/fiestonia.ee\/et\/","logo":{"@type":"ImageObject","inLanguage":"en-US","@id":"https:\/\/fiestonia.ee\/et\/#\/schema\/logo\/image\/","url":"http:\/\/www.vatslalilled.ee\/wp-content\/uploads\/2024\/04\/cropped-Screenshot-2024-04-06-205209.png","contentUrl":"http:\/\/www.vatslalilled.ee\/wp-content\/uploads\/2024\/04\/cropped-Screenshot-2024-04-06-205209.png","width":512,"height":512,"caption":"VATSLA LILLED"},"image":{"@id":"https:\/\/fiestonia.ee\/et\/#\/schema\/logo\/image\/"}}]}},"amp_enabled":true,"_links":{"self":[{"href":"https:\/\/fiestonia.ee\/en\/wp-json\/wp\/v2\/pages\/1476","targetHints":{"allow":["GET"]}}],"collection":[{"href":"https:\/\/fiestonia.ee\/en\/wp-json\/wp\/v2\/pages"}],"about":[{"href":"https:\/\/fiestonia.ee\/en\/wp-json\/wp\/v2\/types\/page"}],"author":[{"embeddable":true,"href":"https:\/\/fiestonia.ee\/en\/wp-json\/wp\/v2\/users\/1"}],"replies":[{"embeddable":true,"href":"https:\/\/fiestonia.ee\/en\/wp-json\/wp\/v2\/comments?post=1476"}],"version-history":[{"count":5,"href":"https:\/\/fiestonia.ee\/en\/wp-json\/wp\/v2\/pages\/1476\/revisions"}],"predecessor-version":[{"id":1862,"href":"https:\/\/fiestonia.ee\/en\/wp-json\/wp\/v2\/pages\/1476\/revisions\/1862"}],"wp:attachment":[{"href":"https:\/\/fiestonia.ee\/en\/wp-json\/wp\/v2\/media?parent=1476"}],"curies":[{"name":"wp","href":"https:\/\/api.w.org\/{rel}","templated":true}]}}