{"id":1506,"date":"2024-08-08T22:44:27","date_gmt":"2024-08-08T19:44:27","guid":{"rendered":"http:\/\/www.vatslalilled.ee\/?page_id=1506"},"modified":"2024-09-02T21:59:03","modified_gmt":"2024-09-02T18:59:03","slug":"kokteilide-tootuba","status":"publish","type":"page","link":"https:\/\/fiestonia.ee\/en\/kokteilide-tootuba\/","title":{"rendered":"COCKTAIL WORKSHOP"},"content":{"rendered":"<div class=\"wp-block-columns is-layout-flex wp-container-core-columns-is-layout-dbfacf25 wp-block-columns-is-layout-flex\" style=\"margin-top:var(--wp--preset--spacing--40);margin-bottom:var(--wp--preset--spacing--40)\">\n<div class=\"wp-block-column is-layout-flow wp-block-column-is-layout-flow\" style=\"flex-basis:33.33%\"><nav class=\"is-responsive  is-vertical wp-block-navigation is-layout-flex wp-container-core-navigation-is-layout-fe9cc265 wp-block-navigation-is-layout-flex\" aria-label=\"Services\" \n\t\t data-wp-interactive=\"core\/navigation\" data-wp-context='{\"overlayOpenedBy\":{\"click\":false,\"hover\":false,\"focus\":false},\"type\":\"overlay\",\"roleAttribute\":\"\",\"ariaLabel\":\"Menu\"}'><button aria-haspopup=\"dialog\" aria-label=\"Open menu\" class=\"wp-block-navigation__responsive-container-open\" \n\t\t\t\tdata-wp-on--click=\"actions.openMenuOnClick\"\n\t\t\t\tdata-wp-on--keydown=\"actions.handleMenuKeydown\"\n\t\t\t><svg width=\"24\" height=\"24\" xmlns=\"http:\/\/www.w3.org\/2000\/svg\" viewbox=\"0 0 24 24\" aria-hidden=\"true\" focusable=\"false\"><path d=\"M4 7.5h16v1.5H4z\"><\/path><path d=\"M4 15h16v1.5H4z\"><\/path><\/svg><\/button>\n\t\t\t\t<div class=\"wp-block-navigation__responsive-container\"  id=\"modal-1\" \n\t\t\t\tdata-wp-class--has-modal-open=\"state.isMenuOpen\"\n\t\t\t\tdata-wp-class--is-menu-open=\"state.isMenuOpen\"\n\t\t\t\tdata-wp-watch=\"callbacks.initMenu\"\n\t\t\t\tdata-wp-on--keydown=\"actions.handleMenuKeydown\"\n\t\t\t\tdata-wp-on--focusout=\"actions.handleMenuFocusout\"\n\t\t\t\ttabindex=\"-1\"\n\t\t\t>\n\t\t\t\t\t<div class=\"wp-block-navigation__responsive-close\" tabindex=\"-1\">\n\t\t\t\t\t\t<div class=\"wp-block-navigation__responsive-dialog\" \n\t\t\t\tdata-wp-bind--aria-modal=\"state.ariaModal\"\n\t\t\t\tdata-wp-bind--aria-label=\"state.ariaLabel\"\n\t\t\t\tdata-wp-bind--role=\"state.roleAttribute\"\n\t\t\t>\n\t\t\t\t\t\t\t<button aria-label=\"Close menu\" class=\"wp-block-navigation__responsive-container-close\" \n\t\t\t\tdata-wp-on--click=\"actions.closeMenuOnClick\"\n\t\t\t><svg xmlns=\"http:\/\/www.w3.org\/2000\/svg\" viewbox=\"0 0 24 24\" width=\"24\" height=\"24\" aria-hidden=\"true\" focusable=\"false\"><path d=\"m13.06 12 6.47-6.47-1.06-1.06L12 10.94 5.53 4.47 4.47 5.53 10.94 12l-6.47 6.47 1.06 1.06L12 13.06l6.47 6.47 1.06-1.06L13.06 12Z\"><\/path><\/svg><\/button>\n\t\t\t\t\t\t\t<div class=\"wp-block-navigation__responsive-container-content\" \n\t\t\t\tdata-wp-watch=\"callbacks.focusFirstElement\"\n\t\t\t id=\"modal-1-content\">\n\t\t\t\t\t\t\t\t<ul class=\"wp-block-navigation__container is-responsive  is-vertical wp-block-navigation\"><li class=\"wp-block-navigation-item wp-block-navigation-link\"><a class=\"wp-block-navigation-item__content\"  href=\"https:\/\/fiestonia.ee\/en\/kokteilibaar\/\"><span class=\"wp-block-navigation-item__label\">COCKTAIL BAR<\/span><\/a><\/li><li class=\"wp-block-navigation-item wp-block-navigation-link\"><a class=\"wp-block-navigation-item__content\"  href=\"https:\/\/fiestonia.ee\/en\/dj-teenus\/\"><span class=\"wp-block-navigation-item__label\">DJ SERVICE<\/span><\/a><\/li><li class=\"wp-block-navigation-item wp-block-navigation-link\"><a class=\"wp-block-navigation-item__content\"  href=\"https:\/\/fiestonia.ee\/en\/kokteilide-tootuba\/\"><span class=\"wp-block-navigation-item__label\">COCKTAIL WORKSHOP<\/span><\/a><\/li><li class=\"wp-block-navigation-item wp-block-navigation-link\"><a class=\"wp-block-navigation-item__content\"  href=\"https:\/\/fiestonia.ee\/en\/latiino-tantsutunnid\/\"><span class=\"wp-block-navigation-item__label\">LATIN DANCE LESSONS<\/span><\/a><\/li><li class=\"wp-block-navigation-item wp-block-navigation-link\"><a class=\"wp-block-navigation-item__content\"  href=\"https:\/\/fiestonia.ee\/en\/kuuba-sigarride-rullimise-tootuba\/\"><span class=\"wp-block-navigation-item__label\">CUBAN CIGAR ROLLING WORKSHOP<\/span><\/a><\/li><\/ul>\n\t\t\t\t\t\t\t<\/div>\n\t\t\t\t\t\t<\/div>\n\t\t\t\t\t<\/div>\n\t\t\t\t<\/div><\/nav><\/div>\n\n\n\n<div class=\"wp-block-column is-vertically-aligned-top is-layout-flow wp-block-column-is-layout-flow\" style=\"flex-basis:66.66%\">\n<h2 class=\"wp-block-heading\">Cocktail workshop<\/h2>\n\n\n\n<div style=\"height:5px\" aria-hidden=\"true\" class=\"wp-block-spacer\"><\/div>\n\n\n\n<p class=\"has-text-align-left\"><strong>Shake, stir and sip: unleash your inner mixologist with our cocktail workshop.<\/strong><\/p>\n\n\n\n<div style=\"height:10px\" aria-hidden=\"true\" class=\"wp-block-spacer\"><\/div>\n\n\n\n<p>Add excitement to your event with our interactive cocktail workshop! Ideal for corporate events, private parties and all kinds of gatherings. Our workshop offers a hands-on experience where guests can create their own delicious cocktails under the guidance of our professional mixologists.<\/p>\n\n\n\n<div style=\"height:10px\" aria-hidden=\"true\" class=\"wp-block-spacer\"><\/div>\n\n\n\n<p><strong>What we offer:<\/strong><\/p>\n\n\n\n<ul class=\"wp-block-list\">\n<li style=\"font-size:clamp(0.875rem, 0.875rem + ((1vw - 0.2rem) * 0.508), 1.25rem);\">Interactive cocktail making: our experienced mixologists guide you through the process of making different cocktails. From classic blends to modern concoctions, you'll learn the techniques and secrets to making the perfect drink.<\/li>\n\n\n\n<li style=\"font-size:clamp(0.875rem, 0.875rem + ((1vw - 0.2rem) * 0.508), 1.25rem);\">Comprehensive Setup: We are fully stocked with all the necessary tools, ingredients and a curated selection of spirits. Everything you need to create a cocktail selection is available, ensuring a hassle-free experience for you and your guests.<\/li>\n\n\n\n<li style=\"font-size:clamp(0.875rem, 0.875rem + ((1vw - 0.2rem) * 0.508), 1.25rem);\">Educational experience: In addition to mixing drinks, our workshop includes fascinating stories about the origin and history of the cocktails being made. Discover the rich background and cultural significance of each drink, making this more than just a workshop, but an entertaining and educational activity.<\/li>\n\n\n\n<li style=\"font-size:clamp(0.875rem, 0.875rem + ((1vw - 0.2rem) * 0.508), 1.25rem);\">Personalized Service: Whether you have a specific theme or cocktail preference, we tailor the experience to your needs. Our team will work with you to customize the menu and format to match the mood of your event.<\/li>\n<\/ul>\n\n\n\n<div style=\"height:10px\" aria-hidden=\"true\" class=\"wp-block-spacer\"><\/div>\n\n\n\n<p><strong>Why choose our cocktail workshop?<\/strong><\/p>\n\n\n\n<ul class=\"wp-block-list\">\n<li style=\"font-size:clamp(0.875rem, 0.875rem + ((1vw - 0.2rem) * 0.508), 1.25rem);\">Professional instruction: Learn from experienced mixologists who bring with them a wealth of knowledge and passion for cocktails.<\/li>\n\n\n\n<li style=\"font-size:clamp(0.875rem, 0.875rem + ((1vw - 0.2rem) * 0.508), 1.25rem);\">Engaging and fun: Our workshop is designed to be interactive and enjoyable, ensuring your guests have a great time learning new skills.<\/li>\n\n\n\n<li style=\"font-size:clamp(0.875rem, 0.875rem + ((1vw - 0.2rem) * 0.508), 1.25rem);\">Versatile and Adaptable: Our workshop is suitable for any occasion, it can be adapted to suit corporate teamwork events, private celebrations and everything in between.<\/li>\n\n\n\n<li style=\"font-size:clamp(0.875rem, 0.875rem + ((1vw - 0.2rem) * 0.508), 1.25rem);\">All-In-One Setup: We handle all the details, bringing everything you need for a smooth and enjoyable cocktail-making experience.<\/li>\n<\/ul>\n\n\n\n<div style=\"height:10px\" aria-hidden=\"true\" class=\"wp-block-spacer\"><\/div>\n\n\n\n<p><strong>Book your cocktail workshop today!<\/strong><\/p>\n\n\n\n<p>Make your next event an unforgettable experience with our cocktail workshop. Perfect for groups of all sizes, our workshop promises to be a hit with your guests, combining education, entertainment and, of course, delicious cocktails. Contact us now to discuss your event and book the date.<\/p>\n<\/div>\n<\/div>","protected":false},"excerpt":{"rendered":"<p>Kokteilide t\u00f6\u00f6tuba Loksutage, segage ja r\u00fc\u00fcbake: vabastage oma sisemine miksoloog meie kokteilide t\u00f6\u00f6toaga. Lisage oma \u00fcritusele p\u00f5nevust meie interaktiivse kokteilide t\u00f6\u00f6toaga! Ideaalne korporatiiv\u00fcritusteks, erapidudeks ja igasugusteks koosviibimisteks. Meie t\u00f6\u00f6tuba pakub praktilist kogemust, kus k\u00fclalised saavad meie professionaalsete miksoloogide juhendamisel oma maitsvaid kokteile valmistada. Mida me pakume: Miks valida meie kokteilide t\u00f6\u00f6tuba? Broneerige oma kokteilide t\u00f6\u00f6tuba [&hellip;]<\/p>","protected":false},"author":1,"featured_media":0,"parent":0,"menu_order":0,"comment_status":"open","ping_status":"closed","template":"page-no-title","meta":{"pgc_meta":"","footnotes":""},"class_list":["post-1506","page","type-page","status-publish","hentry"],"pgc_meta":"","yoast_head":"<!-- This site is optimized with the Yoast SEO plugin v23.0 - https:\/\/yoast.com\/wordpress\/plugins\/seo\/ -->\n<title>KOKTEILIDE T\u00d6\u00d6TUBA - Fiestonia<\/title>\n<meta name=\"robots\" content=\"index, follow, max-snippet:-1, max-image-preview:large, max-video-preview:-1\" \/>\n<link rel=\"canonical\" href=\"https:\/\/fiestonia.ee\/en\/kokteilide-tootuba\/\" \/>\n<meta property=\"og:locale\" content=\"en_US\" \/>\n<meta property=\"og:type\" content=\"article\" \/>\n<meta property=\"og:title\" content=\"KOKTEILIDE T\u00d6\u00d6TUBA - Fiestonia\" \/>\n<meta property=\"og:description\" content=\"Kokteilide t\u00f6\u00f6tuba Loksutage, segage ja r\u00fc\u00fcbake: vabastage oma sisemine miksoloog meie kokteilide t\u00f6\u00f6toaga. Lisage oma \u00fcritusele p\u00f5nevust meie interaktiivse kokteilide t\u00f6\u00f6toaga! Ideaalne korporatiiv\u00fcritusteks, erapidudeks ja igasugusteks koosviibimisteks. Meie t\u00f6\u00f6tuba pakub praktilist kogemust, kus k\u00fclalised saavad meie professionaalsete miksoloogide juhendamisel oma maitsvaid kokteile valmistada. Mida me pakume: Miks valida meie kokteilide t\u00f6\u00f6tuba? Broneerige oma kokteilide t\u00f6\u00f6tuba [&hellip;]\" \/>\n<meta property=\"og:url\" content=\"https:\/\/fiestonia.ee\/en\/kokteilide-tootuba\/\" \/>\n<meta property=\"og:site_name\" content=\"Fiestonia\" \/>\n<meta property=\"article:modified_time\" content=\"2024-09-02T18:59:03+00:00\" \/>\n<meta name=\"twitter:card\" content=\"summary_large_image\" \/>\n<meta name=\"twitter:label1\" content=\"Est. reading time\" \/>\n\t<meta name=\"twitter:data1\" content=\"2 minutes\" \/>\n<script type=\"application\/ld+json\" class=\"yoast-schema-graph\">{\"@context\":\"https:\/\/schema.org\",\"@graph\":[{\"@type\":\"WebPage\",\"@id\":\"https:\/\/fiestonia.ee\/kokteilide-tootuba\/\",\"url\":\"https:\/\/fiestonia.ee\/kokteilide-tootuba\/\",\"name\":\"KOKTEILIDE T\u00d6\u00d6TUBA - Fiestonia\",\"isPartOf\":{\"@id\":\"https:\/\/fiestonia.ee\/et\/#website\"},\"datePublished\":\"2024-08-08T19:44:27+00:00\",\"dateModified\":\"2024-09-02T18:59:03+00:00\",\"breadcrumb\":{\"@id\":\"https:\/\/fiestonia.ee\/kokteilide-tootuba\/#breadcrumb\"},\"inLanguage\":\"en-US\",\"potentialAction\":[{\"@type\":\"ReadAction\",\"target\":[\"https:\/\/fiestonia.ee\/kokteilide-tootuba\/\"]}]},{\"@type\":\"BreadcrumbList\",\"@id\":\"https:\/\/fiestonia.ee\/kokteilide-tootuba\/#breadcrumb\",\"itemListElement\":[{\"@type\":\"ListItem\",\"position\":1,\"name\":\"Home\",\"item\":\"https:\/\/fiestonia.ee\/et\/\"},{\"@type\":\"ListItem\",\"position\":2,\"name\":\"KOKTEILIDE T\u00d6\u00d6TUBA\"}]},{\"@type\":\"WebSite\",\"@id\":\"https:\/\/fiestonia.ee\/et\/#website\",\"url\":\"https:\/\/fiestonia.ee\/et\/\",\"name\":\"VATSLA LILLED\",\"description\":\"Fiesta Estonia\",\"publisher\":{\"@id\":\"https:\/\/fiestonia.ee\/et\/#organization\"},\"potentialAction\":[{\"@type\":\"SearchAction\",\"target\":{\"@type\":\"EntryPoint\",\"urlTemplate\":\"https:\/\/fiestonia.ee\/et\/?s={search_term_string}\"},\"query-input\":\"required name=search_term_string\"}],\"inLanguage\":\"en-US\"},{\"@type\":\"Organization\",\"@id\":\"https:\/\/fiestonia.ee\/et\/#organization\",\"name\":\"VATSLA LILLED\",\"url\":\"https:\/\/fiestonia.ee\/et\/\",\"logo\":{\"@type\":\"ImageObject\",\"inLanguage\":\"en-US\",\"@id\":\"https:\/\/fiestonia.ee\/et\/#\/schema\/logo\/image\/\",\"url\":\"http:\/\/www.vatslalilled.ee\/wp-content\/uploads\/2024\/04\/cropped-Screenshot-2024-04-06-205209.png\",\"contentUrl\":\"http:\/\/www.vatslalilled.ee\/wp-content\/uploads\/2024\/04\/cropped-Screenshot-2024-04-06-205209.png\",\"width\":512,\"height\":512,\"caption\":\"VATSLA LILLED\"},\"image\":{\"@id\":\"https:\/\/fiestonia.ee\/et\/#\/schema\/logo\/image\/\"}}]}<\/script>\n<!-- \/ Yoast SEO plugin. -->","yoast_head_json":{"title":"KOKTEILIDE T\u00d6\u00d6TUBA - Fiestonia","robots":{"index":"index","follow":"follow","max-snippet":"max-snippet:-1","max-image-preview":"max-image-preview:large","max-video-preview":"max-video-preview:-1"},"canonical":"https:\/\/fiestonia.ee\/en\/kokteilide-tootuba\/","og_locale":"en_US","og_type":"article","og_title":"KOKTEILIDE T\u00d6\u00d6TUBA - Fiestonia","og_description":"Kokteilide t\u00f6\u00f6tuba Loksutage, segage ja r\u00fc\u00fcbake: vabastage oma sisemine miksoloog meie kokteilide t\u00f6\u00f6toaga. Lisage oma \u00fcritusele p\u00f5nevust meie interaktiivse kokteilide t\u00f6\u00f6toaga! Ideaalne korporatiiv\u00fcritusteks, erapidudeks ja igasugusteks koosviibimisteks. Meie t\u00f6\u00f6tuba pakub praktilist kogemust, kus k\u00fclalised saavad meie professionaalsete miksoloogide juhendamisel oma maitsvaid kokteile valmistada. Mida me pakume: Miks valida meie kokteilide t\u00f6\u00f6tuba? Broneerige oma kokteilide t\u00f6\u00f6tuba [&hellip;]","og_url":"https:\/\/fiestonia.ee\/en\/kokteilide-tootuba\/","og_site_name":"Fiestonia","article_modified_time":"2024-09-02T18:59:03+00:00","twitter_card":"summary_large_image","twitter_misc":{"Est. reading time":"2 minutes"},"schema":{"@context":"https:\/\/schema.org","@graph":[{"@type":"WebPage","@id":"https:\/\/fiestonia.ee\/kokteilide-tootuba\/","url":"https:\/\/fiestonia.ee\/kokteilide-tootuba\/","name":"KOKTEILIDE T\u00d6\u00d6TUBA - Fiestonia","isPartOf":{"@id":"https:\/\/fiestonia.ee\/et\/#website"},"datePublished":"2024-08-08T19:44:27+00:00","dateModified":"2024-09-02T18:59:03+00:00","breadcrumb":{"@id":"https:\/\/fiestonia.ee\/kokteilide-tootuba\/#breadcrumb"},"inLanguage":"en-US","potentialAction":[{"@type":"ReadAction","target":["https:\/\/fiestonia.ee\/kokteilide-tootuba\/"]}]},{"@type":"BreadcrumbList","@id":"https:\/\/fiestonia.ee\/kokteilide-tootuba\/#breadcrumb","itemListElement":[{"@type":"ListItem","position":1,"name":"Home","item":"https:\/\/fiestonia.ee\/et\/"},{"@type":"ListItem","position":2,"name":"KOKTEILIDE T\u00d6\u00d6TUBA"}]},{"@type":"WebSite","@id":"https:\/\/fiestonia.ee\/et\/#website","url":"https:\/\/fiestonia.ee\/et\/","name":"VATSLA LILLED","description":"Fiesta Estonia","publisher":{"@id":"https:\/\/fiestonia.ee\/et\/#organization"},"potentialAction":[{"@type":"SearchAction","target":{"@type":"EntryPoint","urlTemplate":"https:\/\/fiestonia.ee\/et\/?s={search_term_string}"},"query-input":"required name=search_term_string"}],"inLanguage":"en-US"},{"@type":"Organization","@id":"https:\/\/fiestonia.ee\/et\/#organization","name":"VATSLA LILLED","url":"https:\/\/fiestonia.ee\/et\/","logo":{"@type":"ImageObject","inLanguage":"en-US","@id":"https:\/\/fiestonia.ee\/et\/#\/schema\/logo\/image\/","url":"http:\/\/www.vatslalilled.ee\/wp-content\/uploads\/2024\/04\/cropped-Screenshot-2024-04-06-205209.png","contentUrl":"http:\/\/www.vatslalilled.ee\/wp-content\/uploads\/2024\/04\/cropped-Screenshot-2024-04-06-205209.png","width":512,"height":512,"caption":"VATSLA LILLED"},"image":{"@id":"https:\/\/fiestonia.ee\/et\/#\/schema\/logo\/image\/"}}]}},"amp_enabled":true,"_links":{"self":[{"href":"https:\/\/fiestonia.ee\/en\/wp-json\/wp\/v2\/pages\/1506","targetHints":{"allow":["GET"]}}],"collection":[{"href":"https:\/\/fiestonia.ee\/en\/wp-json\/wp\/v2\/pages"}],"about":[{"href":"https:\/\/fiestonia.ee\/en\/wp-json\/wp\/v2\/types\/page"}],"author":[{"embeddable":true,"href":"https:\/\/fiestonia.ee\/en\/wp-json\/wp\/v2\/users\/1"}],"replies":[{"embeddable":true,"href":"https:\/\/fiestonia.ee\/en\/wp-json\/wp\/v2\/comments?post=1506"}],"version-history":[{"count":5,"href":"https:\/\/fiestonia.ee\/en\/wp-json\/wp\/v2\/pages\/1506\/revisions"}],"predecessor-version":[{"id":1859,"href":"https:\/\/fiestonia.ee\/en\/wp-json\/wp\/v2\/pages\/1506\/revisions\/1859"}],"wp:attachment":[{"href":"https:\/\/fiestonia.ee\/en\/wp-json\/wp\/v2\/media?parent=1506"}],"curies":[{"name":"wp","href":"https:\/\/api.w.org\/{rel}","templated":true}]}}