{"id":1518,"date":"2024-08-08T22:53:53","date_gmt":"2024-08-08T19:53:53","guid":{"rendered":"http:\/\/www.vatslalilled.ee\/?page_id=1518"},"modified":"2024-09-02T21:58:23","modified_gmt":"2024-09-02T18:58:23","slug":"latiino-tantsutunnid","status":"publish","type":"page","link":"https:\/\/fiestonia.ee\/en\/latiino-tantsutunnid\/","title":{"rendered":"LATIN DANCE LESSONS"},"content":{"rendered":"<div class=\"wp-block-columns is-layout-flex wp-container-core-columns-is-layout-dbfacf25 wp-block-columns-is-layout-flex\" style=\"margin-top:var(--wp--preset--spacing--40);margin-bottom:var(--wp--preset--spacing--40)\">\n<div class=\"wp-block-column is-layout-flow wp-block-column-is-layout-flow\" style=\"flex-basis:33.33%\"><nav class=\"is-responsive  is-vertical wp-block-navigation is-layout-flex wp-container-core-navigation-is-layout-fe9cc265 wp-block-navigation-is-layout-flex\" aria-label=\"Services\" \n\t\t data-wp-interactive=\"core\/navigation\" data-wp-context='{\"overlayOpenedBy\":{\"click\":false,\"hover\":false,\"focus\":false},\"type\":\"overlay\",\"roleAttribute\":\"\",\"ariaLabel\":\"Menu\"}'><button aria-haspopup=\"dialog\" aria-label=\"Open menu\" class=\"wp-block-navigation__responsive-container-open\" \n\t\t\t\tdata-wp-on--click=\"actions.openMenuOnClick\"\n\t\t\t\tdata-wp-on--keydown=\"actions.handleMenuKeydown\"\n\t\t\t><svg width=\"24\" height=\"24\" xmlns=\"http:\/\/www.w3.org\/2000\/svg\" viewbox=\"0 0 24 24\" aria-hidden=\"true\" focusable=\"false\"><path d=\"M4 7.5h16v1.5H4z\"><\/path><path d=\"M4 15h16v1.5H4z\"><\/path><\/svg><\/button>\n\t\t\t\t<div class=\"wp-block-navigation__responsive-container\"  id=\"modal-1\" \n\t\t\t\tdata-wp-class--has-modal-open=\"state.isMenuOpen\"\n\t\t\t\tdata-wp-class--is-menu-open=\"state.isMenuOpen\"\n\t\t\t\tdata-wp-watch=\"callbacks.initMenu\"\n\t\t\t\tdata-wp-on--keydown=\"actions.handleMenuKeydown\"\n\t\t\t\tdata-wp-on--focusout=\"actions.handleMenuFocusout\"\n\t\t\t\ttabindex=\"-1\"\n\t\t\t>\n\t\t\t\t\t<div class=\"wp-block-navigation__responsive-close\" tabindex=\"-1\">\n\t\t\t\t\t\t<div class=\"wp-block-navigation__responsive-dialog\" \n\t\t\t\tdata-wp-bind--aria-modal=\"state.ariaModal\"\n\t\t\t\tdata-wp-bind--aria-label=\"state.ariaLabel\"\n\t\t\t\tdata-wp-bind--role=\"state.roleAttribute\"\n\t\t\t>\n\t\t\t\t\t\t\t<button aria-label=\"Close menu\" class=\"wp-block-navigation__responsive-container-close\" \n\t\t\t\tdata-wp-on--click=\"actions.closeMenuOnClick\"\n\t\t\t><svg xmlns=\"http:\/\/www.w3.org\/2000\/svg\" viewbox=\"0 0 24 24\" width=\"24\" height=\"24\" aria-hidden=\"true\" focusable=\"false\"><path d=\"m13.06 12 6.47-6.47-1.06-1.06L12 10.94 5.53 4.47 4.47 5.53 10.94 12l-6.47 6.47 1.06 1.06L12 13.06l6.47 6.47 1.06-1.06L13.06 12Z\"><\/path><\/svg><\/button>\n\t\t\t\t\t\t\t<div class=\"wp-block-navigation__responsive-container-content\" \n\t\t\t\tdata-wp-watch=\"callbacks.focusFirstElement\"\n\t\t\t id=\"modal-1-content\">\n\t\t\t\t\t\t\t\t<ul class=\"wp-block-navigation__container is-responsive  is-vertical wp-block-navigation\"><li class=\"wp-block-navigation-item wp-block-navigation-link\"><a class=\"wp-block-navigation-item__content\"  href=\"https:\/\/fiestonia.ee\/en\/kokteilibaar\/\"><span class=\"wp-block-navigation-item__label\">COCKTAIL BAR<\/span><\/a><\/li><li class=\"wp-block-navigation-item wp-block-navigation-link\"><a class=\"wp-block-navigation-item__content\"  href=\"https:\/\/fiestonia.ee\/en\/dj-teenus\/\"><span class=\"wp-block-navigation-item__label\">DJ SERVICE<\/span><\/a><\/li><li class=\"wp-block-navigation-item wp-block-navigation-link\"><a class=\"wp-block-navigation-item__content\"  href=\"https:\/\/fiestonia.ee\/en\/kokteilide-tootuba\/\"><span class=\"wp-block-navigation-item__label\">COCKTAIL WORKSHOP<\/span><\/a><\/li><li class=\"wp-block-navigation-item wp-block-navigation-link\"><a class=\"wp-block-navigation-item__content\"  href=\"https:\/\/fiestonia.ee\/en\/latiino-tantsutunnid\/\"><span class=\"wp-block-navigation-item__label\">LATIN DANCE LESSONS<\/span><\/a><\/li><li class=\"wp-block-navigation-item wp-block-navigation-link\"><a class=\"wp-block-navigation-item__content\"  href=\"https:\/\/fiestonia.ee\/en\/kuuba-sigarride-rullimise-tootuba\/\"><span class=\"wp-block-navigation-item__label\">CUBAN CIGAR ROLLING WORKSHOP<\/span><\/a><\/li><\/ul>\n\t\t\t\t\t\t\t<\/div>\n\t\t\t\t\t\t<\/div>\n\t\t\t\t\t<\/div>\n\t\t\t\t<\/div><\/nav><\/div>\n\n\n\n<div class=\"wp-block-column is-vertically-aligned-top is-layout-flow wp-block-column-is-layout-flow\" style=\"flex-basis:66.66%\">\n<h2 class=\"wp-block-heading\">Latin dance lessons<\/h2>\n\n\n\n<div style=\"height:5px\" aria-hidden=\"true\" class=\"wp-block-spacer\"><\/div>\n\n\n\n<p class=\"has-text-align-left\"><strong>Spice up your event with Latin dance lessons.<\/strong><\/p>\n\n\n\n<div style=\"height:10px\" aria-hidden=\"true\" class=\"wp-block-spacer\"><\/div>\n\n\n\n<p>Bring the rhythm and excitement of Latin dances to your event with our immersive dance lessons. A great choice for parties, corporate events and private gatherings, our Latin dance classes will get everyone moving, laughing and having a good time together.<\/p>\n\n\n\n<div style=\"height:10px\" aria-hidden=\"true\" class=\"wp-block-spacer\"><\/div>\n\n\n\n<p><strong>What we offer:<\/strong><\/p>\n\n\n\n<ul class=\"wp-block-list\">\n<li style=\"font-size:clamp(0.875rem, 0.875rem + ((1vw - 0.2rem) * 0.508), 1.25rem);\">Different Dance Styles: Our expert teachers will guide you through the basic steps of different Latin dances, including:\n<ul class=\"wp-block-list\">\n<li>Salsa: Feel the heat with this popular and energetic dance.<\/li>\n\n\n\n<li>Bachata: Enjoy the smooth and sensual movements of this romantic dance.<\/li>\n\n\n\n<li>Merengue: Get the party started with the lively and fast-paced beats of Merengue.<\/li>\n\n\n\n<li>Reggaeton: Move to the urban and dynamic rhythms of reggaeton.<\/li>\n\n\n\n<li>Lambada: Experience the tropical vibe of Lambada, known for its flowing and sensual style.<\/li>\n<\/ul>\n<\/li>\n\n\n\n<li style=\"font-size:clamp(0.875rem, 0.875rem + ((1vw - 0.2rem) * 0.508), 1.25rem);\">Simple and accessible: our classes are for everyone, regardless of their dance experience. The steps are simple and easy to follow, ensuring everyone can join and enjoy the fun.<\/li>\n\n\n\n<li style=\"font-size:clamp(0.875rem, 0.875rem + ((1vw - 0.2rem) * 0.508), 1.25rem);\">Interactive and fun: Not only will you learn the dance steps, but our instructors will also give a brief introduction to each dance style, sharing its history and cultural significance. This makes the lessons both entertaining and educational.<\/li>\n\n\n\n<li style=\"font-size:clamp(0.875rem, 0.875rem + ((1vw - 0.2rem) * 0.508), 1.25rem);\">Party-Ready Skills: Learned steps can be immediately applied on the dance floor, allowing your guests to show off their new moves and keep the party alive.<\/li>\n<\/ul>\n\n\n\n<div style=\"height:10px\" aria-hidden=\"true\" class=\"wp-block-spacer\"><\/div>\n\n\n\n<p><strong>Why choose our Latin dance lessons?<\/strong><\/p>\n\n\n\n<ul class=\"wp-block-list\">\n<li style=\"font-size:clamp(0.875rem, 0.875rem + ((1vw - 0.2rem) * 0.481), 1.23rem);\">Experienced Instructors: Learn from skilled dance instructors who bring passion and expertise to every lesson.<\/li>\n\n\n\n<li style=\"font-size:clamp(0.875rem, 0.875rem + ((1vw - 0.2rem) * 0.508), 1.25rem);\">Engaging Atmosphere: Our classes are designed to be interactive and fun, creating a joyful and inclusive environment for all participants.<\/li>\n\n\n\n<li style=\"font-size:clamp(0.875rem, 0.875rem + ((1vw - 0.2rem) * 0.508), 1.25rem);\">Versatile entertainment: suitable for all types of events, our dance classes can be tailored to your needs and preferences.<\/li>\n\n\n\n<li style=\"font-size:clamp(0.875rem, 0.875rem + ((1vw - 0.2rem) * 0.508), 1.25rem);\">A memorable experience: our lessons entertain and bring people together, creating shared moments of happiness and celebration.<\/li>\n<\/ul>\n\n\n\n<div style=\"height:10px\" aria-hidden=\"true\" class=\"wp-block-spacer\"><\/div>\n\n\n\n<p><strong>Book a Latin dance lesson today!<\/strong><\/p>\n\n\n\n<p>Make your next event unforgettable with our Latin dance lessons. Perfect for any occasion, our classes will bring energy, fun and a touch of Latin flair to your celebration. Contact us now to book the date and let the dancing begin!<\/p>\n<\/div>\n<\/div>","protected":false},"excerpt":{"rendered":"<p>Latiino tantsutunnid V\u00fcrtsitage oma \u00fcritust ladina tantsutundidega. Tooge ladina tantsude r\u00fctm ja elevus oma \u00fcritusele meie kaasahaarava tantsutundidega. Suurep\u00e4rane valik pidudeks, korporatiiv\u00fcritusteks ja erakogunemisteks, meie ladina tantsutunnid panevad k\u00f5ik liikuma, naerma ja koos m\u00f5nusalt aega veetma. Mida me pakume: Miks valida meie latiino tantsutunnid? Broneerige latiino tantsutund juba t\u00e4na! Muutke oma j\u00e4rgmine \u00fcritus unustamatuks meie [&hellip;]<\/p>","protected":false},"author":1,"featured_media":0,"parent":0,"menu_order":0,"comment_status":"open","ping_status":"closed","template":"page-no-title","meta":{"pgc_meta":"","footnotes":""},"class_list":["post-1518","page","type-page","status-publish","hentry"],"pgc_meta":"","yoast_head":"<!-- This site is optimized with the Yoast SEO plugin v23.0 - https:\/\/yoast.com\/wordpress\/plugins\/seo\/ -->\n<title>LATIINO TANTSUTUNNID - Fiestonia<\/title>\n<meta name=\"robots\" content=\"index, follow, max-snippet:-1, max-image-preview:large, max-video-preview:-1\" \/>\n<link rel=\"canonical\" href=\"https:\/\/fiestonia.ee\/en\/latiino-tantsutunnid\/\" \/>\n<meta property=\"og:locale\" content=\"en_US\" \/>\n<meta property=\"og:type\" content=\"article\" \/>\n<meta property=\"og:title\" content=\"LATIINO TANTSUTUNNID - Fiestonia\" \/>\n<meta property=\"og:description\" content=\"Latiino tantsutunnid V\u00fcrtsitage oma \u00fcritust ladina tantsutundidega. Tooge ladina tantsude r\u00fctm ja elevus oma \u00fcritusele meie kaasahaarava tantsutundidega. Suurep\u00e4rane valik pidudeks, korporatiiv\u00fcritusteks ja erakogunemisteks, meie ladina tantsutunnid panevad k\u00f5ik liikuma, naerma ja koos m\u00f5nusalt aega veetma. Mida me pakume: Miks valida meie latiino tantsutunnid? Broneerige latiino tantsutund juba t\u00e4na! Muutke oma j\u00e4rgmine \u00fcritus unustamatuks meie [&hellip;]\" \/>\n<meta property=\"og:url\" content=\"https:\/\/fiestonia.ee\/en\/latiino-tantsutunnid\/\" \/>\n<meta property=\"og:site_name\" content=\"Fiestonia\" \/>\n<meta property=\"article:modified_time\" content=\"2024-09-02T18:58:23+00:00\" \/>\n<meta name=\"twitter:card\" content=\"summary_large_image\" \/>\n<meta name=\"twitter:label1\" content=\"Est. reading time\" \/>\n\t<meta name=\"twitter:data1\" content=\"2 minutes\" \/>\n<script type=\"application\/ld+json\" class=\"yoast-schema-graph\">{\"@context\":\"https:\/\/schema.org\",\"@graph\":[{\"@type\":\"WebPage\",\"@id\":\"https:\/\/fiestonia.ee\/et\/latiino-tantsutunnid\/\",\"url\":\"https:\/\/fiestonia.ee\/et\/latiino-tantsutunnid\/\",\"name\":\"LATIINO TANTSUTUNNID - Fiestonia\",\"isPartOf\":{\"@id\":\"https:\/\/fiestonia.ee\/et\/#website\"},\"datePublished\":\"2024-08-08T19:53:53+00:00\",\"dateModified\":\"2024-09-02T18:58:23+00:00\",\"breadcrumb\":{\"@id\":\"https:\/\/fiestonia.ee\/et\/latiino-tantsutunnid\/#breadcrumb\"},\"inLanguage\":\"en-US\",\"potentialAction\":[{\"@type\":\"ReadAction\",\"target\":[\"https:\/\/fiestonia.ee\/et\/latiino-tantsutunnid\/\"]}]},{\"@type\":\"BreadcrumbList\",\"@id\":\"https:\/\/fiestonia.ee\/et\/latiino-tantsutunnid\/#breadcrumb\",\"itemListElement\":[{\"@type\":\"ListItem\",\"position\":1,\"name\":\"Home\",\"item\":\"https:\/\/fiestonia.ee\/et\/\"},{\"@type\":\"ListItem\",\"position\":2,\"name\":\"LATIINO TANTSUTUNNID\"}]},{\"@type\":\"WebSite\",\"@id\":\"https:\/\/fiestonia.ee\/et\/#website\",\"url\":\"https:\/\/fiestonia.ee\/et\/\",\"name\":\"VATSLA LILLED\",\"description\":\"Fiesta Estonia\",\"publisher\":{\"@id\":\"https:\/\/fiestonia.ee\/et\/#organization\"},\"potentialAction\":[{\"@type\":\"SearchAction\",\"target\":{\"@type\":\"EntryPoint\",\"urlTemplate\":\"https:\/\/fiestonia.ee\/et\/?s={search_term_string}\"},\"query-input\":\"required name=search_term_string\"}],\"inLanguage\":\"en-US\"},{\"@type\":\"Organization\",\"@id\":\"https:\/\/fiestonia.ee\/et\/#organization\",\"name\":\"VATSLA LILLED\",\"url\":\"https:\/\/fiestonia.ee\/et\/\",\"logo\":{\"@type\":\"ImageObject\",\"inLanguage\":\"en-US\",\"@id\":\"https:\/\/fiestonia.ee\/et\/#\/schema\/logo\/image\/\",\"url\":\"http:\/\/www.vatslalilled.ee\/wp-content\/uploads\/2024\/04\/cropped-Screenshot-2024-04-06-205209.png\",\"contentUrl\":\"http:\/\/www.vatslalilled.ee\/wp-content\/uploads\/2024\/04\/cropped-Screenshot-2024-04-06-205209.png\",\"width\":512,\"height\":512,\"caption\":\"VATSLA LILLED\"},\"image\":{\"@id\":\"https:\/\/fiestonia.ee\/et\/#\/schema\/logo\/image\/\"}}]}<\/script>\n<!-- \/ Yoast SEO plugin. -->","yoast_head_json":{"title":"LATIINO TANTSUTUNNID - Fiestonia","robots":{"index":"index","follow":"follow","max-snippet":"max-snippet:-1","max-image-preview":"max-image-preview:large","max-video-preview":"max-video-preview:-1"},"canonical":"https:\/\/fiestonia.ee\/en\/latiino-tantsutunnid\/","og_locale":"en_US","og_type":"article","og_title":"LATIINO TANTSUTUNNID - Fiestonia","og_description":"Latiino tantsutunnid V\u00fcrtsitage oma \u00fcritust ladina tantsutundidega. Tooge ladina tantsude r\u00fctm ja elevus oma \u00fcritusele meie kaasahaarava tantsutundidega. Suurep\u00e4rane valik pidudeks, korporatiiv\u00fcritusteks ja erakogunemisteks, meie ladina tantsutunnid panevad k\u00f5ik liikuma, naerma ja koos m\u00f5nusalt aega veetma. Mida me pakume: Miks valida meie latiino tantsutunnid? Broneerige latiino tantsutund juba t\u00e4na! Muutke oma j\u00e4rgmine \u00fcritus unustamatuks meie [&hellip;]","og_url":"https:\/\/fiestonia.ee\/en\/latiino-tantsutunnid\/","og_site_name":"Fiestonia","article_modified_time":"2024-09-02T18:58:23+00:00","twitter_card":"summary_large_image","twitter_misc":{"Est. reading time":"2 minutes"},"schema":{"@context":"https:\/\/schema.org","@graph":[{"@type":"WebPage","@id":"https:\/\/fiestonia.ee\/et\/latiino-tantsutunnid\/","url":"https:\/\/fiestonia.ee\/et\/latiino-tantsutunnid\/","name":"LATIINO TANTSUTUNNID - Fiestonia","isPartOf":{"@id":"https:\/\/fiestonia.ee\/et\/#website"},"datePublished":"2024-08-08T19:53:53+00:00","dateModified":"2024-09-02T18:58:23+00:00","breadcrumb":{"@id":"https:\/\/fiestonia.ee\/et\/latiino-tantsutunnid\/#breadcrumb"},"inLanguage":"en-US","potentialAction":[{"@type":"ReadAction","target":["https:\/\/fiestonia.ee\/et\/latiino-tantsutunnid\/"]}]},{"@type":"BreadcrumbList","@id":"https:\/\/fiestonia.ee\/et\/latiino-tantsutunnid\/#breadcrumb","itemListElement":[{"@type":"ListItem","position":1,"name":"Home","item":"https:\/\/fiestonia.ee\/et\/"},{"@type":"ListItem","position":2,"name":"LATIINO TANTSUTUNNID"}]},{"@type":"WebSite","@id":"https:\/\/fiestonia.ee\/et\/#website","url":"https:\/\/fiestonia.ee\/et\/","name":"VATSLA LILLED","description":"Fiesta Estonia","publisher":{"@id":"https:\/\/fiestonia.ee\/et\/#organization"},"potentialAction":[{"@type":"SearchAction","target":{"@type":"EntryPoint","urlTemplate":"https:\/\/fiestonia.ee\/et\/?s={search_term_string}"},"query-input":"required name=search_term_string"}],"inLanguage":"en-US"},{"@type":"Organization","@id":"https:\/\/fiestonia.ee\/et\/#organization","name":"VATSLA LILLED","url":"https:\/\/fiestonia.ee\/et\/","logo":{"@type":"ImageObject","inLanguage":"en-US","@id":"https:\/\/fiestonia.ee\/et\/#\/schema\/logo\/image\/","url":"http:\/\/www.vatslalilled.ee\/wp-content\/uploads\/2024\/04\/cropped-Screenshot-2024-04-06-205209.png","contentUrl":"http:\/\/www.vatslalilled.ee\/wp-content\/uploads\/2024\/04\/cropped-Screenshot-2024-04-06-205209.png","width":512,"height":512,"caption":"VATSLA LILLED"},"image":{"@id":"https:\/\/fiestonia.ee\/et\/#\/schema\/logo\/image\/"}}]}},"amp_enabled":true,"_links":{"self":[{"href":"https:\/\/fiestonia.ee\/en\/wp-json\/wp\/v2\/pages\/1518","targetHints":{"allow":["GET"]}}],"collection":[{"href":"https:\/\/fiestonia.ee\/en\/wp-json\/wp\/v2\/pages"}],"about":[{"href":"https:\/\/fiestonia.ee\/en\/wp-json\/wp\/v2\/types\/page"}],"author":[{"embeddable":true,"href":"https:\/\/fiestonia.ee\/en\/wp-json\/wp\/v2\/users\/1"}],"replies":[{"embeddable":true,"href":"https:\/\/fiestonia.ee\/en\/wp-json\/wp\/v2\/comments?post=1518"}],"version-history":[{"count":5,"href":"https:\/\/fiestonia.ee\/en\/wp-json\/wp\/v2\/pages\/1518\/revisions"}],"predecessor-version":[{"id":1858,"href":"https:\/\/fiestonia.ee\/en\/wp-json\/wp\/v2\/pages\/1518\/revisions\/1858"}],"wp:attachment":[{"href":"https:\/\/fiestonia.ee\/en\/wp-json\/wp\/v2\/media?parent=1518"}],"curies":[{"name":"wp","href":"https:\/\/api.w.org\/{rel}","templated":true}]}}