{"id":1531,"date":"2024-08-08T23:00:22","date_gmt":"2024-08-08T20:00:22","guid":{"rendered":"http:\/\/www.vatslalilled.ee\/?page_id=1531"},"modified":"2024-09-02T21:57:26","modified_gmt":"2024-09-02T18:57:26","slug":"kuuba-sigarride-rullimise-tootuba","status":"publish","type":"page","link":"https:\/\/fiestonia.ee\/en\/kuuba-sigarride-rullimise-tootuba\/","title":{"rendered":"CUBAN CIGAR ROLLING WORKSHOP"},"content":{"rendered":"<div class=\"wp-block-columns is-layout-flex wp-container-core-columns-is-layout-dbfacf25 wp-block-columns-is-layout-flex\" style=\"margin-top:var(--wp--preset--spacing--40);margin-bottom:var(--wp--preset--spacing--40)\">\n<div class=\"wp-block-column is-layout-flow wp-block-column-is-layout-flow\" style=\"flex-basis:33.33%\"><nav class=\"is-responsive  is-vertical wp-block-navigation is-layout-flex wp-container-core-navigation-is-layout-fe9cc265 wp-block-navigation-is-layout-flex\" aria-label=\"Services\" \n\t\t data-wp-interactive=\"core\/navigation\" data-wp-context='{\"overlayOpenedBy\":{\"click\":false,\"hover\":false,\"focus\":false},\"type\":\"overlay\",\"roleAttribute\":\"\",\"ariaLabel\":\"Menu\"}'><button aria-haspopup=\"dialog\" aria-label=\"Open menu\" class=\"wp-block-navigation__responsive-container-open\" \n\t\t\t\tdata-wp-on--click=\"actions.openMenuOnClick\"\n\t\t\t\tdata-wp-on--keydown=\"actions.handleMenuKeydown\"\n\t\t\t><svg width=\"24\" height=\"24\" xmlns=\"http:\/\/www.w3.org\/2000\/svg\" viewbox=\"0 0 24 24\" aria-hidden=\"true\" focusable=\"false\"><path d=\"M4 7.5h16v1.5H4z\"><\/path><path d=\"M4 15h16v1.5H4z\"><\/path><\/svg><\/button>\n\t\t\t\t<div class=\"wp-block-navigation__responsive-container\"  id=\"modal-1\" \n\t\t\t\tdata-wp-class--has-modal-open=\"state.isMenuOpen\"\n\t\t\t\tdata-wp-class--is-menu-open=\"state.isMenuOpen\"\n\t\t\t\tdata-wp-watch=\"callbacks.initMenu\"\n\t\t\t\tdata-wp-on--keydown=\"actions.handleMenuKeydown\"\n\t\t\t\tdata-wp-on--focusout=\"actions.handleMenuFocusout\"\n\t\t\t\ttabindex=\"-1\"\n\t\t\t>\n\t\t\t\t\t<div class=\"wp-block-navigation__responsive-close\" tabindex=\"-1\">\n\t\t\t\t\t\t<div class=\"wp-block-navigation__responsive-dialog\" \n\t\t\t\tdata-wp-bind--aria-modal=\"state.ariaModal\"\n\t\t\t\tdata-wp-bind--aria-label=\"state.ariaLabel\"\n\t\t\t\tdata-wp-bind--role=\"state.roleAttribute\"\n\t\t\t>\n\t\t\t\t\t\t\t<button aria-label=\"Close menu\" class=\"wp-block-navigation__responsive-container-close\" \n\t\t\t\tdata-wp-on--click=\"actions.closeMenuOnClick\"\n\t\t\t><svg xmlns=\"http:\/\/www.w3.org\/2000\/svg\" viewbox=\"0 0 24 24\" width=\"24\" height=\"24\" aria-hidden=\"true\" focusable=\"false\"><path d=\"m13.06 12 6.47-6.47-1.06-1.06L12 10.94 5.53 4.47 4.47 5.53 10.94 12l-6.47 6.47 1.06 1.06L12 13.06l6.47 6.47 1.06-1.06L13.06 12Z\"><\/path><\/svg><\/button>\n\t\t\t\t\t\t\t<div class=\"wp-block-navigation__responsive-container-content\" \n\t\t\t\tdata-wp-watch=\"callbacks.focusFirstElement\"\n\t\t\t id=\"modal-1-content\">\n\t\t\t\t\t\t\t\t<ul class=\"wp-block-navigation__container is-responsive  is-vertical wp-block-navigation\"><li class=\"wp-block-navigation-item wp-block-navigation-link\"><a class=\"wp-block-navigation-item__content\"  href=\"https:\/\/fiestonia.ee\/en\/kokteilibaar\/\"><span class=\"wp-block-navigation-item__label\">COCKTAIL BAR<\/span><\/a><\/li><li class=\"wp-block-navigation-item wp-block-navigation-link\"><a class=\"wp-block-navigation-item__content\"  href=\"https:\/\/fiestonia.ee\/en\/dj-teenus\/\"><span class=\"wp-block-navigation-item__label\">DJ SERVICE<\/span><\/a><\/li><li class=\"wp-block-navigation-item wp-block-navigation-link\"><a class=\"wp-block-navigation-item__content\"  href=\"https:\/\/fiestonia.ee\/en\/kokteilide-tootuba\/\"><span class=\"wp-block-navigation-item__label\">COCKTAIL WORKSHOP<\/span><\/a><\/li><li class=\"wp-block-navigation-item wp-block-navigation-link\"><a class=\"wp-block-navigation-item__content\"  href=\"https:\/\/fiestonia.ee\/en\/latiino-tantsutunnid\/\"><span class=\"wp-block-navigation-item__label\">LATIN DANCE LESSONS<\/span><\/a><\/li><li class=\"wp-block-navigation-item wp-block-navigation-link\"><a class=\"wp-block-navigation-item__content\"  href=\"https:\/\/fiestonia.ee\/en\/kuuba-sigarride-rullimise-tootuba\/\"><span class=\"wp-block-navigation-item__label\">CUBAN CIGAR ROLLING WORKSHOP<\/span><\/a><\/li><\/ul>\n\t\t\t\t\t\t\t<\/div>\n\t\t\t\t\t\t<\/div>\n\t\t\t\t\t<\/div>\n\t\t\t\t<\/div><\/nav><\/div>\n\n\n\n<div class=\"wp-block-column is-vertically-aligned-top is-layout-flow wp-block-column-is-layout-flow\" style=\"flex-basis:66.66%\">\n<h2 class=\"wp-block-heading\">Cuban cigar rolling workshop<\/h2>\n\n\n\n<div style=\"height:5px\" aria-hidden=\"true\" class=\"wp-block-spacer\"><\/div>\n\n\n\n<p class=\"has-text-align-left\"><strong>Experience the art of Cuban cigar rolling<\/strong><\/p>\n\n\n\n<div style=\"height:10px\" aria-hidden=\"true\" class=\"wp-block-spacer\"><\/div>\n\n\n\n<p>Enter the world of premium Cuban cigars with our exclusive cigar rolling workshop. Whether you are a cigar aficionado or a curious novice, this hands-on experience offers a unique opportunity to learn the intricate art of cigar making from the masters.<\/p>\n\n\n\n<div style=\"height:10px\" aria-hidden=\"true\" class=\"wp-block-spacer\"><\/div>\n\n\n\n<p><strong>What you will learn:<\/strong><\/p>\n\n\n\n<ul class=\"wp-block-list\">\n<li style=\"font-size:clamp(0.875rem, 0.875rem + ((1vw - 0.2rem) * 0.508), 1.25rem);\">History and Tradition: Discover the rich history and cultural significance of Cuban cigars, a tradition that dates back centuries. Learn about the origins of this iconic craft and its influence on Cuban heritage.<\/li>\n\n\n\n<li style=\"font-size:clamp(0.875rem, 0.875rem + ((1vw - 0.2rem) * 0.508), 1.25rem);\">Tobacco Selection: Understand the different types of tobacco leaves used in cigar manufacturing. Our experts will guide you in selecting the perfect leaves, emphasizing the importance of each type in creating a well-balanced cigar.<\/li>\n\n\n\n<li style=\"font-size:clamp(0.875rem, 0.875rem + ((1vw - 0.2rem) * 0.508), 1.25rem);\">Rolling Techniques: Get hands-on training in the techniques used by cigar rolling masters. From assembly and binding to the application of the final wrapper, you'll learn every step of the process, ensuring your cigar is rolled to perfection.<\/li>\n\n\n\n<li style=\"font-size:clamp(0.875rem, 0.875rem + ((1vw - 0.2rem) * 0.508), 1.25rem);\">Tasting and Pairing: Experience the flavors and aromas of your freshly rolled cigar. Our workshop includes a tasting session where you will learn how to properly light, smoke and enjoy a cigar. We also provide tips on pairing cigars and drinks to enhance your experience.<\/li>\n<\/ul>\n\n\n\n<div style=\"height:10px\" aria-hidden=\"true\" class=\"wp-block-spacer\"><\/div>\n\n\n\n<p><strong>Why choose our workshop?<\/strong><\/p>\n\n\n\n<ul class=\"wp-block-list\">\n<li style=\"font-size:clamp(0.875rem, 0.875rem + ((1vw - 0.2rem) * 0.508), 1.25rem);\">Expert Instruction: Learn from experienced cigar rolling masters with years of experience and passion for their craft.<\/li>\n\n\n\n<li style=\"font-size:clamp(0.875rem, 0.875rem + ((1vw - 0.2rem) * 0.508), 1.25rem);\">An Authentic Experience: Our workshop is designed to immerse you in authentic Cuban cigar culture for an unforgettable experience.<\/li>\n\n\n\n<li style=\"font-size:clamp(0.875rem, 0.875rem + ((1vw - 0.2rem) * 0.508), 1.25rem);\">Perfect for all levels: Whether you're a beginner or an experienced smoker, our workshop is tailored to suit all skill levels.<\/li>\n<\/ul>\n\n\n\n<div style=\"height:10px\" aria-hidden=\"true\" class=\"wp-block-spacer\"><\/div>\n\n\n\n<p><strong>Reserve your spot today!<\/strong><\/p>\n\n\n\n<p>Join us on a journey into the world of Cuban cigars. Ideal for individuals, groups or corporate events, our workshop promises a memorable experience full of knowledge, skills and of course, exceptional cigars. Book your place now and become part of this timeless tradition.<\/p>\n<\/div>\n<\/div>","protected":false},"excerpt":{"rendered":"<p>Kuuba sigarirullimise t\u00f6\u00f6tuba Kogege Kuuba sigarirullimise kunsti Astuge esmaklassiliste Kuuba sigarite maailma meie eksklusiivse sigarirullimise t\u00f6\u00f6toaga. Olenemata sellest, kas olete sigarif\u00e4nn v\u00f5i uudishimulik algaja, pakub see praktiline kogemus ainulaadset v\u00f5imalust \u00f5ppida sigarite valmistamise keerulist kunsti meistritelt. Mida \u00f5pite: Miks valida meie t\u00f6\u00f6tuba? Broneerige oma koht juba t\u00e4na! Liituge meiega teekonnal Kuuba sigarite maailma. Ideaalne \u00fcksikisikutele, [&hellip;]<\/p>","protected":false},"author":1,"featured_media":0,"parent":0,"menu_order":0,"comment_status":"open","ping_status":"closed","template":"page-no-title","meta":{"pgc_meta":"","footnotes":""},"class_list":["post-1531","page","type-page","status-publish","hentry"],"pgc_meta":"","yoast_head":"<!-- This site is optimized with the Yoast SEO plugin v23.0 - https:\/\/yoast.com\/wordpress\/plugins\/seo\/ -->\n<title>KUUBA SIGARRIDE RULLIMISE T\u00d6\u00d6TUBA - Fiestonia<\/title>\n<meta name=\"robots\" content=\"index, follow, max-snippet:-1, max-image-preview:large, max-video-preview:-1\" \/>\n<link rel=\"canonical\" href=\"https:\/\/fiestonia.ee\/en\/kuuba-sigarride-rullimise-tootuba\/\" \/>\n<meta property=\"og:locale\" content=\"en_US\" \/>\n<meta property=\"og:type\" content=\"article\" \/>\n<meta property=\"og:title\" content=\"KUUBA SIGARRIDE RULLIMISE T\u00d6\u00d6TUBA - Fiestonia\" \/>\n<meta property=\"og:description\" content=\"Kuuba sigarirullimise t\u00f6\u00f6tuba Kogege Kuuba sigarirullimise kunsti Astuge esmaklassiliste Kuuba sigarite maailma meie eksklusiivse sigarirullimise t\u00f6\u00f6toaga. Olenemata sellest, kas olete sigarif\u00e4nn v\u00f5i uudishimulik algaja, pakub see praktiline kogemus ainulaadset v\u00f5imalust \u00f5ppida sigarite valmistamise keerulist kunsti meistritelt. Mida \u00f5pite: Miks valida meie t\u00f6\u00f6tuba? Broneerige oma koht juba t\u00e4na! Liituge meiega teekonnal Kuuba sigarite maailma. Ideaalne \u00fcksikisikutele, [&hellip;]\" \/>\n<meta property=\"og:url\" content=\"https:\/\/fiestonia.ee\/en\/kuuba-sigarride-rullimise-tootuba\/\" \/>\n<meta property=\"og:site_name\" content=\"Fiestonia\" \/>\n<meta property=\"article:modified_time\" content=\"2024-09-02T18:57:26+00:00\" \/>\n<meta name=\"twitter:card\" content=\"summary_large_image\" \/>\n<meta name=\"twitter:label1\" content=\"Est. reading time\" \/>\n\t<meta name=\"twitter:data1\" content=\"2 minutes\" \/>\n<script type=\"application\/ld+json\" class=\"yoast-schema-graph\">{\"@context\":\"https:\/\/schema.org\",\"@graph\":[{\"@type\":\"WebPage\",\"@id\":\"https:\/\/fiestonia.ee\/et\/kuuba-sigarride-rullimise-tootuba\/\",\"url\":\"https:\/\/fiestonia.ee\/et\/kuuba-sigarride-rullimise-tootuba\/\",\"name\":\"KUUBA SIGARRIDE RULLIMISE T\u00d6\u00d6TUBA - Fiestonia\",\"isPartOf\":{\"@id\":\"https:\/\/fiestonia.ee\/et\/#website\"},\"datePublished\":\"2024-08-08T20:00:22+00:00\",\"dateModified\":\"2024-09-02T18:57:26+00:00\",\"breadcrumb\":{\"@id\":\"https:\/\/fiestonia.ee\/et\/kuuba-sigarride-rullimise-tootuba\/#breadcrumb\"},\"inLanguage\":\"en-US\",\"potentialAction\":[{\"@type\":\"ReadAction\",\"target\":[\"https:\/\/fiestonia.ee\/et\/kuuba-sigarride-rullimise-tootuba\/\"]}]},{\"@type\":\"BreadcrumbList\",\"@id\":\"https:\/\/fiestonia.ee\/et\/kuuba-sigarride-rullimise-tootuba\/#breadcrumb\",\"itemListElement\":[{\"@type\":\"ListItem\",\"position\":1,\"name\":\"Home\",\"item\":\"https:\/\/fiestonia.ee\/et\/\"},{\"@type\":\"ListItem\",\"position\":2,\"name\":\"KUUBA SIGARRIDE RULLIMISE T\u00d6\u00d6TUBA\"}]},{\"@type\":\"WebSite\",\"@id\":\"https:\/\/fiestonia.ee\/et\/#website\",\"url\":\"https:\/\/fiestonia.ee\/et\/\",\"name\":\"VATSLA LILLED\",\"description\":\"Fiesta Estonia\",\"publisher\":{\"@id\":\"https:\/\/fiestonia.ee\/et\/#organization\"},\"potentialAction\":[{\"@type\":\"SearchAction\",\"target\":{\"@type\":\"EntryPoint\",\"urlTemplate\":\"https:\/\/fiestonia.ee\/et\/?s={search_term_string}\"},\"query-input\":\"required name=search_term_string\"}],\"inLanguage\":\"en-US\"},{\"@type\":\"Organization\",\"@id\":\"https:\/\/fiestonia.ee\/et\/#organization\",\"name\":\"VATSLA LILLED\",\"url\":\"https:\/\/fiestonia.ee\/et\/\",\"logo\":{\"@type\":\"ImageObject\",\"inLanguage\":\"en-US\",\"@id\":\"https:\/\/fiestonia.ee\/et\/#\/schema\/logo\/image\/\",\"url\":\"http:\/\/www.vatslalilled.ee\/wp-content\/uploads\/2024\/04\/cropped-Screenshot-2024-04-06-205209.png\",\"contentUrl\":\"http:\/\/www.vatslalilled.ee\/wp-content\/uploads\/2024\/04\/cropped-Screenshot-2024-04-06-205209.png\",\"width\":512,\"height\":512,\"caption\":\"VATSLA LILLED\"},\"image\":{\"@id\":\"https:\/\/fiestonia.ee\/et\/#\/schema\/logo\/image\/\"}}]}<\/script>\n<!-- \/ Yoast SEO plugin. -->","yoast_head_json":{"title":"KUUBA SIGARRIDE RULLIMISE T\u00d6\u00d6TUBA - Fiestonia","robots":{"index":"index","follow":"follow","max-snippet":"max-snippet:-1","max-image-preview":"max-image-preview:large","max-video-preview":"max-video-preview:-1"},"canonical":"https:\/\/fiestonia.ee\/en\/kuuba-sigarride-rullimise-tootuba\/","og_locale":"en_US","og_type":"article","og_title":"KUUBA SIGARRIDE RULLIMISE T\u00d6\u00d6TUBA - Fiestonia","og_description":"Kuuba sigarirullimise t\u00f6\u00f6tuba Kogege Kuuba sigarirullimise kunsti Astuge esmaklassiliste Kuuba sigarite maailma meie eksklusiivse sigarirullimise t\u00f6\u00f6toaga. Olenemata sellest, kas olete sigarif\u00e4nn v\u00f5i uudishimulik algaja, pakub see praktiline kogemus ainulaadset v\u00f5imalust \u00f5ppida sigarite valmistamise keerulist kunsti meistritelt. Mida \u00f5pite: Miks valida meie t\u00f6\u00f6tuba? Broneerige oma koht juba t\u00e4na! Liituge meiega teekonnal Kuuba sigarite maailma. Ideaalne \u00fcksikisikutele, [&hellip;]","og_url":"https:\/\/fiestonia.ee\/en\/kuuba-sigarride-rullimise-tootuba\/","og_site_name":"Fiestonia","article_modified_time":"2024-09-02T18:57:26+00:00","twitter_card":"summary_large_image","twitter_misc":{"Est. reading time":"2 minutes"},"schema":{"@context":"https:\/\/schema.org","@graph":[{"@type":"WebPage","@id":"https:\/\/fiestonia.ee\/et\/kuuba-sigarride-rullimise-tootuba\/","url":"https:\/\/fiestonia.ee\/et\/kuuba-sigarride-rullimise-tootuba\/","name":"KUUBA SIGARRIDE RULLIMISE T\u00d6\u00d6TUBA - Fiestonia","isPartOf":{"@id":"https:\/\/fiestonia.ee\/et\/#website"},"datePublished":"2024-08-08T20:00:22+00:00","dateModified":"2024-09-02T18:57:26+00:00","breadcrumb":{"@id":"https:\/\/fiestonia.ee\/et\/kuuba-sigarride-rullimise-tootuba\/#breadcrumb"},"inLanguage":"en-US","potentialAction":[{"@type":"ReadAction","target":["https:\/\/fiestonia.ee\/et\/kuuba-sigarride-rullimise-tootuba\/"]}]},{"@type":"BreadcrumbList","@id":"https:\/\/fiestonia.ee\/et\/kuuba-sigarride-rullimise-tootuba\/#breadcrumb","itemListElement":[{"@type":"ListItem","position":1,"name":"Home","item":"https:\/\/fiestonia.ee\/et\/"},{"@type":"ListItem","position":2,"name":"KUUBA SIGARRIDE RULLIMISE T\u00d6\u00d6TUBA"}]},{"@type":"WebSite","@id":"https:\/\/fiestonia.ee\/et\/#website","url":"https:\/\/fiestonia.ee\/et\/","name":"VATSLA LILLED","description":"Fiesta Estonia","publisher":{"@id":"https:\/\/fiestonia.ee\/et\/#organization"},"potentialAction":[{"@type":"SearchAction","target":{"@type":"EntryPoint","urlTemplate":"https:\/\/fiestonia.ee\/et\/?s={search_term_string}"},"query-input":"required name=search_term_string"}],"inLanguage":"en-US"},{"@type":"Organization","@id":"https:\/\/fiestonia.ee\/et\/#organization","name":"VATSLA LILLED","url":"https:\/\/fiestonia.ee\/et\/","logo":{"@type":"ImageObject","inLanguage":"en-US","@id":"https:\/\/fiestonia.ee\/et\/#\/schema\/logo\/image\/","url":"http:\/\/www.vatslalilled.ee\/wp-content\/uploads\/2024\/04\/cropped-Screenshot-2024-04-06-205209.png","contentUrl":"http:\/\/www.vatslalilled.ee\/wp-content\/uploads\/2024\/04\/cropped-Screenshot-2024-04-06-205209.png","width":512,"height":512,"caption":"VATSLA LILLED"},"image":{"@id":"https:\/\/fiestonia.ee\/et\/#\/schema\/logo\/image\/"}}]}},"amp_enabled":true,"_links":{"self":[{"href":"https:\/\/fiestonia.ee\/en\/wp-json\/wp\/v2\/pages\/1531","targetHints":{"allow":["GET"]}}],"collection":[{"href":"https:\/\/fiestonia.ee\/en\/wp-json\/wp\/v2\/pages"}],"about":[{"href":"https:\/\/fiestonia.ee\/en\/wp-json\/wp\/v2\/types\/page"}],"author":[{"embeddable":true,"href":"https:\/\/fiestonia.ee\/en\/wp-json\/wp\/v2\/users\/1"}],"replies":[{"embeddable":true,"href":"https:\/\/fiestonia.ee\/en\/wp-json\/wp\/v2\/comments?post=1531"}],"version-history":[{"count":5,"href":"https:\/\/fiestonia.ee\/en\/wp-json\/wp\/v2\/pages\/1531\/revisions"}],"predecessor-version":[{"id":1857,"href":"https:\/\/fiestonia.ee\/en\/wp-json\/wp\/v2\/pages\/1531\/revisions\/1857"}],"wp:attachment":[{"href":"https:\/\/fiestonia.ee\/en\/wp-json\/wp\/v2\/media?parent=1531"}],"curies":[{"name":"wp","href":"https:\/\/api.w.org\/{rel}","templated":true}]}}