{"id":313,"date":"2024-05-03T21:27:28","date_gmt":"2024-05-03T18:27:28","guid":{"rendered":"http:\/\/www.vatslalilled.ee\/?page_id=313"},"modified":"2024-06-05T23:19:31","modified_gmt":"2024-06-05T20:19:31","slug":"lillherned","status":"publish","type":"page","link":"https:\/\/fiestonia.ee\/en\/aed-ja-kodu\/lillherned\/","title":{"rendered":"Lillherned"},"content":{"rendered":"<pre class=\"wp-block-preformatted has-text-color has-link-color has-system-sans-serif-font-family wp-elements-1bd23d5263d9da10669aeea9e9cbfe6e\" style=\"color:#345c06;margin-top:var(--wp--preset--spacing--10);margin-bottom:var(--wp--preset--spacing--10);padding-top:0;padding-right:var(--wp--preset--spacing--10);padding-bottom:0;padding-left:var(--wp--preset--spacing--10);font-size:clamp(0.875rem, 0.875rem + ((1vw - 0.2rem) * 0.305), 1.1rem);font-style:normal;font-weight:600\">Mitmeaastased lillherned, tuntud ka kui Lathyrus latifolius, kaunistavad aedu aasta-aastalt oma \u00f5rna iluga. Nendel v\u00f5luvatel \u00f5itel on roosa, valge v\u00f5i lilla varjundiga erksad kroonlehed, mis kaunistavad \u00f5hukesi varsi, mis tuule k\u00e4es graatsiliselt \u00f5\u00f5tsuvad. Oma magusa l\u00f5hna ja kauakestva kohalolekuga on p\u00fcsililleherned armastatud lisandid igasse aeda, tuues r\u00f5\u00f5mu ja v\u00e4rvi iga naasva hooajaga.<\/pre>\n\n\n\n<div class=\"wp-block-columns is-layout-flex wp-container-core-columns-is-layout-28f84493 wp-block-columns-is-layout-flex\">\n<div class=\"wp-block-column is-layout-flow wp-block-column-is-layout-flow\" style=\"flex-basis:33.33%\">\n<figure class=\"wp-block-image size-full has-custom-border\"><img loading=\"lazy\" decoding=\"async\" width=\"500\" height=\"500\" src=\"http:\/\/www.vatslalilled.ee\/wp-content\/uploads\/2024\/05\/8eb8f1ee-1532-4e3f-86e9-980514c8090a-2.jpg\" alt=\"\" class=\"wp-image-517\" style=\"border-radius:50px\" srcset=\"https:\/\/fiestonia.ee\/wp-content\/uploads\/2024\/05\/8eb8f1ee-1532-4e3f-86e9-980514c8090a-2.jpg 500w, https:\/\/fiestonia.ee\/wp-content\/uploads\/2024\/05\/8eb8f1ee-1532-4e3f-86e9-980514c8090a-2-300x300.jpg 300w, https:\/\/fiestonia.ee\/wp-content\/uploads\/2024\/05\/8eb8f1ee-1532-4e3f-86e9-980514c8090a-2-150x150.jpg 150w, https:\/\/fiestonia.ee\/wp-content\/uploads\/2024\/05\/8eb8f1ee-1532-4e3f-86e9-980514c8090a-2-12x12.jpg 12w\" sizes=\"auto, (max-width: 500px) 100vw, 500px\" \/><\/figure>\n<\/div>\n\n\n\n<div class=\"wp-block-column is-layout-flow wp-block-column-is-layout-flow\" style=\"flex-basis:66.66%\">\n<p class=\"has-text-color has-link-color has-system-sans-serif-font-family wp-elements-add8b7f17c6b70e01c808f437f0b7efd\" style=\"color:#345c06;font-size:clamp(18.959px, 1.185rem + ((1vw - 3.2px) * 0.936), 30px);\">Lillhernes laialehine &#8220;Duo mix&#8221;<\/p>\n\n\n\n<p class=\"has-text-color has-link-color has-system-sans-serif-font-family wp-elements-2c0a367e68c5a88342a1da6c92b4c911\" style=\"color:#345c06;font-size:clamp(14px, 0.875rem + ((1vw - 3.2px) * 0.508), 20px);font-style:normal;font-weight:500\">Saadaval<\/p>\n\n\n\n<p class=\"has-text-color has-link-color has-system-sans-serif-font-family wp-elements-05cb7d3d5bb2fc26de07bfd59e0e2a87\" style=\"color:#345c06;font-size:clamp(14px, 0.875rem + ((1vw - 3.2px) * 0.508), 20px);font-style:normal;font-weight:500\">Hind: 2\u20ac<\/p>\n\n\n\n<details class=\"wp-block-details has-text-color has-link-color has-system-sans-serif-font-family wp-elements-70a1a447b2c45c03a211544e175332dd is-layout-flow wp-block-details-is-layout-flow\" style=\"color:#345c06;font-size:clamp(14px, 0.875rem + ((1vw - 3.2px) * 0.508), 20px);font-style:normal;font-weight:500\"><summary>Kirjeldus<\/summary>\n<p class=\"has-text-color has-link-color has-system-sans-serif-font-family wp-elements-bcc25a392427715d0a822322aab1851b\" style=\"color:#345c06;font-size:clamp(0.875rem, 0.875rem + ((1vw - 0.2rem) * 0.169), 1rem);font-style:normal;font-weight:400\">Mitmeaastastel v\u00f5i igikestvatel hernestel puudub \u00fcheaastase vormi l\u00f5hn, kuid neil on samad v\u00e4rvilised lilled ja nad tulevad igal aastal tagasi. Mitmeaastased herned ei saa nii h\u00e4sti hakkama liiga kuivas v\u00f5i vettinud pinnases. Eelistab kerget, h\u00e4sti haritud pinnast, p\u00e4ikeselist kasvukohta. S\u00fcgavas varjus on oodata kehva \u00f5itsemist. Kui \u00f5itsemine algab, korja v\u00f5i eemalda surnud \u00f5iepead nii sageli kui v\u00f5imalik.<\/p>\n<\/details>\n\n\n\n<details class=\"wp-block-details has-text-color has-link-color has-system-sans-serif-font-family wp-elements-901e0c2527a9d8a5a968acc519e4c39e is-layout-flow wp-block-details-is-layout-flow\" style=\"color:#345c06;font-size:clamp(14px, 0.875rem + ((1vw - 3.2px) * 0.508), 20px);font-style:normal;font-weight:500\"><summary>Lisainfo<\/summary>\n<figure style=\"margin-top:0;margin-right:0;margin-bottom:0;margin-left:0;padding-top:0;padding-right:0;padding-bottom:0;padding-left:0;font-size:clamp(0.875rem, 0.875rem + ((1vw - 0.2rem) * 0.169), 1rem);font-style:normal;font-weight:400\" class=\"wp-block-table has-system-sans-serif-font-family\"><table class=\"has-text-color has-link-color\" style=\"color:#345c06\"><tbody><tr><td>Botaaniline nimi<\/td><td>Lathyrus latifolius<\/td><\/tr><tr><td>M\u00f5\u00f5dud<\/td><td>K 180-200 cm<\/td><\/tr><tr><td>Taime t\u00fc\u00fcp<\/td><td>Talvekindel p\u00fcsik<\/td><\/tr><tr><td>Tingimused<\/td><td>P\u00e4ike, kerge, h\u00e4sti haritud pind<\/td><\/tr><tr><td>\u00d5itsemisperiood<\/td><td>Juuni, Juuli, August, September<\/td><\/tr><tr><td>\u00d5ie v\u00e4rv<\/td><td>Valged, ereroosad, karmiinpunased, lillad<\/td><\/tr><tr><td>Talvekindlus<\/td><td>V\u00e4ga hea<\/td><\/tr><tr><td>Lisainfo<\/td><td>Meelitab liblikaid<\/td><\/tr><\/tbody><\/table><\/figure>\n<\/details>\n<\/div>\n<\/div>","protected":false},"excerpt":{"rendered":"<p>Mitmeaastased lillherned, tuntud ka kui Lathyrus latifolius, kaunistavad aedu aasta-aastalt oma \u00f5rna iluga. Nendel v\u00f5luvatel \u00f5itel on roosa, valge v\u00f5i lilla varjundiga erksad kroonlehed, mis kaunistavad \u00f5hukesi varsi, mis tuule k\u00e4es graatsiliselt \u00f5\u00f5tsuvad. Oma magusa l\u00f5hna ja kauakestva kohalolekuga on p\u00fcsililleherned armastatud lisandid igasse aeda, tuues r\u00f5\u00f5mu ja v\u00e4rvi iga naasva hooajaga. Lillhernes laialehine &#8220;Duo [&hellip;]<\/p>","protected":false},"author":1,"featured_media":0,"parent":91,"menu_order":0,"comment_status":"closed","ping_status":"closed","template":"page-with-sidebar","meta":{"pgc_meta":"","footnotes":""},"class_list":["post-313","page","type-page","status-publish","hentry"],"pgc_meta":"","yoast_head":"<!-- This site is optimized with the Yoast SEO plugin v23.0 - https:\/\/yoast.com\/wordpress\/plugins\/seo\/ -->\n<title>Lillherned - Fiestonia<\/title>\n<meta name=\"robots\" content=\"index, follow, max-snippet:-1, max-image-preview:large, max-video-preview:-1\" \/>\n<link rel=\"canonical\" href=\"https:\/\/fiestonia.ee\/en\/aed-ja-kodu\/lillherned\/\" \/>\n<meta property=\"og:locale\" content=\"en_US\" \/>\n<meta property=\"og:type\" content=\"article\" \/>\n<meta property=\"og:title\" content=\"Lillherned - Fiestonia\" \/>\n<meta property=\"og:description\" content=\"Mitmeaastased lillherned, tuntud ka kui Lathyrus latifolius, kaunistavad aedu aasta-aastalt oma \u00f5rna iluga. Nendel v\u00f5luvatel \u00f5itel on roosa, valge v\u00f5i lilla varjundiga erksad kroonlehed, mis kaunistavad \u00f5hukesi varsi, mis tuule k\u00e4es graatsiliselt \u00f5\u00f5tsuvad. Oma magusa l\u00f5hna ja kauakestva kohalolekuga on p\u00fcsililleherned armastatud lisandid igasse aeda, tuues r\u00f5\u00f5mu ja v\u00e4rvi iga naasva hooajaga. Lillhernes laialehine &#8220;Duo [&hellip;]\" \/>\n<meta property=\"og:url\" content=\"https:\/\/fiestonia.ee\/en\/aed-ja-kodu\/lillherned\/\" \/>\n<meta property=\"og:site_name\" content=\"Fiestonia\" \/>\n<meta property=\"article:modified_time\" content=\"2024-06-05T20:19:31+00:00\" \/>\n<meta property=\"og:image\" content=\"http:\/\/www.vatslalilled.ee\/wp-content\/uploads\/2024\/05\/8eb8f1ee-1532-4e3f-86e9-980514c8090a-2.jpg\" \/>\n<meta name=\"twitter:card\" content=\"summary_large_image\" \/>\n<meta name=\"twitter:label1\" content=\"Est. reading time\" \/>\n\t<meta name=\"twitter:data1\" content=\"1 minute\" \/>\n<script type=\"application\/ld+json\" class=\"yoast-schema-graph\">{\"@context\":\"https:\/\/schema.org\",\"@graph\":[{\"@type\":\"WebPage\",\"@id\":\"https:\/\/fiestonia.ee\/aed-ja-kodu\/lillherned\/\",\"url\":\"https:\/\/fiestonia.ee\/aed-ja-kodu\/lillherned\/\",\"name\":\"Lillherned - Fiestonia\",\"isPartOf\":{\"@id\":\"https:\/\/fiestonia.ee\/et\/#website\"},\"primaryImageOfPage\":{\"@id\":\"https:\/\/fiestonia.ee\/aed-ja-kodu\/lillherned\/#primaryimage\"},\"image\":{\"@id\":\"https:\/\/fiestonia.ee\/aed-ja-kodu\/lillherned\/#primaryimage\"},\"thumbnailUrl\":\"http:\/\/www.vatslalilled.ee\/wp-content\/uploads\/2024\/05\/8eb8f1ee-1532-4e3f-86e9-980514c8090a-2.jpg\",\"datePublished\":\"2024-05-03T18:27:28+00:00\",\"dateModified\":\"2024-06-05T20:19:31+00:00\",\"breadcrumb\":{\"@id\":\"https:\/\/fiestonia.ee\/aed-ja-kodu\/lillherned\/#breadcrumb\"},\"inLanguage\":\"en-US\",\"potentialAction\":[{\"@type\":\"ReadAction\",\"target\":[\"https:\/\/fiestonia.ee\/aed-ja-kodu\/lillherned\/\"]}]},{\"@type\":\"ImageObject\",\"inLanguage\":\"en-US\",\"@id\":\"https:\/\/fiestonia.ee\/aed-ja-kodu\/lillherned\/#primaryimage\",\"url\":\"http:\/\/www.vatslalilled.ee\/wp-content\/uploads\/2024\/05\/8eb8f1ee-1532-4e3f-86e9-980514c8090a-2.jpg\",\"contentUrl\":\"http:\/\/www.vatslalilled.ee\/wp-content\/uploads\/2024\/05\/8eb8f1ee-1532-4e3f-86e9-980514c8090a-2.jpg\"},{\"@type\":\"BreadcrumbList\",\"@id\":\"https:\/\/fiestonia.ee\/aed-ja-kodu\/lillherned\/#breadcrumb\",\"itemListElement\":[{\"@type\":\"ListItem\",\"position\":1,\"name\":\"Home\",\"item\":\"https:\/\/fiestonia.ee\/et\/\"},{\"@type\":\"ListItem\",\"position\":2,\"name\":\"Aed ja kodu\",\"item\":\"https:\/\/fiestonia.ee\/aed-ja-kodu\/\"},{\"@type\":\"ListItem\",\"position\":3,\"name\":\"Lillherned\"}]},{\"@type\":\"WebSite\",\"@id\":\"https:\/\/fiestonia.ee\/et\/#website\",\"url\":\"https:\/\/fiestonia.ee\/et\/\",\"name\":\"VATSLA LILLED\",\"description\":\"Fiesta Estonia\",\"publisher\":{\"@id\":\"https:\/\/fiestonia.ee\/et\/#organization\"},\"potentialAction\":[{\"@type\":\"SearchAction\",\"target\":{\"@type\":\"EntryPoint\",\"urlTemplate\":\"https:\/\/fiestonia.ee\/et\/?s={search_term_string}\"},\"query-input\":\"required name=search_term_string\"}],\"inLanguage\":\"en-US\"},{\"@type\":\"Organization\",\"@id\":\"https:\/\/fiestonia.ee\/et\/#organization\",\"name\":\"VATSLA LILLED\",\"url\":\"https:\/\/fiestonia.ee\/et\/\",\"logo\":{\"@type\":\"ImageObject\",\"inLanguage\":\"en-US\",\"@id\":\"https:\/\/fiestonia.ee\/et\/#\/schema\/logo\/image\/\",\"url\":\"http:\/\/www.vatslalilled.ee\/wp-content\/uploads\/2024\/04\/cropped-Screenshot-2024-04-06-205209.png\",\"contentUrl\":\"http:\/\/www.vatslalilled.ee\/wp-content\/uploads\/2024\/04\/cropped-Screenshot-2024-04-06-205209.png\",\"width\":512,\"height\":512,\"caption\":\"VATSLA LILLED\"},\"image\":{\"@id\":\"https:\/\/fiestonia.ee\/et\/#\/schema\/logo\/image\/\"}}]}<\/script>\n<!-- \/ Yoast SEO plugin. -->","yoast_head_json":{"title":"Lillherned - Fiestonia","robots":{"index":"index","follow":"follow","max-snippet":"max-snippet:-1","max-image-preview":"max-image-preview:large","max-video-preview":"max-video-preview:-1"},"canonical":"https:\/\/fiestonia.ee\/en\/aed-ja-kodu\/lillherned\/","og_locale":"en_US","og_type":"article","og_title":"Lillherned - Fiestonia","og_description":"Mitmeaastased lillherned, tuntud ka kui Lathyrus latifolius, kaunistavad aedu aasta-aastalt oma \u00f5rna iluga. Nendel v\u00f5luvatel \u00f5itel on roosa, valge v\u00f5i lilla varjundiga erksad kroonlehed, mis kaunistavad \u00f5hukesi varsi, mis tuule k\u00e4es graatsiliselt \u00f5\u00f5tsuvad. Oma magusa l\u00f5hna ja kauakestva kohalolekuga on p\u00fcsililleherned armastatud lisandid igasse aeda, tuues r\u00f5\u00f5mu ja v\u00e4rvi iga naasva hooajaga. Lillhernes laialehine &#8220;Duo [&hellip;]","og_url":"https:\/\/fiestonia.ee\/en\/aed-ja-kodu\/lillherned\/","og_site_name":"Fiestonia","article_modified_time":"2024-06-05T20:19:31+00:00","og_image":[{"url":"http:\/\/www.vatslalilled.ee\/wp-content\/uploads\/2024\/05\/8eb8f1ee-1532-4e3f-86e9-980514c8090a-2.jpg"}],"twitter_card":"summary_large_image","twitter_misc":{"Est. reading time":"1 minute"},"schema":{"@context":"https:\/\/schema.org","@graph":[{"@type":"WebPage","@id":"https:\/\/fiestonia.ee\/aed-ja-kodu\/lillherned\/","url":"https:\/\/fiestonia.ee\/aed-ja-kodu\/lillherned\/","name":"Lillherned - Fiestonia","isPartOf":{"@id":"https:\/\/fiestonia.ee\/et\/#website"},"primaryImageOfPage":{"@id":"https:\/\/fiestonia.ee\/aed-ja-kodu\/lillherned\/#primaryimage"},"image":{"@id":"https:\/\/fiestonia.ee\/aed-ja-kodu\/lillherned\/#primaryimage"},"thumbnailUrl":"http:\/\/www.vatslalilled.ee\/wp-content\/uploads\/2024\/05\/8eb8f1ee-1532-4e3f-86e9-980514c8090a-2.jpg","datePublished":"2024-05-03T18:27:28+00:00","dateModified":"2024-06-05T20:19:31+00:00","breadcrumb":{"@id":"https:\/\/fiestonia.ee\/aed-ja-kodu\/lillherned\/#breadcrumb"},"inLanguage":"en-US","potentialAction":[{"@type":"ReadAction","target":["https:\/\/fiestonia.ee\/aed-ja-kodu\/lillherned\/"]}]},{"@type":"ImageObject","inLanguage":"en-US","@id":"https:\/\/fiestonia.ee\/aed-ja-kodu\/lillherned\/#primaryimage","url":"http:\/\/www.vatslalilled.ee\/wp-content\/uploads\/2024\/05\/8eb8f1ee-1532-4e3f-86e9-980514c8090a-2.jpg","contentUrl":"http:\/\/www.vatslalilled.ee\/wp-content\/uploads\/2024\/05\/8eb8f1ee-1532-4e3f-86e9-980514c8090a-2.jpg"},{"@type":"BreadcrumbList","@id":"https:\/\/fiestonia.ee\/aed-ja-kodu\/lillherned\/#breadcrumb","itemListElement":[{"@type":"ListItem","position":1,"name":"Home","item":"https:\/\/fiestonia.ee\/et\/"},{"@type":"ListItem","position":2,"name":"Aed ja kodu","item":"https:\/\/fiestonia.ee\/aed-ja-kodu\/"},{"@type":"ListItem","position":3,"name":"Lillherned"}]},{"@type":"WebSite","@id":"https:\/\/fiestonia.ee\/et\/#website","url":"https:\/\/fiestonia.ee\/et\/","name":"VATSLA LILLED","description":"Fiesta Estonia","publisher":{"@id":"https:\/\/fiestonia.ee\/et\/#organization"},"potentialAction":[{"@type":"SearchAction","target":{"@type":"EntryPoint","urlTemplate":"https:\/\/fiestonia.ee\/et\/?s={search_term_string}"},"query-input":"required name=search_term_string"}],"inLanguage":"en-US"},{"@type":"Organization","@id":"https:\/\/fiestonia.ee\/et\/#organization","name":"VATSLA LILLED","url":"https:\/\/fiestonia.ee\/et\/","logo":{"@type":"ImageObject","inLanguage":"en-US","@id":"https:\/\/fiestonia.ee\/et\/#\/schema\/logo\/image\/","url":"http:\/\/www.vatslalilled.ee\/wp-content\/uploads\/2024\/04\/cropped-Screenshot-2024-04-06-205209.png","contentUrl":"http:\/\/www.vatslalilled.ee\/wp-content\/uploads\/2024\/04\/cropped-Screenshot-2024-04-06-205209.png","width":512,"height":512,"caption":"VATSLA LILLED"},"image":{"@id":"https:\/\/fiestonia.ee\/et\/#\/schema\/logo\/image\/"}}]}},"amp_enabled":true,"_links":{"self":[{"href":"https:\/\/fiestonia.ee\/en\/wp-json\/wp\/v2\/pages\/313","targetHints":{"allow":["GET"]}}],"collection":[{"href":"https:\/\/fiestonia.ee\/en\/wp-json\/wp\/v2\/pages"}],"about":[{"href":"https:\/\/fiestonia.ee\/en\/wp-json\/wp\/v2\/types\/page"}],"author":[{"embeddable":true,"href":"https:\/\/fiestonia.ee\/en\/wp-json\/wp\/v2\/users\/1"}],"replies":[{"embeddable":true,"href":"https:\/\/fiestonia.ee\/en\/wp-json\/wp\/v2\/comments?post=313"}],"version-history":[{"count":5,"href":"https:\/\/fiestonia.ee\/en\/wp-json\/wp\/v2\/pages\/313\/revisions"}],"predecessor-version":[{"id":1233,"href":"https:\/\/fiestonia.ee\/en\/wp-json\/wp\/v2\/pages\/313\/revisions\/1233"}],"up":[{"embeddable":true,"href":"https:\/\/fiestonia.ee\/en\/wp-json\/wp\/v2\/pages\/91"}],"wp:attachment":[{"href":"https:\/\/fiestonia.ee\/en\/wp-json\/wp\/v2\/media?parent=313"}],"curies":[{"name":"wp","href":"https:\/\/api.w.org\/{rel}","templated":true}]}}