{"id":316,"date":"2024-05-03T21:28:51","date_gmt":"2024-05-03T18:28:51","guid":{"rendered":"http:\/\/www.vatslalilled.ee\/?page_id=316"},"modified":"2024-06-05T23:19:03","modified_gmt":"2024-06-05T20:19:03","slug":"astrid","status":"publish","type":"page","link":"https:\/\/fiestonia.ee\/en\/astrid\/","title":{"rendered":"Astrid"},"content":{"rendered":"<pre class=\"wp-block-preformatted has-system-sans-serif-font-family\" style=\"margin-top:var(--wp--preset--spacing--10);margin-bottom:var(--wp--preset--spacing--10);padding-top:0;padding-right:var(--wp--preset--spacing--10);padding-bottom:0;padding-left:var(--wp--preset--spacing--10);font-size:clamp(0.875rem, 0.875rem + ((1vw - 0.2rem) * 0.305), 1.1rem);font-style:normal;font-weight:600\">Astrid lisavad oma lummava t\u00e4hekujulise \u00f5itsenguga aedadele taevalikku h\u00f5ngu. Need elastsed lilled on saadaval erinevates v\u00e4rvides, alates elavatest lilladest ja sinistest kuni pehmete roosade ja valgeteni, maalides maastikku oma r\u00f5\u00f5msate toonidega. Nende \u00f5rnad kroonlehed moodustavad keerukaid kobaraid, meelitades ligi liblikaid ja mesilasi, muutes need mitte ainult silmar\u00f5\u00f5muks, vaid ka varjupaigaks tolmeldajatele. Astrid s\u00fcmboliseerivad armastust, kannatlikkust ja elegantsi, muutes need ajatuks lemmikuks igas aias v\u00f5i lilleseades.<\/pre>\n\n\n\n<div class=\"wp-block-columns is-layout-flex wp-container-core-columns-is-layout-28f84493 wp-block-columns-is-layout-flex\">\n<div class=\"wp-block-column is-layout-flow wp-block-column-is-layout-flow\" style=\"flex-basis:33.33%\">\n<figure class=\"wp-block-image size-full has-custom-border\"><img loading=\"lazy\" decoding=\"async\" width=\"500\" height=\"500\" src=\"http:\/\/www.vatslalilled.ee\/wp-content\/uploads\/2024\/05\/4e7f3ebd-d85e-41cb-8b6d-336a7cb7b70b-1.jpg\" alt=\"\" class=\"wp-image-519\" style=\"border-radius:50px\" srcset=\"https:\/\/fiestonia.ee\/wp-content\/uploads\/2024\/05\/4e7f3ebd-d85e-41cb-8b6d-336a7cb7b70b-1.jpg 500w, https:\/\/fiestonia.ee\/wp-content\/uploads\/2024\/05\/4e7f3ebd-d85e-41cb-8b6d-336a7cb7b70b-1-300x300.jpg 300w, https:\/\/fiestonia.ee\/wp-content\/uploads\/2024\/05\/4e7f3ebd-d85e-41cb-8b6d-336a7cb7b70b-1-150x150.jpg 150w, https:\/\/fiestonia.ee\/wp-content\/uploads\/2024\/05\/4e7f3ebd-d85e-41cb-8b6d-336a7cb7b70b-1-12x12.jpg 12w\" sizes=\"auto, (max-width: 500px) 100vw, 500px\" \/><\/figure>\n<\/div>\n\n\n\n<div class=\"wp-block-column is-layout-flow wp-block-column-is-layout-flow\" style=\"flex-basis:66.66%\">\n<p class=\"has-text-color has-link-color has-system-sans-serif-font-family wp-elements-52329c059735864352658e2d83ef0985\" style=\"color:#345c06;font-size:clamp(18.959px, 1.185rem + ((1vw - 3.2px) * 0.936), 30px);font-style:normal;font-weight:500\">Alpine aster &#8216;Goliath&#8217;<\/p>\n\n\n\n<p class=\"has-text-color has-link-color has-system-sans-serif-font-family wp-elements-2c0a367e68c5a88342a1da6c92b4c911\" style=\"color:#345c06;font-size:clamp(14px, 0.875rem + ((1vw - 3.2px) * 0.508), 20px);font-style:normal;font-weight:500\">Saadaval<\/p>\n\n\n\n<p class=\"has-text-color has-link-color has-system-sans-serif-font-family wp-elements-707b7af220a779e599cd1e33eee7db83\" style=\"color:#345c06;font-size:clamp(14px, 0.875rem + ((1vw - 3.2px) * 0.508), 20px);font-style:normal;font-weight:500\">Hind: 1\u20ac<\/p>\n\n\n\n<details class=\"wp-block-details has-text-color has-link-color has-system-sans-serif-font-family wp-elements-cf422e3e64da595039b95884e071a8c9 is-layout-flow wp-block-details-is-layout-flow\" style=\"color:#345c06;font-size:clamp(14px, 0.875rem + ((1vw - 3.2px) * 0.508), 20px);font-style:normal;font-weight:500\"><summary>Kirjeldus<\/summary>\n<p class=\"has-text-color has-link-color has-system-sans-serif-font-family wp-elements-bc8e4a7d08c3fa934515d0350cad6f66\" style=\"color:#345c06;font-size:clamp(0.875rem, 0.875rem + ((1vw - 0.2rem) * 0.169), 1rem);font-style:normal;font-weight:400\">Suured, pehmed, sirelikassinised, suvise p\u00e4ikesepaistega karikakrataolised \u00f5ied, keskosa kollane. See on t\u00f5eline s\u00e4rtsakas, hea lisand, kus ruumi on v\u00e4he, kuid m\u00f5ju on h\u00e4davajalik. T\u00e4iuslik konteineri isend v\u00f5i pinnakattetaim t\u00e4nu oma kompaktsele kasvukohale ja viljakale \u00f5itsemisele. See moodustab erkrohelistest lehtedest madala vaiba, millel on hiliskevadel ja suve alguses k\u00f5rgemad hargnevad varred ja karikakrakujulised \u00f5ied. <\/p>\n\n\n\n<hr class=\"wp-block-separator has-alpha-channel-opacity\"\/>\n\n\n\n<p class=\"has-text-color has-link-color has-system-sans-serif-font-family wp-elements-ce87f0bf5a375259c2df96c840d67f35\" style=\"color:#345c06;font-size:clamp(0.875rem, 0.875rem + ((1vw - 0.2rem) * 0.169), 1rem);font-style:normal;font-weight:400\">See on suhteliselt v\u00e4he hooldust n\u00f5udev ja vastupidav taim, mis elab \u00fcle talve normaalsetes tingimustes, eriti kui see on kaitstud k\u00f5ige k\u00f5vemate k\u00fclmade eest. See on hea valik liblikate \u00f5ue meelitamiseks. See taim kasvab k\u00f5ige paremini t\u00e4isp\u00e4ikeses kuni osalises varjus. Ta eelistab kasvada keskmiselt kuivades kohtades ning talle ei meeldi liigne niiskus. Alpine aster &#8216;Goliath&#8217; on hea valik aeda, kuid see sobib ka v\u00e4lipottidesse ja konteineritesse istutamiseks. <\/p>\n\n\n\n<hr class=\"wp-block-separator has-alpha-channel-opacity\"\/>\n\n\n\n<p class=\"has-text-color has-link-color has-system-sans-serif-font-family wp-elements-92201c184b54e9db0f1a082a4e92ee67\" style=\"color:#345c06;font-size:clamp(0.875rem, 0.875rem + ((1vw - 0.2rem) * 0.169), 1rem);font-style:normal;font-weight:400\">Pange t\u00e4hele, et v\u00e4likonteinerites ja -korvides taimede kasvatamisel v\u00f5ivad need vajada sagedasemat kastmist kui \u00f5ues v\u00f5i aias. Pidage meeles, et meie kliimas ei saa enamik taimi \u00f5ues konteineritesse j\u00e4ttes talve \u00fcle elada ja see taim pole erand.<\/p>\n<\/details>\n\n\n\n<details class=\"wp-block-details has-text-color has-link-color has-system-sans-serif-font-family wp-elements-8df7a3328ac223db18b29989ded06305 is-layout-flow wp-block-details-is-layout-flow\" style=\"color:#345c06;font-size:clamp(14px, 0.875rem + ((1vw - 3.2px) * 0.508), 20px);font-style:normal;font-weight:500\"><summary>Lisainfo<\/summary>\n<figure style=\"margin-top:0;margin-right:0;margin-bottom:0;margin-left:0;padding-top:0;padding-right:0;padding-bottom:0;padding-left:0;font-size:clamp(0.875rem, 0.875rem + ((1vw - 0.2rem) * 0.169), 1rem);font-style:normal;font-weight:400\" class=\"wp-block-table has-system-sans-serif-font-family\"><table class=\"has-text-color has-link-color\" style=\"color:#345c06\"><tbody><tr><td>Botaaniline nimi<\/td><td>&nbsp;Aster alpinus<\/td><\/tr><tr><td>M\u00f5\u00f5dud<\/td><td>K 20-30 cm, L 2,5-3 cm<\/td><\/tr><tr><td>Taime t\u00fc\u00fcp<\/td><td>Talvekindel p\u00fcsik<\/td><\/tr><tr><td>Tingimused<\/td><td>P\u00e4ike, poolvari, parasniiske muld, kuiv muld<\/td><\/tr><tr><td>\u00d5itsemisperiood<\/td><td>Mai, Juuni<\/td><\/tr><tr><td>\u00d5ie v\u00e4rv<\/td><td>Helesinine<\/td><\/tr><tr><td>Talvekindlus<\/td><td>V\u00e4ga hea<\/td><\/tr><tr><td>Lisainfo<\/td><td>Meelitab liblikaid<\/td><\/tr><\/tbody><\/table><\/figure>\n<\/details>\n<\/div>\n<\/div>","protected":false},"excerpt":{"rendered":"<p>Astrid lisavad oma lummava t\u00e4hekujulise \u00f5itsenguga aedadele taevalikku h\u00f5ngu. Need elastsed lilled on saadaval erinevates v\u00e4rvides, alates elavatest lilladest ja sinistest kuni pehmete roosade ja valgeteni, maalides maastikku oma r\u00f5\u00f5msate toonidega. Nende \u00f5rnad kroonlehed moodustavad keerukaid kobaraid, meelitades ligi liblikaid ja mesilasi, muutes need mitte ainult silmar\u00f5\u00f5muks, vaid ka varjupaigaks tolmeldajatele. Astrid s\u00fcmboliseerivad armastust, kannatlikkust [&hellip;]<\/p>","protected":false},"author":1,"featured_media":0,"parent":0,"menu_order":0,"comment_status":"closed","ping_status":"closed","template":"page-with-sidebar","meta":{"pgc_meta":"","footnotes":""},"class_list":["post-316","page","type-page","status-publish","hentry"],"pgc_meta":"","yoast_head":"<!-- This site is optimized with the Yoast SEO plugin v23.0 - https:\/\/yoast.com\/wordpress\/plugins\/seo\/ -->\n<title>Astrid - Fiestonia<\/title>\n<meta name=\"robots\" content=\"index, follow, max-snippet:-1, max-image-preview:large, max-video-preview:-1\" \/>\n<link rel=\"canonical\" href=\"https:\/\/fiestonia.ee\/en\/astrid\/\" \/>\n<meta property=\"og:locale\" content=\"en_US\" \/>\n<meta property=\"og:type\" content=\"article\" \/>\n<meta property=\"og:title\" content=\"Astrid - Fiestonia\" \/>\n<meta property=\"og:description\" content=\"Astrid lisavad oma lummava t\u00e4hekujulise \u00f5itsenguga aedadele taevalikku h\u00f5ngu. Need elastsed lilled on saadaval erinevates v\u00e4rvides, alates elavatest lilladest ja sinistest kuni pehmete roosade ja valgeteni, maalides maastikku oma r\u00f5\u00f5msate toonidega. Nende \u00f5rnad kroonlehed moodustavad keerukaid kobaraid, meelitades ligi liblikaid ja mesilasi, muutes need mitte ainult silmar\u00f5\u00f5muks, vaid ka varjupaigaks tolmeldajatele. Astrid s\u00fcmboliseerivad armastust, kannatlikkust [&hellip;]\" \/>\n<meta property=\"og:url\" content=\"https:\/\/fiestonia.ee\/en\/astrid\/\" \/>\n<meta property=\"og:site_name\" content=\"Fiestonia\" \/>\n<meta property=\"article:modified_time\" content=\"2024-06-05T20:19:03+00:00\" \/>\n<meta property=\"og:image\" content=\"http:\/\/www.vatslalilled.ee\/wp-content\/uploads\/2024\/05\/4e7f3ebd-d85e-41cb-8b6d-336a7cb7b70b-1.jpg\" \/>\n<meta name=\"twitter:card\" content=\"summary_large_image\" \/>\n<meta name=\"twitter:label1\" content=\"Est. reading time\" \/>\n\t<meta name=\"twitter:data1\" content=\"1 minute\" \/>\n<script type=\"application\/ld+json\" class=\"yoast-schema-graph\">{\"@context\":\"https:\/\/schema.org\",\"@graph\":[{\"@type\":\"WebPage\",\"@id\":\"https:\/\/fiestonia.ee\/astrid\/\",\"url\":\"https:\/\/fiestonia.ee\/astrid\/\",\"name\":\"Astrid - Fiestonia\",\"isPartOf\":{\"@id\":\"https:\/\/fiestonia.ee\/et\/#website\"},\"primaryImageOfPage\":{\"@id\":\"https:\/\/fiestonia.ee\/astrid\/#primaryimage\"},\"image\":{\"@id\":\"https:\/\/fiestonia.ee\/astrid\/#primaryimage\"},\"thumbnailUrl\":\"http:\/\/www.vatslalilled.ee\/wp-content\/uploads\/2024\/05\/4e7f3ebd-d85e-41cb-8b6d-336a7cb7b70b-1.jpg\",\"datePublished\":\"2024-05-03T18:28:51+00:00\",\"dateModified\":\"2024-06-05T20:19:03+00:00\",\"breadcrumb\":{\"@id\":\"https:\/\/fiestonia.ee\/astrid\/#breadcrumb\"},\"inLanguage\":\"en-US\",\"potentialAction\":[{\"@type\":\"ReadAction\",\"target\":[\"https:\/\/fiestonia.ee\/astrid\/\"]}]},{\"@type\":\"ImageObject\",\"inLanguage\":\"en-US\",\"@id\":\"https:\/\/fiestonia.ee\/astrid\/#primaryimage\",\"url\":\"http:\/\/www.vatslalilled.ee\/wp-content\/uploads\/2024\/05\/4e7f3ebd-d85e-41cb-8b6d-336a7cb7b70b-1.jpg\",\"contentUrl\":\"http:\/\/www.vatslalilled.ee\/wp-content\/uploads\/2024\/05\/4e7f3ebd-d85e-41cb-8b6d-336a7cb7b70b-1.jpg\"},{\"@type\":\"BreadcrumbList\",\"@id\":\"https:\/\/fiestonia.ee\/astrid\/#breadcrumb\",\"itemListElement\":[{\"@type\":\"ListItem\",\"position\":1,\"name\":\"Home\",\"item\":\"https:\/\/fiestonia.ee\/et\/\"},{\"@type\":\"ListItem\",\"position\":2,\"name\":\"Astrid\"}]},{\"@type\":\"WebSite\",\"@id\":\"https:\/\/fiestonia.ee\/et\/#website\",\"url\":\"https:\/\/fiestonia.ee\/et\/\",\"name\":\"VATSLA LILLED\",\"description\":\"Fiesta Estonia\",\"publisher\":{\"@id\":\"https:\/\/fiestonia.ee\/et\/#organization\"},\"potentialAction\":[{\"@type\":\"SearchAction\",\"target\":{\"@type\":\"EntryPoint\",\"urlTemplate\":\"https:\/\/fiestonia.ee\/et\/?s={search_term_string}\"},\"query-input\":\"required name=search_term_string\"}],\"inLanguage\":\"en-US\"},{\"@type\":\"Organization\",\"@id\":\"https:\/\/fiestonia.ee\/et\/#organization\",\"name\":\"VATSLA LILLED\",\"url\":\"https:\/\/fiestonia.ee\/et\/\",\"logo\":{\"@type\":\"ImageObject\",\"inLanguage\":\"en-US\",\"@id\":\"https:\/\/fiestonia.ee\/et\/#\/schema\/logo\/image\/\",\"url\":\"http:\/\/www.vatslalilled.ee\/wp-content\/uploads\/2024\/04\/cropped-Screenshot-2024-04-06-205209.png\",\"contentUrl\":\"http:\/\/www.vatslalilled.ee\/wp-content\/uploads\/2024\/04\/cropped-Screenshot-2024-04-06-205209.png\",\"width\":512,\"height\":512,\"caption\":\"VATSLA LILLED\"},\"image\":{\"@id\":\"https:\/\/fiestonia.ee\/et\/#\/schema\/logo\/image\/\"}}]}<\/script>\n<!-- \/ Yoast SEO plugin. -->","yoast_head_json":{"title":"Astrid - Fiestonia","robots":{"index":"index","follow":"follow","max-snippet":"max-snippet:-1","max-image-preview":"max-image-preview:large","max-video-preview":"max-video-preview:-1"},"canonical":"https:\/\/fiestonia.ee\/en\/astrid\/","og_locale":"en_US","og_type":"article","og_title":"Astrid - Fiestonia","og_description":"Astrid lisavad oma lummava t\u00e4hekujulise \u00f5itsenguga aedadele taevalikku h\u00f5ngu. Need elastsed lilled on saadaval erinevates v\u00e4rvides, alates elavatest lilladest ja sinistest kuni pehmete roosade ja valgeteni, maalides maastikku oma r\u00f5\u00f5msate toonidega. Nende \u00f5rnad kroonlehed moodustavad keerukaid kobaraid, meelitades ligi liblikaid ja mesilasi, muutes need mitte ainult silmar\u00f5\u00f5muks, vaid ka varjupaigaks tolmeldajatele. Astrid s\u00fcmboliseerivad armastust, kannatlikkust [&hellip;]","og_url":"https:\/\/fiestonia.ee\/en\/astrid\/","og_site_name":"Fiestonia","article_modified_time":"2024-06-05T20:19:03+00:00","og_image":[{"url":"http:\/\/www.vatslalilled.ee\/wp-content\/uploads\/2024\/05\/4e7f3ebd-d85e-41cb-8b6d-336a7cb7b70b-1.jpg"}],"twitter_card":"summary_large_image","twitter_misc":{"Est. reading time":"1 minute"},"schema":{"@context":"https:\/\/schema.org","@graph":[{"@type":"WebPage","@id":"https:\/\/fiestonia.ee\/astrid\/","url":"https:\/\/fiestonia.ee\/astrid\/","name":"Astrid - Fiestonia","isPartOf":{"@id":"https:\/\/fiestonia.ee\/et\/#website"},"primaryImageOfPage":{"@id":"https:\/\/fiestonia.ee\/astrid\/#primaryimage"},"image":{"@id":"https:\/\/fiestonia.ee\/astrid\/#primaryimage"},"thumbnailUrl":"http:\/\/www.vatslalilled.ee\/wp-content\/uploads\/2024\/05\/4e7f3ebd-d85e-41cb-8b6d-336a7cb7b70b-1.jpg","datePublished":"2024-05-03T18:28:51+00:00","dateModified":"2024-06-05T20:19:03+00:00","breadcrumb":{"@id":"https:\/\/fiestonia.ee\/astrid\/#breadcrumb"},"inLanguage":"en-US","potentialAction":[{"@type":"ReadAction","target":["https:\/\/fiestonia.ee\/astrid\/"]}]},{"@type":"ImageObject","inLanguage":"en-US","@id":"https:\/\/fiestonia.ee\/astrid\/#primaryimage","url":"http:\/\/www.vatslalilled.ee\/wp-content\/uploads\/2024\/05\/4e7f3ebd-d85e-41cb-8b6d-336a7cb7b70b-1.jpg","contentUrl":"http:\/\/www.vatslalilled.ee\/wp-content\/uploads\/2024\/05\/4e7f3ebd-d85e-41cb-8b6d-336a7cb7b70b-1.jpg"},{"@type":"BreadcrumbList","@id":"https:\/\/fiestonia.ee\/astrid\/#breadcrumb","itemListElement":[{"@type":"ListItem","position":1,"name":"Home","item":"https:\/\/fiestonia.ee\/et\/"},{"@type":"ListItem","position":2,"name":"Astrid"}]},{"@type":"WebSite","@id":"https:\/\/fiestonia.ee\/et\/#website","url":"https:\/\/fiestonia.ee\/et\/","name":"VATSLA LILLED","description":"Fiesta Estonia","publisher":{"@id":"https:\/\/fiestonia.ee\/et\/#organization"},"potentialAction":[{"@type":"SearchAction","target":{"@type":"EntryPoint","urlTemplate":"https:\/\/fiestonia.ee\/et\/?s={search_term_string}"},"query-input":"required name=search_term_string"}],"inLanguage":"en-US"},{"@type":"Organization","@id":"https:\/\/fiestonia.ee\/et\/#organization","name":"VATSLA LILLED","url":"https:\/\/fiestonia.ee\/et\/","logo":{"@type":"ImageObject","inLanguage":"en-US","@id":"https:\/\/fiestonia.ee\/et\/#\/schema\/logo\/image\/","url":"http:\/\/www.vatslalilled.ee\/wp-content\/uploads\/2024\/04\/cropped-Screenshot-2024-04-06-205209.png","contentUrl":"http:\/\/www.vatslalilled.ee\/wp-content\/uploads\/2024\/04\/cropped-Screenshot-2024-04-06-205209.png","width":512,"height":512,"caption":"VATSLA LILLED"},"image":{"@id":"https:\/\/fiestonia.ee\/et\/#\/schema\/logo\/image\/"}}]}},"amp_enabled":true,"_links":{"self":[{"href":"https:\/\/fiestonia.ee\/en\/wp-json\/wp\/v2\/pages\/316","targetHints":{"allow":["GET"]}}],"collection":[{"href":"https:\/\/fiestonia.ee\/en\/wp-json\/wp\/v2\/pages"}],"about":[{"href":"https:\/\/fiestonia.ee\/en\/wp-json\/wp\/v2\/types\/page"}],"author":[{"embeddable":true,"href":"https:\/\/fiestonia.ee\/en\/wp-json\/wp\/v2\/users\/1"}],"replies":[{"embeddable":true,"href":"https:\/\/fiestonia.ee\/en\/wp-json\/wp\/v2\/comments?post=316"}],"version-history":[{"count":5,"href":"https:\/\/fiestonia.ee\/en\/wp-json\/wp\/v2\/pages\/316\/revisions"}],"predecessor-version":[{"id":1232,"href":"https:\/\/fiestonia.ee\/en\/wp-json\/wp\/v2\/pages\/316\/revisions\/1232"}],"wp:attachment":[{"href":"https:\/\/fiestonia.ee\/en\/wp-json\/wp\/v2\/media?parent=316"}],"curies":[{"name":"wp","href":"https:\/\/api.w.org\/{rel}","templated":true}]}}