{"id":319,"date":"2024-05-03T21:28:39","date_gmt":"2024-05-03T18:28:39","guid":{"rendered":"http:\/\/www.vatslalilled.ee\/?page_id=319"},"modified":"2024-06-05T23:20:22","modified_gmt":"2024-06-05T20:20:22","slug":"maitsetaimed","status":"publish","type":"page","link":"https:\/\/fiestonia.ee\/en\/maitsetaimed\/","title":{"rendered":"Maitsetaimed"},"content":{"rendered":"<pre class=\"wp-block-preformatted has-text-color has-link-color has-system-sans-serif-font-family wp-elements-055444e7aadddde644c6e43b264f6549\" style=\"color:#345c06;margin-top:var(--wp--preset--spacing--10);margin-bottom:var(--wp--preset--spacing--10);padding-right:var(--wp--preset--spacing--10);padding-left:var(--wp--preset--spacing--10);font-size:clamp(0.875rem, 0.875rem + ((1vw - 0.2rem) * 0.305), 1.1rem);font-style:normal;font-weight:500\">Maitsetaimed, aia aromaatsed ehted, lisavad meie ellu nii maitset kui ka l\u00f5hna. Alates rosmariini j\u00f5ulisest l\u00f5hnast kuni basiiliku \u00f5rna ahvatlemiseni pakuvad need kulinaarsed imed maitsete ja l\u00f5hnade s\u00fcmfooniat, et meeli k\u00f6ita. \u00dcksk\u00f5ik, kas pesitsete p\u00e4ikesek\u00fcllasel k\u00f6\u00f6gi aknalaual v\u00f5i \u00f5itsevad rikkalikus aias, r\u00f5\u00f5mustavad \u00fcrdid oma mitmek\u00fclgsusega, t\u00e4iustavad roogasid oma v\u00e4rske olemusega v\u00f5i rahustavad haigusi oma raviomadustega. Maitsetaimede kasvatamine ei ole ainult kulinaarne tegevus; see on avastusretk, mis \u00fchendab meid maa ja selle rikkalike kingitustega.<\/pre>\n\n\n\n<div class=\"wp-block-columns is-layout-flex wp-container-core-columns-is-layout-28f84493 wp-block-columns-is-layout-flex\">\n<div class=\"wp-block-column is-layout-flow wp-block-column-is-layout-flow\" style=\"flex-basis:33.33%\">\n<figure class=\"wp-block-image size-full has-custom-border\"><img loading=\"lazy\" decoding=\"async\" width=\"500\" height=\"500\" src=\"http:\/\/www.vatslalilled.ee\/wp-content\/uploads\/2024\/05\/3a7141fc-a26a-4c61-92ed-080a246fa1a8-1.jpg\" alt=\"\" class=\"wp-image-521\" style=\"border-radius:50px\" srcset=\"https:\/\/fiestonia.ee\/wp-content\/uploads\/2024\/05\/3a7141fc-a26a-4c61-92ed-080a246fa1a8-1.jpg 500w, https:\/\/fiestonia.ee\/wp-content\/uploads\/2024\/05\/3a7141fc-a26a-4c61-92ed-080a246fa1a8-1-300x300.jpg 300w, https:\/\/fiestonia.ee\/wp-content\/uploads\/2024\/05\/3a7141fc-a26a-4c61-92ed-080a246fa1a8-1-150x150.jpg 150w, https:\/\/fiestonia.ee\/wp-content\/uploads\/2024\/05\/3a7141fc-a26a-4c61-92ed-080a246fa1a8-1-12x12.jpg 12w\" sizes=\"auto, (max-width: 500px) 100vw, 500px\" \/><\/figure>\n<\/div>\n\n\n\n<div class=\"wp-block-column is-layout-flow wp-block-column-is-layout-flow\" style=\"flex-basis:66.66%\">\n<p class=\"has-text-color has-link-color has-system-sans-serif-font-family wp-elements-4775ace84faef917ab46455be48fbad1\" style=\"color:#345c06;font-size:clamp(18.959px, 1.185rem + ((1vw - 3.2px) * 0.936), 30px);font-style:normal;font-weight:500\">Hatune m\u00fcnt &#8220;Mojito&#8221;<\/p>\n\n\n\n<p class=\"has-text-color has-link-color has-system-sans-serif-font-family wp-elements-2c0a367e68c5a88342a1da6c92b4c911\" style=\"color:#345c06;font-size:clamp(14px, 0.875rem + ((1vw - 3.2px) * 0.508), 20px);font-style:normal;font-weight:500\">Saadaval<\/p>\n\n\n\n<p class=\"has-text-color has-link-color has-system-sans-serif-font-family wp-elements-486ea08b6880ef218db32c9732abe124\" style=\"color:#345c06;font-size:clamp(14px, 0.875rem + ((1vw - 3.2px) * 0.424), 19px);font-style:normal;font-weight:500\">Hind: 6\u20ac<\/p>\n\n\n\n<details class=\"wp-block-details has-text-color has-link-color has-system-sans-serif-font-family wp-elements-f5df27102fa70bca0fb6b503ab475742 is-layout-flow wp-block-details-is-layout-flow\" style=\"color:#345c06;font-size:clamp(14px, 0.875rem + ((1vw - 3.2px) * 0.508), 20px);font-style:normal;font-weight:500\"><summary>Kirjeldus<\/summary>\n<p class=\"has-text-color has-link-color has-system-sans-serif-font-family wp-elements-73d005b74bd939e395b8b82d0527d5cd\" style=\"color:#345c06;font-size:clamp(0.875rem, 0.875rem + ((1vw - 0.2rem) * 0.169), 1rem);font-style:normal;font-weight:400\">&#8220;Mojito Mentha&#8221;, m\u00f5nus piparm\u00fcndisort, lisab igale aiale v\u00f5i kulinaarsele seiklusele v\u00e4rskendava p\u00f6\u00f6rde. See vastupidav mitmeaastane \u00fcrt \u00f5itseb p\u00e4ikesepaistelistel kuni osaliselt varjulistel niiske, h\u00e4sti kuivendatud pinnasega aladel, muutes selle mitmek\u00fclgseks lisandiks nii aiapeenardele kui ka konteineritele. Selle j\u00f5uline kasvuharjumus t\u00e4hendab, et see levib kergesti, seega on soovitatav varuda piisavalt ruumi v\u00f5i hoida seda pottides.<\/p>\n\n\n\n<p class=\"has-text-color has-link-color has-system-sans-serif-font-family wp-elements-9fa65e86361afb26ce5e89659d61e31c\" style=\"color:#345c06;font-size:clamp(0.875rem, 0.875rem + ((1vw - 0.2rem) * 0.169), 1rem);font-style:normal;font-weight:400\"><br>Mojito Mentha kulinaarne kasutusala ulatub baarist palju kaugemale; see t\u00f5stab roogasid oma v\u00e4rske ja mahlaka olemusega, sobides kaunilt puuviljade, salatite, liha ja magustoitudega. Lisaks sobivad selle aromaatsed lehed teede, t\u00f5mmiste ja omatehtud siirupite valmistamiseks, lisades jookidele ja maiustustele maitsepuhangu.<\/p>\n\n\n\n<p class=\"has-text-color has-link-color has-system-sans-serif-font-family wp-elements-e7ad4266cd7eb26581300eeaefdc3d28\" style=\"color:#345c06;font-size:clamp(0.875rem, 0.875rem + ((1vw - 0.2rem) * 0.169), 1rem);font-style:normal;font-weight:400\"><br>Aias ei r\u00f5\u00f5musta Mojito Mentha mitte ainult meeli, vaid meelitab oma l\u00f5hnavate \u00f5itega ligi ka kasulikke tolmeldajaid, n\u00e4iteks mesilasi ja liblikaid. Regulaarne p\u00fcgamine aitab s\u00e4ilitada selle eluj\u00f5udu ja takistab selle muutumist invasiivseks. Mojito Mentha on oma k\u00f6itva aroomi, kulinaarse mitmek\u00fclgsuse ja dekoratiivse atraktiivsusega nii aednike kui ka gurmaanide jaoks kohustuslik \u00fcrt, mis t\u00f5otab l\u00f5putuid v\u00f5imalusi loominguliseks uurimiseks ja sensoorseks naudinguks.<\/p>\n<\/details>\n\n\n\n<details class=\"wp-block-details has-text-color has-link-color has-system-sans-serif-font-family wp-elements-76d838836db93584da455ce5dfc5130e is-layout-flow wp-container-core-details-is-layout-8a368f38 wp-block-details-is-layout-flow\" style=\"border-style:none;border-width:0px;color:#345c06;font-size:clamp(14px, 0.875rem + ((1vw - 3.2px) * 0.508), 20px);font-style:normal;font-weight:500\"><summary>Lisainfo<\/summary>\n<figure style=\"font-size:clamp(0.875rem, 0.875rem + ((1vw - 0.2rem) * 0.169), 1rem);font-style:normal;font-weight:400\" class=\"wp-block-table has-system-sans-serif-font-family\"><table class=\"has-text-color has-link-color\" style=\"color:#345c06\"><tbody><tr><td>Botaaniline nimi<\/td><td>Mentha x villosa<\/td><\/tr><tr><td>M\u00f5\u00f5dud<\/td><td>K 45-60 cm \/ L 15-25 cm<\/td><\/tr><tr><td>Taime t\u00fc\u00fcp<\/td><td>Talvekindel p\u00fcsik<\/td><\/tr><tr><td>Tingimused<\/td><td>P\u00e4ike, poolvari, parasniiske muld<\/td><\/tr><tr><td>\u00d5itsemisperiood<\/td><td>Juuni<\/td><\/tr><tr><td>\u00d5ie v\u00e4rv<\/td><td>Lilla<\/td><\/tr><tr><td>Talvekindlus<\/td><td>V\u00e4ga hea<\/td><\/tr><tr><td>Lisainfo<\/td><td>Meelitab tolmeldajaid<\/td><\/tr><\/tbody><\/table><\/figure>\n<\/details>\n<\/div>\n<\/div>","protected":false},"excerpt":{"rendered":"<p>Maitsetaimed, aia aromaatsed ehted, lisavad meie ellu nii maitset kui ka l\u00f5hna. Alates rosmariini j\u00f5ulisest l\u00f5hnast kuni basiiliku \u00f5rna ahvatlemiseni pakuvad need kulinaarsed imed maitsete ja l\u00f5hnade s\u00fcmfooniat, et meeli k\u00f6ita. \u00dcksk\u00f5ik, kas pesitsete p\u00e4ikesek\u00fcllasel k\u00f6\u00f6gi aknalaual v\u00f5i \u00f5itsevad rikkalikus aias, r\u00f5\u00f5mustavad \u00fcrdid oma mitmek\u00fclgsusega, t\u00e4iustavad roogasid oma v\u00e4rske olemusega v\u00f5i rahustavad haigusi oma raviomadustega. [&hellip;]<\/p>","protected":false},"author":1,"featured_media":0,"parent":0,"menu_order":0,"comment_status":"closed","ping_status":"closed","template":"page-with-sidebar","meta":{"pgc_meta":"","footnotes":""},"class_list":["post-319","page","type-page","status-publish","hentry"],"pgc_meta":"","yoast_head":"<!-- This site is optimized with the Yoast SEO plugin v23.0 - https:\/\/yoast.com\/wordpress\/plugins\/seo\/ -->\n<title>Maitsetaimed - Fiestonia<\/title>\n<meta name=\"robots\" content=\"index, follow, max-snippet:-1, max-image-preview:large, max-video-preview:-1\" \/>\n<link rel=\"canonical\" href=\"https:\/\/fiestonia.ee\/en\/maitsetaimed\/\" \/>\n<meta property=\"og:locale\" content=\"en_US\" \/>\n<meta property=\"og:type\" content=\"article\" \/>\n<meta property=\"og:title\" content=\"Maitsetaimed - Fiestonia\" \/>\n<meta property=\"og:description\" content=\"Maitsetaimed, aia aromaatsed ehted, lisavad meie ellu nii maitset kui ka l\u00f5hna. Alates rosmariini j\u00f5ulisest l\u00f5hnast kuni basiiliku \u00f5rna ahvatlemiseni pakuvad need kulinaarsed imed maitsete ja l\u00f5hnade s\u00fcmfooniat, et meeli k\u00f6ita. \u00dcksk\u00f5ik, kas pesitsete p\u00e4ikesek\u00fcllasel k\u00f6\u00f6gi aknalaual v\u00f5i \u00f5itsevad rikkalikus aias, r\u00f5\u00f5mustavad \u00fcrdid oma mitmek\u00fclgsusega, t\u00e4iustavad roogasid oma v\u00e4rske olemusega v\u00f5i rahustavad haigusi oma raviomadustega. [&hellip;]\" \/>\n<meta property=\"og:url\" content=\"https:\/\/fiestonia.ee\/en\/maitsetaimed\/\" \/>\n<meta property=\"og:site_name\" content=\"Fiestonia\" \/>\n<meta property=\"article:modified_time\" content=\"2024-06-05T20:20:22+00:00\" \/>\n<meta property=\"og:image\" content=\"http:\/\/www.vatslalilled.ee\/wp-content\/uploads\/2024\/05\/3a7141fc-a26a-4c61-92ed-080a246fa1a8-1.jpg\" \/>\n<meta name=\"twitter:card\" content=\"summary_large_image\" \/>\n<meta name=\"twitter:label1\" content=\"Est. reading time\" \/>\n\t<meta name=\"twitter:data1\" content=\"1 minute\" \/>\n<script type=\"application\/ld+json\" class=\"yoast-schema-graph\">{\"@context\":\"https:\/\/schema.org\",\"@graph\":[{\"@type\":\"WebPage\",\"@id\":\"https:\/\/fiestonia.ee\/maitsetaimed\/\",\"url\":\"https:\/\/fiestonia.ee\/maitsetaimed\/\",\"name\":\"Maitsetaimed - Fiestonia\",\"isPartOf\":{\"@id\":\"https:\/\/fiestonia.ee\/et\/#website\"},\"primaryImageOfPage\":{\"@id\":\"https:\/\/fiestonia.ee\/maitsetaimed\/#primaryimage\"},\"image\":{\"@id\":\"https:\/\/fiestonia.ee\/maitsetaimed\/#primaryimage\"},\"thumbnailUrl\":\"http:\/\/www.vatslalilled.ee\/wp-content\/uploads\/2024\/05\/3a7141fc-a26a-4c61-92ed-080a246fa1a8-1.jpg\",\"datePublished\":\"2024-05-03T18:28:39+00:00\",\"dateModified\":\"2024-06-05T20:20:22+00:00\",\"breadcrumb\":{\"@id\":\"https:\/\/fiestonia.ee\/maitsetaimed\/#breadcrumb\"},\"inLanguage\":\"en-US\",\"potentialAction\":[{\"@type\":\"ReadAction\",\"target\":[\"https:\/\/fiestonia.ee\/maitsetaimed\/\"]}]},{\"@type\":\"ImageObject\",\"inLanguage\":\"en-US\",\"@id\":\"https:\/\/fiestonia.ee\/maitsetaimed\/#primaryimage\",\"url\":\"http:\/\/www.vatslalilled.ee\/wp-content\/uploads\/2024\/05\/3a7141fc-a26a-4c61-92ed-080a246fa1a8-1.jpg\",\"contentUrl\":\"http:\/\/www.vatslalilled.ee\/wp-content\/uploads\/2024\/05\/3a7141fc-a26a-4c61-92ed-080a246fa1a8-1.jpg\"},{\"@type\":\"BreadcrumbList\",\"@id\":\"https:\/\/fiestonia.ee\/maitsetaimed\/#breadcrumb\",\"itemListElement\":[{\"@type\":\"ListItem\",\"position\":1,\"name\":\"Home\",\"item\":\"https:\/\/fiestonia.ee\/et\/\"},{\"@type\":\"ListItem\",\"position\":2,\"name\":\"Maitsetaimed\"}]},{\"@type\":\"WebSite\",\"@id\":\"https:\/\/fiestonia.ee\/et\/#website\",\"url\":\"https:\/\/fiestonia.ee\/et\/\",\"name\":\"VATSLA LILLED\",\"description\":\"Fiesta Estonia\",\"publisher\":{\"@id\":\"https:\/\/fiestonia.ee\/et\/#organization\"},\"potentialAction\":[{\"@type\":\"SearchAction\",\"target\":{\"@type\":\"EntryPoint\",\"urlTemplate\":\"https:\/\/fiestonia.ee\/et\/?s={search_term_string}\"},\"query-input\":\"required name=search_term_string\"}],\"inLanguage\":\"en-US\"},{\"@type\":\"Organization\",\"@id\":\"https:\/\/fiestonia.ee\/et\/#organization\",\"name\":\"VATSLA LILLED\",\"url\":\"https:\/\/fiestonia.ee\/et\/\",\"logo\":{\"@type\":\"ImageObject\",\"inLanguage\":\"en-US\",\"@id\":\"https:\/\/fiestonia.ee\/et\/#\/schema\/logo\/image\/\",\"url\":\"http:\/\/www.vatslalilled.ee\/wp-content\/uploads\/2024\/04\/cropped-Screenshot-2024-04-06-205209.png\",\"contentUrl\":\"http:\/\/www.vatslalilled.ee\/wp-content\/uploads\/2024\/04\/cropped-Screenshot-2024-04-06-205209.png\",\"width\":512,\"height\":512,\"caption\":\"VATSLA LILLED\"},\"image\":{\"@id\":\"https:\/\/fiestonia.ee\/et\/#\/schema\/logo\/image\/\"}}]}<\/script>\n<!-- \/ Yoast SEO plugin. -->","yoast_head_json":{"title":"Maitsetaimed - Fiestonia","robots":{"index":"index","follow":"follow","max-snippet":"max-snippet:-1","max-image-preview":"max-image-preview:large","max-video-preview":"max-video-preview:-1"},"canonical":"https:\/\/fiestonia.ee\/en\/maitsetaimed\/","og_locale":"en_US","og_type":"article","og_title":"Maitsetaimed - Fiestonia","og_description":"Maitsetaimed, aia aromaatsed ehted, lisavad meie ellu nii maitset kui ka l\u00f5hna. Alates rosmariini j\u00f5ulisest l\u00f5hnast kuni basiiliku \u00f5rna ahvatlemiseni pakuvad need kulinaarsed imed maitsete ja l\u00f5hnade s\u00fcmfooniat, et meeli k\u00f6ita. \u00dcksk\u00f5ik, kas pesitsete p\u00e4ikesek\u00fcllasel k\u00f6\u00f6gi aknalaual v\u00f5i \u00f5itsevad rikkalikus aias, r\u00f5\u00f5mustavad \u00fcrdid oma mitmek\u00fclgsusega, t\u00e4iustavad roogasid oma v\u00e4rske olemusega v\u00f5i rahustavad haigusi oma raviomadustega. [&hellip;]","og_url":"https:\/\/fiestonia.ee\/en\/maitsetaimed\/","og_site_name":"Fiestonia","article_modified_time":"2024-06-05T20:20:22+00:00","og_image":[{"url":"http:\/\/www.vatslalilled.ee\/wp-content\/uploads\/2024\/05\/3a7141fc-a26a-4c61-92ed-080a246fa1a8-1.jpg"}],"twitter_card":"summary_large_image","twitter_misc":{"Est. reading time":"1 minute"},"schema":{"@context":"https:\/\/schema.org","@graph":[{"@type":"WebPage","@id":"https:\/\/fiestonia.ee\/maitsetaimed\/","url":"https:\/\/fiestonia.ee\/maitsetaimed\/","name":"Maitsetaimed - Fiestonia","isPartOf":{"@id":"https:\/\/fiestonia.ee\/et\/#website"},"primaryImageOfPage":{"@id":"https:\/\/fiestonia.ee\/maitsetaimed\/#primaryimage"},"image":{"@id":"https:\/\/fiestonia.ee\/maitsetaimed\/#primaryimage"},"thumbnailUrl":"http:\/\/www.vatslalilled.ee\/wp-content\/uploads\/2024\/05\/3a7141fc-a26a-4c61-92ed-080a246fa1a8-1.jpg","datePublished":"2024-05-03T18:28:39+00:00","dateModified":"2024-06-05T20:20:22+00:00","breadcrumb":{"@id":"https:\/\/fiestonia.ee\/maitsetaimed\/#breadcrumb"},"inLanguage":"en-US","potentialAction":[{"@type":"ReadAction","target":["https:\/\/fiestonia.ee\/maitsetaimed\/"]}]},{"@type":"ImageObject","inLanguage":"en-US","@id":"https:\/\/fiestonia.ee\/maitsetaimed\/#primaryimage","url":"http:\/\/www.vatslalilled.ee\/wp-content\/uploads\/2024\/05\/3a7141fc-a26a-4c61-92ed-080a246fa1a8-1.jpg","contentUrl":"http:\/\/www.vatslalilled.ee\/wp-content\/uploads\/2024\/05\/3a7141fc-a26a-4c61-92ed-080a246fa1a8-1.jpg"},{"@type":"BreadcrumbList","@id":"https:\/\/fiestonia.ee\/maitsetaimed\/#breadcrumb","itemListElement":[{"@type":"ListItem","position":1,"name":"Home","item":"https:\/\/fiestonia.ee\/et\/"},{"@type":"ListItem","position":2,"name":"Maitsetaimed"}]},{"@type":"WebSite","@id":"https:\/\/fiestonia.ee\/et\/#website","url":"https:\/\/fiestonia.ee\/et\/","name":"VATSLA LILLED","description":"Fiesta Estonia","publisher":{"@id":"https:\/\/fiestonia.ee\/et\/#organization"},"potentialAction":[{"@type":"SearchAction","target":{"@type":"EntryPoint","urlTemplate":"https:\/\/fiestonia.ee\/et\/?s={search_term_string}"},"query-input":"required name=search_term_string"}],"inLanguage":"en-US"},{"@type":"Organization","@id":"https:\/\/fiestonia.ee\/et\/#organization","name":"VATSLA LILLED","url":"https:\/\/fiestonia.ee\/et\/","logo":{"@type":"ImageObject","inLanguage":"en-US","@id":"https:\/\/fiestonia.ee\/et\/#\/schema\/logo\/image\/","url":"http:\/\/www.vatslalilled.ee\/wp-content\/uploads\/2024\/04\/cropped-Screenshot-2024-04-06-205209.png","contentUrl":"http:\/\/www.vatslalilled.ee\/wp-content\/uploads\/2024\/04\/cropped-Screenshot-2024-04-06-205209.png","width":512,"height":512,"caption":"VATSLA LILLED"},"image":{"@id":"https:\/\/fiestonia.ee\/et\/#\/schema\/logo\/image\/"}}]}},"amp_enabled":true,"_links":{"self":[{"href":"https:\/\/fiestonia.ee\/en\/wp-json\/wp\/v2\/pages\/319","targetHints":{"allow":["GET"]}}],"collection":[{"href":"https:\/\/fiestonia.ee\/en\/wp-json\/wp\/v2\/pages"}],"about":[{"href":"https:\/\/fiestonia.ee\/en\/wp-json\/wp\/v2\/types\/page"}],"author":[{"embeddable":true,"href":"https:\/\/fiestonia.ee\/en\/wp-json\/wp\/v2\/users\/1"}],"replies":[{"embeddable":true,"href":"https:\/\/fiestonia.ee\/en\/wp-json\/wp\/v2\/comments?post=319"}],"version-history":[{"count":5,"href":"https:\/\/fiestonia.ee\/en\/wp-json\/wp\/v2\/pages\/319\/revisions"}],"predecessor-version":[{"id":1234,"href":"https:\/\/fiestonia.ee\/en\/wp-json\/wp\/v2\/pages\/319\/revisions\/1234"}],"wp:attachment":[{"href":"https:\/\/fiestonia.ee\/en\/wp-json\/wp\/v2\/media?parent=319"}],"curies":[{"name":"wp","href":"https:\/\/api.w.org\/{rel}","templated":true}]}}