{"id":465,"date":"2024-05-06T23:15:08","date_gmt":"2024-05-06T20:15:08","guid":{"rendered":"http:\/\/www.vatslalilled.ee\/?page_id=465"},"modified":"2024-06-05T23:18:32","modified_gmt":"2024-06-05T20:18:32","slug":"bossa-nova-yellow","status":"publish","type":"page","link":"https:\/\/fiestonia.ee\/en\/bossa-nova-yellow\/","title":{"rendered":"Bossa Nova Yellow"},"content":{"rendered":"<div class=\"wp-block-columns is-layout-flex wp-container-core-columns-is-layout-28f84493 wp-block-columns-is-layout-flex\">\n<div class=\"wp-block-column is-layout-flow wp-block-column-is-layout-flow\" style=\"flex-basis:33.33%\">\n<figure class=\"wp-block-image size-full has-custom-border\"><img loading=\"lazy\" decoding=\"async\" width=\"500\" height=\"500\" src=\"http:\/\/www.vatslalilled.ee\/wp-content\/uploads\/2024\/05\/fdfd81cc-3e95-4d7d-85b1-0195ac5e6fa8-2.jpg\" alt=\"\" class=\"wp-image-513\" style=\"border-radius:50px\" srcset=\"https:\/\/fiestonia.ee\/wp-content\/uploads\/2024\/05\/fdfd81cc-3e95-4d7d-85b1-0195ac5e6fa8-2.jpg 500w, https:\/\/fiestonia.ee\/wp-content\/uploads\/2024\/05\/fdfd81cc-3e95-4d7d-85b1-0195ac5e6fa8-2-300x300.jpg 300w, https:\/\/fiestonia.ee\/wp-content\/uploads\/2024\/05\/fdfd81cc-3e95-4d7d-85b1-0195ac5e6fa8-2-150x150.jpg 150w, https:\/\/fiestonia.ee\/wp-content\/uploads\/2024\/05\/fdfd81cc-3e95-4d7d-85b1-0195ac5e6fa8-2-12x12.jpg 12w\" sizes=\"auto, (max-width: 500px) 100vw, 500px\" \/><\/figure>\n<\/div>\n\n\n\n<div class=\"wp-block-column is-layout-flow wp-block-column-is-layout-flow\" style=\"flex-basis:66.66%\">\n<p class=\"has-text-color has-link-color has-system-sans-serif-font-family wp-elements-e8f26d1588238600e57d96d3c8410bea\" style=\"color:#345c06;font-size:clamp(14px, 0.875rem + ((1vw - 3.2px) * 0.508), 20px);font-style:normal;font-weight:500\">Saadaval<\/p>\n\n\n\n<p class=\"has-text-color has-link-color has-system-sans-serif-font-family wp-elements-54199398e4f7b2ae5194a7c51581e19e\" style=\"color:#345c06;font-size:clamp(14px, 0.875rem + ((1vw - 3.2px) * 0.508), 20px);font-style:normal;font-weight:500\">Hind: 15-25\u20ac olenevalt suurusest<\/p>\n\n\n\n<details class=\"wp-block-details has-text-color has-link-color has-system-sans-serif-font-family wp-elements-1576540c2b9d79410a9c360552609062 is-layout-flow wp-block-details-is-layout-flow\" style=\"color:#345c06;font-size:clamp(14px, 0.875rem + ((1vw - 3.2px) * 0.508), 20px);font-style:normal;font-weight:500\"><summary>Kirjeldus<\/summary>\n<p class=\"has-text-color has-link-color has-system-sans-serif-font-family wp-elements-d3d5848f042b277762a87ff1254a5a39\" style=\"color:#345c06;font-size:clamp(0.875rem, 0.875rem + ((1vw - 0.2rem) * 0.169), 1rem);font-style:normal;font-weight:400\">BOSSA NOVA YELLOW talub mitmesuguseid p\u00e4ikesetingimusi, lausp\u00e4ikest kuni t\u00e4isvarjuni. Parim j\u00f5udlus poolvarjus. Parim kasvatada \u00fchtlaselt niiskes, rikkalikus, kiiresti kuivendavas pinnases osaliselt p\u00e4ikese k\u00e4es. Mugulad m\u00e4danevad liiga m\u00e4rjal v\u00f5i halvasti kuivendatud pinnasel.<\/p>\n\n\n\n<p class=\"has-text-color has-link-color has-system-sans-serif-font-family wp-elements-66004c6f11b6fe83736e127a3fe5f48b\" style=\"color:#345c06;font-size:clamp(0.875rem, 0.875rem + ((1vw - 0.2rem) * 0.169), 1rem);font-style:normal;font-weight:400\">Lilled \u00f5itsevad kogu hooaja kevadest k\u00fclmadeni.<\/p>\n\n\n\n<hr class=\"wp-block-separator has-alpha-channel-opacity\"\/>\n\n\n\n<p class=\"has-text-color has-link-color has-system-sans-serif-font-family wp-elements-dbc3609fc4bb158cf7a0e30c304190b6\" style=\"color:#345c06;font-size:clamp(0.875rem, 0.875rem + ((1vw - 0.2rem) * 0.169), 1rem);font-style:normal;font-weight:400\">Mugulaid saab talvitada siseruumides k\u00fclmematel aladel. P\u00e4rast esimest k\u00fclma l\u00f5igake varred t\u00e4ielikult tagasi ja hoidke kogu konteiner jahedas siseruumides, n\u00e4iteks k\u00fctmata garaa\u017eis v\u00f5i keldris. Kastke m\u00f5\u00f5dukalt, et mugulad ei m\u00e4daneks, kuid ka t\u00e4ielikult ei kuivaks.<\/p>\n<\/details>\n\n\n\n<details class=\"wp-block-details has-text-color has-link-color has-system-sans-serif-font-family wp-elements-2995887c125ec4a19f4624b3347b0c15 is-layout-flow wp-block-details-is-layout-flow\" style=\"color:#345c06;font-size:clamp(14px, 0.875rem + ((1vw - 3.2px) * 0.508), 20px);font-style:normal;font-weight:500\"><summary>Lisainfo<\/summary>\n<figure style=\"margin-top:0;margin-right:0;margin-bottom:0;margin-left:0;padding-top:0;padding-right:0;padding-bottom:0;padding-left:0;font-size:clamp(0.875rem, 0.875rem + ((1vw - 0.2rem) * 0.169), 1rem);font-style:normal;font-weight:400\" class=\"wp-block-table has-system-sans-serif-font-family\"><table class=\"has-text-color has-link-color has-fixed-layout\" style=\"color:#345c06\"><tbody><tr><td>Botaaniline nimi<\/td><td>Begonia boliviensis<\/td><\/tr><tr><td>M\u00f5\u00f5dud<\/td><td>K 30-40 cm\/ L 40-50 cm<\/td><\/tr><tr><td>Taime t\u00fc\u00fcp<\/td><td>\u00dcheaastane taim<\/td><\/tr><tr><td>Tingimused<\/td><td>Poolvari, vari, parasniiske muld<\/td><\/tr><tr><td>\u00d5itsemisperiood<\/td><td>Hiliskevad kuni esimeste k\u00fclmadeni<\/td><\/tr><tr><td>\u00d5ie v\u00e4rv<\/td><td>Kollane<\/td><\/tr><tr><td>Lisainfo<\/td><td>Kuumakindel, varju taluv, pidev \u00f5itsemine v\u00f5i uuesti \u00f5itsemine<\/td><\/tr><tr><td>Kasutus<\/td><td>Kasvuhooned, talveaiad, konteinerid, rippkorvid, aknakastid<\/td><\/tr><\/tbody><\/table><\/figure>\n<\/details>\n<\/div>\n<\/div>","protected":false},"excerpt":{"rendered":"<p>Saadaval Hind: 15-25\u20ac olenevalt suurusest<\/p>","protected":false},"author":1,"featured_media":0,"parent":0,"menu_order":0,"comment_status":"closed","ping_status":"closed","template":"page-with-sidebar","meta":{"pgc_meta":"","footnotes":""},"class_list":["post-465","page","type-page","status-publish","hentry"],"pgc_meta":"","yoast_head":"<!-- This site is optimized with the Yoast SEO plugin v23.0 - https:\/\/yoast.com\/wordpress\/plugins\/seo\/ -->\n<title>Bossa Nova Yellow - Fiestonia<\/title>\n<meta name=\"robots\" content=\"index, follow, max-snippet:-1, max-image-preview:large, max-video-preview:-1\" \/>\n<link rel=\"canonical\" href=\"https:\/\/fiestonia.ee\/en\/bossa-nova-yellow\/\" \/>\n<meta property=\"og:locale\" content=\"en_US\" \/>\n<meta property=\"og:type\" content=\"article\" \/>\n<meta property=\"og:title\" content=\"Bossa Nova Yellow - Fiestonia\" \/>\n<meta property=\"og:description\" content=\"Saadaval Hind: 15-25\u20ac olenevalt suurusest\" \/>\n<meta property=\"og:url\" content=\"https:\/\/fiestonia.ee\/en\/bossa-nova-yellow\/\" \/>\n<meta property=\"og:site_name\" content=\"Fiestonia\" \/>\n<meta property=\"article:modified_time\" content=\"2024-06-05T20:18:32+00:00\" \/>\n<meta property=\"og:image\" content=\"http:\/\/www.vatslalilled.ee\/wp-content\/uploads\/2024\/05\/fdfd81cc-3e95-4d7d-85b1-0195ac5e6fa8-2.jpg\" \/>\n<meta name=\"twitter:card\" content=\"summary_large_image\" \/>\n<script type=\"application\/ld+json\" class=\"yoast-schema-graph\">{\"@context\":\"https:\/\/schema.org\",\"@graph\":[{\"@type\":\"WebPage\",\"@id\":\"https:\/\/fiestonia.ee\/bossa-nova-yellow\/\",\"url\":\"https:\/\/fiestonia.ee\/bossa-nova-yellow\/\",\"name\":\"Bossa Nova Yellow - Fiestonia\",\"isPartOf\":{\"@id\":\"https:\/\/fiestonia.ee\/et\/#website\"},\"primaryImageOfPage\":{\"@id\":\"https:\/\/fiestonia.ee\/bossa-nova-yellow\/#primaryimage\"},\"image\":{\"@id\":\"https:\/\/fiestonia.ee\/bossa-nova-yellow\/#primaryimage\"},\"thumbnailUrl\":\"http:\/\/www.vatslalilled.ee\/wp-content\/uploads\/2024\/05\/fdfd81cc-3e95-4d7d-85b1-0195ac5e6fa8-2.jpg\",\"datePublished\":\"2024-05-06T20:15:08+00:00\",\"dateModified\":\"2024-06-05T20:18:32+00:00\",\"breadcrumb\":{\"@id\":\"https:\/\/fiestonia.ee\/bossa-nova-yellow\/#breadcrumb\"},\"inLanguage\":\"en-US\",\"potentialAction\":[{\"@type\":\"ReadAction\",\"target\":[\"https:\/\/fiestonia.ee\/bossa-nova-yellow\/\"]}]},{\"@type\":\"ImageObject\",\"inLanguage\":\"en-US\",\"@id\":\"https:\/\/fiestonia.ee\/bossa-nova-yellow\/#primaryimage\",\"url\":\"http:\/\/www.vatslalilled.ee\/wp-content\/uploads\/2024\/05\/fdfd81cc-3e95-4d7d-85b1-0195ac5e6fa8-2.jpg\",\"contentUrl\":\"http:\/\/www.vatslalilled.ee\/wp-content\/uploads\/2024\/05\/fdfd81cc-3e95-4d7d-85b1-0195ac5e6fa8-2.jpg\"},{\"@type\":\"BreadcrumbList\",\"@id\":\"https:\/\/fiestonia.ee\/bossa-nova-yellow\/#breadcrumb\",\"itemListElement\":[{\"@type\":\"ListItem\",\"position\":1,\"name\":\"Home\",\"item\":\"https:\/\/fiestonia.ee\/et\/\"},{\"@type\":\"ListItem\",\"position\":2,\"name\":\"Bossa Nova Yellow\"}]},{\"@type\":\"WebSite\",\"@id\":\"https:\/\/fiestonia.ee\/et\/#website\",\"url\":\"https:\/\/fiestonia.ee\/et\/\",\"name\":\"VATSLA LILLED\",\"description\":\"Fiesta Estonia\",\"publisher\":{\"@id\":\"https:\/\/fiestonia.ee\/et\/#organization\"},\"potentialAction\":[{\"@type\":\"SearchAction\",\"target\":{\"@type\":\"EntryPoint\",\"urlTemplate\":\"https:\/\/fiestonia.ee\/et\/?s={search_term_string}\"},\"query-input\":\"required name=search_term_string\"}],\"inLanguage\":\"en-US\"},{\"@type\":\"Organization\",\"@id\":\"https:\/\/fiestonia.ee\/et\/#organization\",\"name\":\"VATSLA LILLED\",\"url\":\"https:\/\/fiestonia.ee\/et\/\",\"logo\":{\"@type\":\"ImageObject\",\"inLanguage\":\"en-US\",\"@id\":\"https:\/\/fiestonia.ee\/et\/#\/schema\/logo\/image\/\",\"url\":\"http:\/\/www.vatslalilled.ee\/wp-content\/uploads\/2024\/04\/cropped-Screenshot-2024-04-06-205209.png\",\"contentUrl\":\"http:\/\/www.vatslalilled.ee\/wp-content\/uploads\/2024\/04\/cropped-Screenshot-2024-04-06-205209.png\",\"width\":512,\"height\":512,\"caption\":\"VATSLA LILLED\"},\"image\":{\"@id\":\"https:\/\/fiestonia.ee\/et\/#\/schema\/logo\/image\/\"}}]}<\/script>\n<!-- \/ Yoast SEO plugin. -->","yoast_head_json":{"title":"Bossa Nova Yellow - Fiestonia","robots":{"index":"index","follow":"follow","max-snippet":"max-snippet:-1","max-image-preview":"max-image-preview:large","max-video-preview":"max-video-preview:-1"},"canonical":"https:\/\/fiestonia.ee\/en\/bossa-nova-yellow\/","og_locale":"en_US","og_type":"article","og_title":"Bossa Nova Yellow - Fiestonia","og_description":"Saadaval Hind: 15-25\u20ac olenevalt suurusest","og_url":"https:\/\/fiestonia.ee\/en\/bossa-nova-yellow\/","og_site_name":"Fiestonia","article_modified_time":"2024-06-05T20:18:32+00:00","og_image":[{"url":"http:\/\/www.vatslalilled.ee\/wp-content\/uploads\/2024\/05\/fdfd81cc-3e95-4d7d-85b1-0195ac5e6fa8-2.jpg"}],"twitter_card":"summary_large_image","schema":{"@context":"https:\/\/schema.org","@graph":[{"@type":"WebPage","@id":"https:\/\/fiestonia.ee\/bossa-nova-yellow\/","url":"https:\/\/fiestonia.ee\/bossa-nova-yellow\/","name":"Bossa Nova Yellow - Fiestonia","isPartOf":{"@id":"https:\/\/fiestonia.ee\/et\/#website"},"primaryImageOfPage":{"@id":"https:\/\/fiestonia.ee\/bossa-nova-yellow\/#primaryimage"},"image":{"@id":"https:\/\/fiestonia.ee\/bossa-nova-yellow\/#primaryimage"},"thumbnailUrl":"http:\/\/www.vatslalilled.ee\/wp-content\/uploads\/2024\/05\/fdfd81cc-3e95-4d7d-85b1-0195ac5e6fa8-2.jpg","datePublished":"2024-05-06T20:15:08+00:00","dateModified":"2024-06-05T20:18:32+00:00","breadcrumb":{"@id":"https:\/\/fiestonia.ee\/bossa-nova-yellow\/#breadcrumb"},"inLanguage":"en-US","potentialAction":[{"@type":"ReadAction","target":["https:\/\/fiestonia.ee\/bossa-nova-yellow\/"]}]},{"@type":"ImageObject","inLanguage":"en-US","@id":"https:\/\/fiestonia.ee\/bossa-nova-yellow\/#primaryimage","url":"http:\/\/www.vatslalilled.ee\/wp-content\/uploads\/2024\/05\/fdfd81cc-3e95-4d7d-85b1-0195ac5e6fa8-2.jpg","contentUrl":"http:\/\/www.vatslalilled.ee\/wp-content\/uploads\/2024\/05\/fdfd81cc-3e95-4d7d-85b1-0195ac5e6fa8-2.jpg"},{"@type":"BreadcrumbList","@id":"https:\/\/fiestonia.ee\/bossa-nova-yellow\/#breadcrumb","itemListElement":[{"@type":"ListItem","position":1,"name":"Home","item":"https:\/\/fiestonia.ee\/et\/"},{"@type":"ListItem","position":2,"name":"Bossa Nova Yellow"}]},{"@type":"WebSite","@id":"https:\/\/fiestonia.ee\/et\/#website","url":"https:\/\/fiestonia.ee\/et\/","name":"VATSLA LILLED","description":"Fiesta Estonia","publisher":{"@id":"https:\/\/fiestonia.ee\/et\/#organization"},"potentialAction":[{"@type":"SearchAction","target":{"@type":"EntryPoint","urlTemplate":"https:\/\/fiestonia.ee\/et\/?s={search_term_string}"},"query-input":"required name=search_term_string"}],"inLanguage":"en-US"},{"@type":"Organization","@id":"https:\/\/fiestonia.ee\/et\/#organization","name":"VATSLA LILLED","url":"https:\/\/fiestonia.ee\/et\/","logo":{"@type":"ImageObject","inLanguage":"en-US","@id":"https:\/\/fiestonia.ee\/et\/#\/schema\/logo\/image\/","url":"http:\/\/www.vatslalilled.ee\/wp-content\/uploads\/2024\/04\/cropped-Screenshot-2024-04-06-205209.png","contentUrl":"http:\/\/www.vatslalilled.ee\/wp-content\/uploads\/2024\/04\/cropped-Screenshot-2024-04-06-205209.png","width":512,"height":512,"caption":"VATSLA LILLED"},"image":{"@id":"https:\/\/fiestonia.ee\/et\/#\/schema\/logo\/image\/"}}]}},"amp_enabled":true,"_links":{"self":[{"href":"https:\/\/fiestonia.ee\/en\/wp-json\/wp\/v2\/pages\/465","targetHints":{"allow":["GET"]}}],"collection":[{"href":"https:\/\/fiestonia.ee\/en\/wp-json\/wp\/v2\/pages"}],"about":[{"href":"https:\/\/fiestonia.ee\/en\/wp-json\/wp\/v2\/types\/page"}],"author":[{"embeddable":true,"href":"https:\/\/fiestonia.ee\/en\/wp-json\/wp\/v2\/users\/1"}],"replies":[{"embeddable":true,"href":"https:\/\/fiestonia.ee\/en\/wp-json\/wp\/v2\/comments?post=465"}],"version-history":[{"count":5,"href":"https:\/\/fiestonia.ee\/en\/wp-json\/wp\/v2\/pages\/465\/revisions"}],"predecessor-version":[{"id":1231,"href":"https:\/\/fiestonia.ee\/en\/wp-json\/wp\/v2\/pages\/465\/revisions\/1231"}],"wp:attachment":[{"href":"https:\/\/fiestonia.ee\/en\/wp-json\/wp\/v2\/media?parent=465"}],"curies":[{"name":"wp","href":"https:\/\/api.w.org\/{rel}","templated":true}]}}