{"id":97,"date":"2024-04-08T21:04:56","date_gmt":"2024-04-08T18:04:56","guid":{"rendered":"http:\/\/www.vatslalilled.ee\/?page_id=97"},"modified":"2024-09-02T21:52:22","modified_gmt":"2024-09-02T18:52:22","slug":"uudised","status":"publish","type":"page","link":"https:\/\/fiestonia.ee\/en\/uudised\/","title":{"rendered":"Services"},"content":{"rendered":"<div class=\"wp-block-columns is-layout-flex wp-container-core-columns-is-layout-dbfacf25 wp-block-columns-is-layout-flex\" style=\"margin-top:var(--wp--preset--spacing--40);margin-bottom:var(--wp--preset--spacing--40)\">\n<div class=\"wp-block-column is-layout-flow wp-block-column-is-layout-flow\" style=\"flex-basis:33.33%\"><nav class=\"is-responsive  is-vertical wp-block-navigation is-layout-flex wp-container-core-navigation-is-layout-fe9cc265 wp-block-navigation-is-layout-flex\" aria-label=\"Services\" \n\t\t data-wp-interactive=\"core\/navigation\" data-wp-context='{\"overlayOpenedBy\":{\"click\":false,\"hover\":false,\"focus\":false},\"type\":\"overlay\",\"roleAttribute\":\"\",\"ariaLabel\":\"Menu\"}'><button aria-haspopup=\"dialog\" aria-label=\"Open menu\" class=\"wp-block-navigation__responsive-container-open\" \n\t\t\t\tdata-wp-on--click=\"actions.openMenuOnClick\"\n\t\t\t\tdata-wp-on--keydown=\"actions.handleMenuKeydown\"\n\t\t\t><svg width=\"24\" height=\"24\" xmlns=\"http:\/\/www.w3.org\/2000\/svg\" viewbox=\"0 0 24 24\" aria-hidden=\"true\" focusable=\"false\"><path d=\"M4 7.5h16v1.5H4z\"><\/path><path d=\"M4 15h16v1.5H4z\"><\/path><\/svg><\/button>\n\t\t\t\t<div class=\"wp-block-navigation__responsive-container\"  id=\"modal-1\" \n\t\t\t\tdata-wp-class--has-modal-open=\"state.isMenuOpen\"\n\t\t\t\tdata-wp-class--is-menu-open=\"state.isMenuOpen\"\n\t\t\t\tdata-wp-watch=\"callbacks.initMenu\"\n\t\t\t\tdata-wp-on--keydown=\"actions.handleMenuKeydown\"\n\t\t\t\tdata-wp-on--focusout=\"actions.handleMenuFocusout\"\n\t\t\t\ttabindex=\"-1\"\n\t\t\t>\n\t\t\t\t\t<div class=\"wp-block-navigation__responsive-close\" tabindex=\"-1\">\n\t\t\t\t\t\t<div class=\"wp-block-navigation__responsive-dialog\" \n\t\t\t\tdata-wp-bind--aria-modal=\"state.ariaModal\"\n\t\t\t\tdata-wp-bind--aria-label=\"state.ariaLabel\"\n\t\t\t\tdata-wp-bind--role=\"state.roleAttribute\"\n\t\t\t>\n\t\t\t\t\t\t\t<button aria-label=\"Close menu\" class=\"wp-block-navigation__responsive-container-close\" \n\t\t\t\tdata-wp-on--click=\"actions.closeMenuOnClick\"\n\t\t\t><svg xmlns=\"http:\/\/www.w3.org\/2000\/svg\" viewbox=\"0 0 24 24\" width=\"24\" height=\"24\" aria-hidden=\"true\" focusable=\"false\"><path d=\"m13.06 12 6.47-6.47-1.06-1.06L12 10.94 5.53 4.47 4.47 5.53 10.94 12l-6.47 6.47 1.06 1.06L12 13.06l6.47 6.47 1.06-1.06L13.06 12Z\"><\/path><\/svg><\/button>\n\t\t\t\t\t\t\t<div class=\"wp-block-navigation__responsive-container-content\" \n\t\t\t\tdata-wp-watch=\"callbacks.focusFirstElement\"\n\t\t\t id=\"modal-1-content\">\n\t\t\t\t\t\t\t\t<ul class=\"wp-block-navigation__container is-responsive  is-vertical wp-block-navigation\"><li class=\"wp-block-navigation-item wp-block-navigation-link\"><a class=\"wp-block-navigation-item__content\"  href=\"https:\/\/fiestonia.ee\/en\/kokteilibaar\/\"><span class=\"wp-block-navigation-item__label\">COCKTAIL BAR<\/span><\/a><\/li><li class=\"wp-block-navigation-item wp-block-navigation-link\"><a class=\"wp-block-navigation-item__content\"  href=\"https:\/\/fiestonia.ee\/en\/dj-teenus\/\"><span class=\"wp-block-navigation-item__label\">DJ SERVICE<\/span><\/a><\/li><li class=\"wp-block-navigation-item wp-block-navigation-link\"><a class=\"wp-block-navigation-item__content\"  href=\"https:\/\/fiestonia.ee\/en\/kokteilide-tootuba\/\"><span class=\"wp-block-navigation-item__label\">COCKTAIL WORKSHOP<\/span><\/a><\/li><li class=\"wp-block-navigation-item wp-block-navigation-link\"><a class=\"wp-block-navigation-item__content\"  href=\"https:\/\/fiestonia.ee\/en\/latiino-tantsutunnid\/\"><span class=\"wp-block-navigation-item__label\">LATIN DANCE LESSONS<\/span><\/a><\/li><li class=\"wp-block-navigation-item wp-block-navigation-link\"><a class=\"wp-block-navigation-item__content\"  href=\"https:\/\/fiestonia.ee\/en\/kuuba-sigarride-rullimise-tootuba\/\"><span class=\"wp-block-navigation-item__label\">CUBAN CIGAR ROLLING WORKSHOP<\/span><\/a><\/li><\/ul>\n\t\t\t\t\t\t\t<\/div>\n\t\t\t\t\t\t<\/div>\n\t\t\t\t\t<\/div>\n\t\t\t\t<\/div><\/nav><\/div>\n\n\n\n<div class=\"wp-block-column is-vertically-aligned-top is-layout-flow wp-block-column-is-layout-flow\" style=\"flex-basis:66.66%\">\n<p class=\"has-text-align-left\"><strong>Bring the lively spirit of Latin culture to your events!<\/strong><\/p>\n\n\n\n<div style=\"height:21px\" aria-hidden=\"true\" class=\"wp-block-spacer\"><\/div>\n\n\n\n<p>Our goal is to add the energetic and vibrant nature of Latin culture to your events. Whether you are planning a corporate event, a birthday party, a wedding or an office party, our services will turn your event into an unforgettable celebration!<\/p>\n\n\n\n<div style=\"height:21px\" aria-hidden=\"true\" class=\"wp-block-spacer\"><\/div>\n\n\n\n<p>Our services:<\/p>\n\n\n\n<div style=\"height:10px\" aria-hidden=\"true\" class=\"wp-block-spacer\"><\/div>\n\n\n\n<p><strong>Cocktail bar<\/strong><\/p>\n\n\n\n<p>Quench your thirst with our cocktails. Our skilled bartenders prepare delicious drinks that capture tropical flavors and a festive mood.<\/p>\n\n\n\n<div style=\"height:10px\" aria-hidden=\"true\" class=\"wp-block-spacer\"><\/div>\n\n\n\n<p><strong>Catering<\/strong><\/p>\n\n\n\n<p>Delight your taste buds with our authentic Latin cuisine. Our catering service brings a delicious array of traditional dishes to your event.<\/p>\n\n\n\n<div style=\"height:10px\" aria-hidden=\"true\" class=\"wp-block-spacer\"><\/div>\n\n\n\n<p><strong>DJ\/Video DJ<\/strong><\/p>\n\n\n\n<p>Let the rhythm move you! Our professional DJs will keep the dance floor alive with the hottest beats, creating an electrifying atmosphere that your guests are sure to love!<\/p>\n\n\n\n<div style=\"height:10px\" aria-hidden=\"true\" class=\"wp-block-spacer\"><\/div>\n\n\n\n<p><strong>Cocktail workshop<\/strong><\/p>\n\n\n\n<p>Learn the art of cocktail making in our engaging workshops. Perfect for a team event or a fun party, our experts will teach you how to mix and shake your favorite cocktails.<\/p>\n\n\n\n<div style=\"height:10px\" aria-hidden=\"true\" class=\"wp-block-spacer\"><\/div>\n\n\n\n<p><strong>Latin dance lessons<\/strong><\/p>\n\n\n\n<p>Enhance your event with dance lessons! Our professional instructors will teach your guests popular Latin dance moves such as salsa, bachata and merengue, ensuring everyone has a great time on the dance floor.<\/p>\n\n\n\n<div style=\"height:10px\" aria-hidden=\"true\" class=\"wp-block-spacer\"><\/div>\n\n\n\n<p><strong>Cuban cigar rolling workshop<\/strong><\/p>\n\n\n\n<p>Experience the tradition of cigar rolling. Our workshops offer a fascinating glimpse into this timeless craft, allowing guests to roll and enjoy their very own cigars.<\/p>\n\n\n\n<div style=\"height:10px\" aria-hidden=\"true\" class=\"wp-block-spacer\"><\/div>\n\n\n\n<p><strong>Salsa drums workshop<\/strong><\/p>\n\n\n\n<p>Feel the beat in our interactive drums workshop. Learn Latin percussion rhythms and create a dynamic musical experience that will energize your event.<\/p>\n\n\n\n<div style=\"height:30px\" aria-hidden=\"true\" class=\"wp-block-spacer\"><\/div>\n\n\n\n<p><strong>Why choose us? <\/strong><\/p>\n\n\n\n<p>In our activities, we are passionate about sharing the beauty and excitement of Latino culture. Our team of experienced professionals is dedicated to providing quality services that meet your specific needs and preferences. Our goal is to create a vibrant and engaging experience that your guests will talk about for years. <\/p>\n\n\n\n<p><strong>We will make your event unforgettable! <\/strong><\/p>\n\n\n\n<p>Ready to add some Latin flair to your next event? Contact us today to learn more about our services and how we can help you create an extraordinary celebration.<\/p>\n<\/div>\n<\/div>","protected":false},"excerpt":{"rendered":"<p>Tooge oma \u00fcritustele ladinakultuuri elav vaim! Meie eesm\u00e4rk on lisada teie \u00fcritustele ladinakultuuri energilise ja elava olemuse. Olenemata sellest, kas plaanite firma\u00fcritust, s\u00fcnnip\u00e4evapidu, pulmi v\u00f5i kontoripidu, muudavad meie teenused teie s\u00fcndmuse unustamatuks pidup\u00e4evaks! Meie teenused: Kokteilibaar Kustutage janu meie kokteilidega. Meie osavad baarmenid valmistavad maitsvaid jooke, mis tabavad troopilisi maitseid ja pidulikku meeleolu. Catering R\u00f5\u00f5mustage [&hellip;]<\/p>","protected":false},"author":1,"featured_media":0,"parent":0,"menu_order":0,"comment_status":"open","ping_status":"closed","template":"page-no-title","meta":{"pgc_meta":"","footnotes":""},"class_list":["post-97","page","type-page","status-publish","hentry"],"pgc_meta":"","yoast_head":"<!-- This site is optimized with the Yoast SEO plugin v23.0 - https:\/\/yoast.com\/wordpress\/plugins\/seo\/ -->\n<title>Teenused - Fiestonia<\/title>\n<meta name=\"robots\" content=\"index, follow, max-snippet:-1, max-image-preview:large, max-video-preview:-1\" \/>\n<link rel=\"canonical\" href=\"https:\/\/fiestonia.ee\/en\/uudised\/\" \/>\n<meta property=\"og:locale\" content=\"en_US\" \/>\n<meta property=\"og:type\" content=\"article\" \/>\n<meta property=\"og:title\" content=\"Teenused - Fiestonia\" \/>\n<meta property=\"og:description\" content=\"Tooge oma \u00fcritustele ladinakultuuri elav vaim! Meie eesm\u00e4rk on lisada teie \u00fcritustele ladinakultuuri energilise ja elava olemuse. Olenemata sellest, kas plaanite firma\u00fcritust, s\u00fcnnip\u00e4evapidu, pulmi v\u00f5i kontoripidu, muudavad meie teenused teie s\u00fcndmuse unustamatuks pidup\u00e4evaks! Meie teenused: Kokteilibaar Kustutage janu meie kokteilidega. Meie osavad baarmenid valmistavad maitsvaid jooke, mis tabavad troopilisi maitseid ja pidulikku meeleolu. Catering R\u00f5\u00f5mustage [&hellip;]\" \/>\n<meta property=\"og:url\" content=\"https:\/\/fiestonia.ee\/en\/uudised\/\" \/>\n<meta property=\"og:site_name\" content=\"Fiestonia\" \/>\n<meta property=\"article:modified_time\" content=\"2024-09-02T18:52:22+00:00\" \/>\n<meta name=\"twitter:card\" content=\"summary_large_image\" \/>\n<script type=\"application\/ld+json\" class=\"yoast-schema-graph\">{\"@context\":\"https:\/\/schema.org\",\"@graph\":[{\"@type\":\"WebPage\",\"@id\":\"https:\/\/fiestonia.ee\/uudised\/\",\"url\":\"https:\/\/fiestonia.ee\/uudised\/\",\"name\":\"Teenused - Fiestonia\",\"isPartOf\":{\"@id\":\"https:\/\/fiestonia.ee\/et\/#website\"},\"datePublished\":\"2024-04-08T18:04:56+00:00\",\"dateModified\":\"2024-09-02T18:52:22+00:00\",\"breadcrumb\":{\"@id\":\"https:\/\/fiestonia.ee\/uudised\/#breadcrumb\"},\"inLanguage\":\"en-US\",\"potentialAction\":[{\"@type\":\"ReadAction\",\"target\":[\"https:\/\/fiestonia.ee\/uudised\/\"]}]},{\"@type\":\"BreadcrumbList\",\"@id\":\"https:\/\/fiestonia.ee\/uudised\/#breadcrumb\",\"itemListElement\":[{\"@type\":\"ListItem\",\"position\":1,\"name\":\"Home\",\"item\":\"https:\/\/fiestonia.ee\/et\/\"},{\"@type\":\"ListItem\",\"position\":2,\"name\":\"Teenused\"}]},{\"@type\":\"WebSite\",\"@id\":\"https:\/\/fiestonia.ee\/et\/#website\",\"url\":\"https:\/\/fiestonia.ee\/et\/\",\"name\":\"VATSLA LILLED\",\"description\":\"Fiesta Estonia\",\"publisher\":{\"@id\":\"https:\/\/fiestonia.ee\/et\/#organization\"},\"potentialAction\":[{\"@type\":\"SearchAction\",\"target\":{\"@type\":\"EntryPoint\",\"urlTemplate\":\"https:\/\/fiestonia.ee\/et\/?s={search_term_string}\"},\"query-input\":\"required name=search_term_string\"}],\"inLanguage\":\"en-US\"},{\"@type\":\"Organization\",\"@id\":\"https:\/\/fiestonia.ee\/et\/#organization\",\"name\":\"VATSLA LILLED\",\"url\":\"https:\/\/fiestonia.ee\/et\/\",\"logo\":{\"@type\":\"ImageObject\",\"inLanguage\":\"en-US\",\"@id\":\"https:\/\/fiestonia.ee\/et\/#\/schema\/logo\/image\/\",\"url\":\"http:\/\/www.vatslalilled.ee\/wp-content\/uploads\/2024\/04\/cropped-Screenshot-2024-04-06-205209.png\",\"contentUrl\":\"http:\/\/www.vatslalilled.ee\/wp-content\/uploads\/2024\/04\/cropped-Screenshot-2024-04-06-205209.png\",\"width\":512,\"height\":512,\"caption\":\"VATSLA LILLED\"},\"image\":{\"@id\":\"https:\/\/fiestonia.ee\/et\/#\/schema\/logo\/image\/\"}}]}<\/script>\n<!-- \/ Yoast SEO plugin. -->","yoast_head_json":{"title":"Teenused - Fiestonia","robots":{"index":"index","follow":"follow","max-snippet":"max-snippet:-1","max-image-preview":"max-image-preview:large","max-video-preview":"max-video-preview:-1"},"canonical":"https:\/\/fiestonia.ee\/en\/uudised\/","og_locale":"en_US","og_type":"article","og_title":"Teenused - Fiestonia","og_description":"Tooge oma \u00fcritustele ladinakultuuri elav vaim! Meie eesm\u00e4rk on lisada teie \u00fcritustele ladinakultuuri energilise ja elava olemuse. Olenemata sellest, kas plaanite firma\u00fcritust, s\u00fcnnip\u00e4evapidu, pulmi v\u00f5i kontoripidu, muudavad meie teenused teie s\u00fcndmuse unustamatuks pidup\u00e4evaks! Meie teenused: Kokteilibaar Kustutage janu meie kokteilidega. Meie osavad baarmenid valmistavad maitsvaid jooke, mis tabavad troopilisi maitseid ja pidulikku meeleolu. Catering R\u00f5\u00f5mustage [&hellip;]","og_url":"https:\/\/fiestonia.ee\/en\/uudised\/","og_site_name":"Fiestonia","article_modified_time":"2024-09-02T18:52:22+00:00","twitter_card":"summary_large_image","schema":{"@context":"https:\/\/schema.org","@graph":[{"@type":"WebPage","@id":"https:\/\/fiestonia.ee\/uudised\/","url":"https:\/\/fiestonia.ee\/uudised\/","name":"Teenused - Fiestonia","isPartOf":{"@id":"https:\/\/fiestonia.ee\/et\/#website"},"datePublished":"2024-04-08T18:04:56+00:00","dateModified":"2024-09-02T18:52:22+00:00","breadcrumb":{"@id":"https:\/\/fiestonia.ee\/uudised\/#breadcrumb"},"inLanguage":"en-US","potentialAction":[{"@type":"ReadAction","target":["https:\/\/fiestonia.ee\/uudised\/"]}]},{"@type":"BreadcrumbList","@id":"https:\/\/fiestonia.ee\/uudised\/#breadcrumb","itemListElement":[{"@type":"ListItem","position":1,"name":"Home","item":"https:\/\/fiestonia.ee\/et\/"},{"@type":"ListItem","position":2,"name":"Teenused"}]},{"@type":"WebSite","@id":"https:\/\/fiestonia.ee\/et\/#website","url":"https:\/\/fiestonia.ee\/et\/","name":"VATSLA LILLED","description":"Fiesta Estonia","publisher":{"@id":"https:\/\/fiestonia.ee\/et\/#organization"},"potentialAction":[{"@type":"SearchAction","target":{"@type":"EntryPoint","urlTemplate":"https:\/\/fiestonia.ee\/et\/?s={search_term_string}"},"query-input":"required name=search_term_string"}],"inLanguage":"en-US"},{"@type":"Organization","@id":"https:\/\/fiestonia.ee\/et\/#organization","name":"VATSLA LILLED","url":"https:\/\/fiestonia.ee\/et\/","logo":{"@type":"ImageObject","inLanguage":"en-US","@id":"https:\/\/fiestonia.ee\/et\/#\/schema\/logo\/image\/","url":"http:\/\/www.vatslalilled.ee\/wp-content\/uploads\/2024\/04\/cropped-Screenshot-2024-04-06-205209.png","contentUrl":"http:\/\/www.vatslalilled.ee\/wp-content\/uploads\/2024\/04\/cropped-Screenshot-2024-04-06-205209.png","width":512,"height":512,"caption":"VATSLA LILLED"},"image":{"@id":"https:\/\/fiestonia.ee\/et\/#\/schema\/logo\/image\/"}}]}},"amp_enabled":true,"_links":{"self":[{"href":"https:\/\/fiestonia.ee\/en\/wp-json\/wp\/v2\/pages\/97","targetHints":{"allow":["GET"]}}],"collection":[{"href":"https:\/\/fiestonia.ee\/en\/wp-json\/wp\/v2\/pages"}],"about":[{"href":"https:\/\/fiestonia.ee\/en\/wp-json\/wp\/v2\/types\/page"}],"author":[{"embeddable":true,"href":"https:\/\/fiestonia.ee\/en\/wp-json\/wp\/v2\/users\/1"}],"replies":[{"embeddable":true,"href":"https:\/\/fiestonia.ee\/en\/wp-json\/wp\/v2\/comments?post=97"}],"version-history":[{"count":5,"href":"https:\/\/fiestonia.ee\/en\/wp-json\/wp\/v2\/pages\/97\/revisions"}],"predecessor-version":[{"id":1853,"href":"https:\/\/fiestonia.ee\/en\/wp-json\/wp\/v2\/pages\/97\/revisions\/1853"}],"wp:attachment":[{"href":"https:\/\/fiestonia.ee\/en\/wp-json\/wp\/v2\/media?parent=97"}],"curies":[{"name":"wp","href":"https:\/\/api.w.org\/{rel}","templated":true}]}}