{"id":1486,"date":"2024-08-08T22:32:41","date_gmt":"2024-08-08T19:32:41","guid":{"rendered":"http:\/\/www.vatslalilled.ee\/?page_id=1486"},"modified":"2024-09-02T22:00:18","modified_gmt":"2024-09-02T19:00:18","slug":"catering","status":"publish","type":"page","link":"https:\/\/fiestonia.ee\/et\/catering\/","title":{"rendered":"CATERING"},"content":{"rendered":"\n<div class=\"wp-block-columns is-layout-flex wp-container-core-columns-is-layout-dbfacf25 wp-block-columns-is-layout-flex\" style=\"margin-top:var(--wp--preset--spacing--40);margin-bottom:var(--wp--preset--spacing--40)\">\n<div class=\"wp-block-column is-layout-flow wp-block-column-is-layout-flow\" style=\"flex-basis:33.33%\"><nav class=\"is-responsive  is-vertical wp-block-navigation is-layout-flex wp-container-core-navigation-is-layout-fe9cc265 wp-block-navigation-is-layout-flex\" aria-label=\"Teenused\" \n\t\t data-wp-interactive=\"core\/navigation\" data-wp-context='{\"overlayOpenedBy\":{\"click\":false,\"hover\":false,\"focus\":false},\"type\":\"overlay\",\"roleAttribute\":\"\",\"ariaLabel\":\"Men\\u00fc\\u00fc\"}'><button aria-haspopup=\"dialog\" aria-label=\"Ava men\u00fc\u00fc\" class=\"wp-block-navigation__responsive-container-open\" \n\t\t\t\tdata-wp-on--click=\"actions.openMenuOnClick\"\n\t\t\t\tdata-wp-on--keydown=\"actions.handleMenuKeydown\"\n\t\t\t><svg width=\"24\" height=\"24\" xmlns=\"http:\/\/www.w3.org\/2000\/svg\" viewBox=\"0 0 24 24\" aria-hidden=\"true\" focusable=\"false\"><path d=\"M4 7.5h16v1.5H4z\"><\/path><path d=\"M4 15h16v1.5H4z\"><\/path><\/svg><\/button>\n\t\t\t\t<div class=\"wp-block-navigation__responsive-container\"  id=\"modal-1\" \n\t\t\t\tdata-wp-class--has-modal-open=\"state.isMenuOpen\"\n\t\t\t\tdata-wp-class--is-menu-open=\"state.isMenuOpen\"\n\t\t\t\tdata-wp-watch=\"callbacks.initMenu\"\n\t\t\t\tdata-wp-on--keydown=\"actions.handleMenuKeydown\"\n\t\t\t\tdata-wp-on--focusout=\"actions.handleMenuFocusout\"\n\t\t\t\ttabindex=\"-1\"\n\t\t\t>\n\t\t\t\t\t<div class=\"wp-block-navigation__responsive-close\" tabindex=\"-1\">\n\t\t\t\t\t\t<div class=\"wp-block-navigation__responsive-dialog\" \n\t\t\t\tdata-wp-bind--aria-modal=\"state.ariaModal\"\n\t\t\t\tdata-wp-bind--aria-label=\"state.ariaLabel\"\n\t\t\t\tdata-wp-bind--role=\"state.roleAttribute\"\n\t\t\t>\n\t\t\t\t\t\t\t<button aria-label=\"Sulge men\u00fc\u00fc\" class=\"wp-block-navigation__responsive-container-close\" \n\t\t\t\tdata-wp-on--click=\"actions.closeMenuOnClick\"\n\t\t\t><svg xmlns=\"http:\/\/www.w3.org\/2000\/svg\" viewBox=\"0 0 24 24\" width=\"24\" height=\"24\" aria-hidden=\"true\" focusable=\"false\"><path d=\"m13.06 12 6.47-6.47-1.06-1.06L12 10.94 5.53 4.47 4.47 5.53 10.94 12l-6.47 6.47 1.06 1.06L12 13.06l6.47 6.47 1.06-1.06L13.06 12Z\"><\/path><\/svg><\/button>\n\t\t\t\t\t\t\t<div class=\"wp-block-navigation__responsive-container-content\" \n\t\t\t\tdata-wp-watch=\"callbacks.focusFirstElement\"\n\t\t\t id=\"modal-1-content\">\n\t\t\t\t\t\t\t\t<ul class=\"wp-block-navigation__container is-responsive  is-vertical wp-block-navigation\"><li class=\" wp-block-navigation-item wp-block-navigation-link\"><a class=\"wp-block-navigation-item__content\"  href=\"http:\/\/www.vatslalilled.ee\/kokteilibaar\/\"><span class=\"wp-block-navigation-item__label\">KOKTEILIBAAR<\/span><\/a><\/li><li class=\" wp-block-navigation-item wp-block-navigation-link\"><a class=\"wp-block-navigation-item__content\"  href=\"http:\/\/www.vatslalilled.ee\/dj-teenus\/\"><span class=\"wp-block-navigation-item__label\">DJ TEENUS<\/span><\/a><\/li><li class=\" wp-block-navigation-item wp-block-navigation-link\"><a class=\"wp-block-navigation-item__content\"  href=\"http:\/\/www.vatslalilled.ee\/kokteilide-tootuba\/\"><span class=\"wp-block-navigation-item__label\">KOKTEILIDE T\u00d6\u00d6TUBA<\/span><\/a><\/li><li class=\" wp-block-navigation-item wp-block-navigation-link\"><a class=\"wp-block-navigation-item__content\"  href=\"http:\/\/www.vatslalilled.ee\/latiino-tantsutunnid\/\"><span class=\"wp-block-navigation-item__label\">LATIINO TANTSUTUNNID<\/span><\/a><\/li><li class=\" wp-block-navigation-item wp-block-navigation-link\"><a class=\"wp-block-navigation-item__content\"  href=\"http:\/\/www.vatslalilled.ee\/kuuba-sigarride-rullimise-tootuba\/\"><span class=\"wp-block-navigation-item__label\">KUUBA SIGARRIDE RULLIMISE T\u00d6\u00d6TUBA<\/span><\/a><\/li><\/ul>\n\t\t\t\t\t\t\t<\/div>\n\t\t\t\t\t\t<\/div>\n\t\t\t\t\t<\/div>\n\t\t\t\t<\/div><\/nav><\/div>\n\n\n\n<div class=\"wp-block-column is-vertically-aligned-top is-layout-flow wp-block-column-is-layout-flow\" style=\"flex-basis:66.66%\">\n<h2 class=\"wp-block-heading\">Ladina toitlustusteenused<\/h2>\n\n\n\n<div style=\"height:5px\" aria-hidden=\"true\" class=\"wp-block-spacer\"><\/div>\n\n\n\n<p class=\"has-text-align-left\"><strong>Nautige Ladina k\u00f6\u00f6gi maitseid meie toitlustusteenustega.<\/strong><\/p>\n\n\n\n<div style=\"height:10px\" aria-hidden=\"true\" class=\"wp-block-spacer\"><\/div>\n\n\n\n<p>Tooge Ladina-Ameerika rikkalikud ja erksad maitsed oma j\u00e4rgmisele \u00fcritusele meie spetsiaalse toitlustusteenustega. Olgu tegemist ettev\u00f5tte koosviibimise, erapeo v\u00f5i erilise pidustusega, meie autentsed ladina toidud avaldavad teie k\u00fclalistele kindlasti muljet ja lisavad teie s\u00fcndmusele ainulaadse kulinaarse kogemuse.<\/p>\n\n\n\n<div style=\"height:10px\" aria-hidden=\"true\" class=\"wp-block-spacer\"><\/div>\n\n\n\n<p><strong>Mida me pakume:<\/strong><\/p>\n\n\n\n<ul class=\"wp-block-list\">\n<li style=\"font-size:clamp(0.875rem, 0.875rem + ((1vw - 0.2rem) * 0.508), 1.25rem);\">Autentsed ladina toidud: meie men\u00fc\u00fcs on valik traditsioonilisi ladina roogasid, mis on valmistatud v\u00e4rskeimatest koostisosadest ja ajastutruudest retseptidest. Meie firmaroogade hulka kuuluvad:\n<ul class=\"wp-block-list\">\n<li>Ropa Vieja: klassikaline Kuuba roog hakitud veiselihast, mis on hautatud soolases tomatikastmes koos paprika, sibula ja v\u00fcrtsidega.<\/li>\n\n\n\n<li>Pollo Guisado: maitsev hautis, mis on valmistatud pehmest kanast, kartulist ja k\u00f6\u00f6giviljadest, mis on aeglaselt keedetud rikkalikus maitsestatud puljongis.<\/li>\n<\/ul>\n<\/li>\n\n\n\n<li style=\"font-size:clamp(0.875rem, 0.875rem + ((1vw - 0.2rem) * 0.508), 1.25rem);\">Kohandatavad men\u00fc\u00fcd: m\u00f5istame, et iga s\u00fcndmus on ainulaadne. Seet\u00f5ttu pakume kohandatavaid men\u00fc\u00fcsid, mis vastavad teie konkreetsetele vajadustele ja eelistustele. \u00dcksk\u00f5ik, kas otsite t\u00e4ielikku buffee v\u00f5i tavalisemat tapase stiilis teenust, teeme teiega koost\u00f6\u00f6d, et luua t\u00e4iuslik men\u00fc\u00fc.<\/li>\n\n\n\n<li style=\"font-size:clamp(0.875rem, 0.875rem + ((1vw - 0.2rem) * 0.508), 1.25rem);\">Kultuurikogemus: meie toitlustusteenus ei seisne ainult toidus \u2013 see on ladina kultuuri vaimu toomine teie \u00fcritusele. Meie eesm\u00e4rk on pakkuda autentset ja kaasahaaravat kogemust elavatest maitsetest sooja ja k\u00fclalislahke teeninduseni.<\/li>\n\n\n\n<li style=\"font-size:clamp(0.875rem, 0.875rem + ((1vw - 0.2rem) * 0.508), 1.25rem);\">Professionaalne teenindus: meie kogenud kokkade ja toitlustuspersonali meeskond on p\u00fchendunud erakordse teeninduse pakkumisele. Me tegeleme k\u00f5igi \u00fcksikasjadega, alates seadistamisest kuni puhastamiseni, et saaksite l\u00f5\u00f5gastuda ja oma \u00fcritust nautida.<\/li>\n<\/ul>\n\n\n\n<div style=\"height:10px\" aria-hidden=\"true\" class=\"wp-block-spacer\"><\/div>\n\n\n\n<p><strong>Miks valida meie ladina toitlustusteenuseid?<\/strong><\/p>\n\n\n\n<ul class=\"wp-block-list\">\n<li style=\"font-size:clamp(0.875rem, 0.875rem + ((1vw - 0.2rem) * 0.508), 1.25rem);\">Autentsus: Oleme spetsialiseerunud traditsioonilisele Ladina k\u00f6\u00f6gile, tuues teie lauale Ladina-Ameerika t\u00f5elised maitsed.<\/li>\n\n\n\n<li style=\"font-size:clamp(0.875rem, 0.875rem + ((1vw - 0.2rem) * 0.508), 1.25rem);\">Kvaliteetsed koostisosad: kasutame ainult v\u00e4rskeimaid ja k\u00f5rgeima kvaliteediga koostisosi, et iga roog oleks maitsev ja meeldej\u00e4\u00e4v.<\/li>\n\n\n\n<li style=\"font-size:clamp(0.875rem, 0.875rem + ((1vw - 0.2rem) * 0.508), 1.25rem);\">Mitmek\u00fclgsus: Meie toitlustusteenused sobivad v\u00e4ga erinevateks s\u00fcndmusteks alates intiimsetest koosviibimistest kuni suurte pidustusteni.<\/li>\n\n\n\n<li style=\"font-size:clamp(0.875rem, 0.875rem + ((1vw - 0.2rem) * 0.508), 1.25rem);\">Kultuurik\u00fcmblus: Lisaks toidule pakume t\u00e4ielikku kultuurikogemust, mis viib teie k\u00fclalised Ladina-Ameerika s\u00fcdamesse.<\/li>\n<\/ul>\n\n\n\n<div style=\"height:10px\" aria-hidden=\"true\" class=\"wp-block-spacer\"><\/div>\n\n\n\n<p><strong>Broneerige meie toitlustusteenused juba t\u00e4na!<\/strong><\/p>\n\n\n\n<p>Toome teie j\u00e4rgmisele \u00fcritusele ladina k\u00f6\u00f6gi erksad maitsed. Olenemata sellest, kas plaanite v\u00e4ikest koosviibimist v\u00f5i suurt pidustust, t\u00f5otavad meie toitlustusteenused r\u00f5\u00f5mustada teie k\u00fclalisi autentsete maitsete ja erakordse teenindusega. V\u00f5tke meiega kohe \u00fchendust, et alustada oma men\u00fc\u00fc koostamist ja muuta teie \u00fcritus t\u00f5eliselt unustamatuks.<\/p>\n<\/div>\n<\/div>\n","protected":false},"excerpt":{"rendered":"<p>Ladina toitlustusteenused Nautige Ladina k\u00f6\u00f6gi maitseid meie toitlustusteenustega. Tooge Ladina-Ameerika rikkalikud ja erksad maitsed oma j\u00e4rgmisele \u00fcritusele meie spetsiaalse toitlustusteenustega. Olgu tegemist ettev\u00f5tte koosviibimise, erapeo v\u00f5i erilise pidustusega, meie autentsed ladina toidud avaldavad teie k\u00fclalistele kindlasti muljet ja lisavad teie s\u00fcndmusele ainulaadse kulinaarse kogemuse. Mida me pakume: Miks valida meie ladina toitlustusteenuseid? Broneerige meie toitlustusteenused [&hellip;]<\/p>\n","protected":false},"author":1,"featured_media":0,"parent":0,"menu_order":0,"comment_status":"open","ping_status":"closed","template":"page-no-title","meta":{"pgc_meta":"","footnotes":""},"class_list":["post-1486","page","type-page","status-publish","hentry"],"pgc_meta":"","yoast_head":"<!-- This site is optimized with the Yoast SEO plugin v23.0 - https:\/\/yoast.com\/wordpress\/plugins\/seo\/ -->\n<title>CATERING - Fiestonia<\/title>\n<meta name=\"robots\" content=\"index, follow, max-snippet:-1, max-image-preview:large, max-video-preview:-1\" \/>\n<link rel=\"canonical\" href=\"http:\/\/fiestonia.ee\/et\/catering\/\" \/>\n<meta property=\"og:locale\" content=\"et_EE\" \/>\n<meta property=\"og:type\" content=\"article\" \/>\n<meta property=\"og:title\" content=\"CATERING - Fiestonia\" \/>\n<meta property=\"og:description\" content=\"Ladina toitlustusteenused Nautige Ladina k\u00f6\u00f6gi maitseid meie toitlustusteenustega. Tooge Ladina-Ameerika rikkalikud ja erksad maitsed oma j\u00e4rgmisele \u00fcritusele meie spetsiaalse toitlustusteenustega. Olgu tegemist ettev\u00f5tte koosviibimise, erapeo v\u00f5i erilise pidustusega, meie autentsed ladina toidud avaldavad teie k\u00fclalistele kindlasti muljet ja lisavad teie s\u00fcndmusele ainulaadse kulinaarse kogemuse. Mida me pakume: Miks valida meie ladina toitlustusteenuseid? Broneerige meie toitlustusteenused [&hellip;]\" \/>\n<meta property=\"og:url\" content=\"http:\/\/fiestonia.ee\/et\/catering\/\" \/>\n<meta property=\"og:site_name\" content=\"Fiestonia\" \/>\n<meta property=\"article:modified_time\" content=\"2024-09-02T19:00:18+00:00\" \/>\n<meta name=\"twitter:card\" content=\"summary_large_image\" \/>\n<meta name=\"twitter:label1\" content=\"Est. reading time\" \/>\n\t<meta name=\"twitter:data1\" content=\"2 minutit\" \/>\n<script type=\"application\/ld+json\" class=\"yoast-schema-graph\">{\"@context\":\"https:\/\/schema.org\",\"@graph\":[{\"@type\":\"WebPage\",\"@id\":\"http:\/\/fiestonia.ee\/et\/catering\/\",\"url\":\"http:\/\/fiestonia.ee\/et\/catering\/\",\"name\":\"CATERING - Fiestonia\",\"isPartOf\":{\"@id\":\"https:\/\/fiestonia.ee\/et\/#website\"},\"datePublished\":\"2024-08-08T19:32:41+00:00\",\"dateModified\":\"2024-09-02T19:00:18+00:00\",\"breadcrumb\":{\"@id\":\"http:\/\/fiestonia.ee\/et\/catering\/#breadcrumb\"},\"inLanguage\":\"et\",\"potentialAction\":[{\"@type\":\"ReadAction\",\"target\":[\"http:\/\/fiestonia.ee\/et\/catering\/\"]}]},{\"@type\":\"BreadcrumbList\",\"@id\":\"http:\/\/fiestonia.ee\/et\/catering\/#breadcrumb\",\"itemListElement\":[{\"@type\":\"ListItem\",\"position\":1,\"name\":\"Home\",\"item\":\"https:\/\/fiestonia.ee\/et\/\"},{\"@type\":\"ListItem\",\"position\":2,\"name\":\"CATERING\"}]},{\"@type\":\"WebSite\",\"@id\":\"https:\/\/fiestonia.ee\/et\/#website\",\"url\":\"https:\/\/fiestonia.ee\/et\/\",\"name\":\"VATSLA LILLED\",\"description\":\"Fiesta Estonia\",\"publisher\":{\"@id\":\"https:\/\/fiestonia.ee\/et\/#organization\"},\"potentialAction\":[{\"@type\":\"SearchAction\",\"target\":{\"@type\":\"EntryPoint\",\"urlTemplate\":\"https:\/\/fiestonia.ee\/et\/?s={search_term_string}\"},\"query-input\":\"required name=search_term_string\"}],\"inLanguage\":\"et\"},{\"@type\":\"Organization\",\"@id\":\"https:\/\/fiestonia.ee\/et\/#organization\",\"name\":\"VATSLA LILLED\",\"url\":\"https:\/\/fiestonia.ee\/et\/\",\"logo\":{\"@type\":\"ImageObject\",\"inLanguage\":\"et\",\"@id\":\"https:\/\/fiestonia.ee\/et\/#\/schema\/logo\/image\/\",\"url\":\"http:\/\/www.vatslalilled.ee\/wp-content\/uploads\/2024\/04\/cropped-Screenshot-2024-04-06-205209.png\",\"contentUrl\":\"http:\/\/www.vatslalilled.ee\/wp-content\/uploads\/2024\/04\/cropped-Screenshot-2024-04-06-205209.png\",\"width\":512,\"height\":512,\"caption\":\"VATSLA LILLED\"},\"image\":{\"@id\":\"https:\/\/fiestonia.ee\/et\/#\/schema\/logo\/image\/\"}}]}<\/script>\n<!-- \/ Yoast SEO plugin. -->","yoast_head_json":{"title":"CATERING - Fiestonia","robots":{"index":"index","follow":"follow","max-snippet":"max-snippet:-1","max-image-preview":"max-image-preview:large","max-video-preview":"max-video-preview:-1"},"canonical":"http:\/\/fiestonia.ee\/et\/catering\/","og_locale":"et_EE","og_type":"article","og_title":"CATERING - Fiestonia","og_description":"Ladina toitlustusteenused Nautige Ladina k\u00f6\u00f6gi maitseid meie toitlustusteenustega. Tooge Ladina-Ameerika rikkalikud ja erksad maitsed oma j\u00e4rgmisele \u00fcritusele meie spetsiaalse toitlustusteenustega. Olgu tegemist ettev\u00f5tte koosviibimise, erapeo v\u00f5i erilise pidustusega, meie autentsed ladina toidud avaldavad teie k\u00fclalistele kindlasti muljet ja lisavad teie s\u00fcndmusele ainulaadse kulinaarse kogemuse. Mida me pakume: Miks valida meie ladina toitlustusteenuseid? Broneerige meie toitlustusteenused [&hellip;]","og_url":"http:\/\/fiestonia.ee\/et\/catering\/","og_site_name":"Fiestonia","article_modified_time":"2024-09-02T19:00:18+00:00","twitter_card":"summary_large_image","twitter_misc":{"Est. reading time":"2 minutit"},"schema":{"@context":"https:\/\/schema.org","@graph":[{"@type":"WebPage","@id":"http:\/\/fiestonia.ee\/et\/catering\/","url":"http:\/\/fiestonia.ee\/et\/catering\/","name":"CATERING - Fiestonia","isPartOf":{"@id":"https:\/\/fiestonia.ee\/et\/#website"},"datePublished":"2024-08-08T19:32:41+00:00","dateModified":"2024-09-02T19:00:18+00:00","breadcrumb":{"@id":"http:\/\/fiestonia.ee\/et\/catering\/#breadcrumb"},"inLanguage":"et","potentialAction":[{"@type":"ReadAction","target":["http:\/\/fiestonia.ee\/et\/catering\/"]}]},{"@type":"BreadcrumbList","@id":"http:\/\/fiestonia.ee\/et\/catering\/#breadcrumb","itemListElement":[{"@type":"ListItem","position":1,"name":"Home","item":"https:\/\/fiestonia.ee\/et\/"},{"@type":"ListItem","position":2,"name":"CATERING"}]},{"@type":"WebSite","@id":"https:\/\/fiestonia.ee\/et\/#website","url":"https:\/\/fiestonia.ee\/et\/","name":"VATSLA LILLED","description":"Fiesta Estonia","publisher":{"@id":"https:\/\/fiestonia.ee\/et\/#organization"},"potentialAction":[{"@type":"SearchAction","target":{"@type":"EntryPoint","urlTemplate":"https:\/\/fiestonia.ee\/et\/?s={search_term_string}"},"query-input":"required name=search_term_string"}],"inLanguage":"et"},{"@type":"Organization","@id":"https:\/\/fiestonia.ee\/et\/#organization","name":"VATSLA LILLED","url":"https:\/\/fiestonia.ee\/et\/","logo":{"@type":"ImageObject","inLanguage":"et","@id":"https:\/\/fiestonia.ee\/et\/#\/schema\/logo\/image\/","url":"http:\/\/www.vatslalilled.ee\/wp-content\/uploads\/2024\/04\/cropped-Screenshot-2024-04-06-205209.png","contentUrl":"http:\/\/www.vatslalilled.ee\/wp-content\/uploads\/2024\/04\/cropped-Screenshot-2024-04-06-205209.png","width":512,"height":512,"caption":"VATSLA LILLED"},"image":{"@id":"https:\/\/fiestonia.ee\/et\/#\/schema\/logo\/image\/"}}]}},"amp_enabled":true,"_links":{"self":[{"href":"https:\/\/fiestonia.ee\/et\/wp-json\/wp\/v2\/pages\/1486","targetHints":{"allow":["GET"]}}],"collection":[{"href":"https:\/\/fiestonia.ee\/et\/wp-json\/wp\/v2\/pages"}],"about":[{"href":"https:\/\/fiestonia.ee\/et\/wp-json\/wp\/v2\/types\/page"}],"author":[{"embeddable":true,"href":"https:\/\/fiestonia.ee\/et\/wp-json\/wp\/v2\/users\/1"}],"replies":[{"embeddable":true,"href":"https:\/\/fiestonia.ee\/et\/wp-json\/wp\/v2\/comments?post=1486"}],"version-history":[{"count":5,"href":"https:\/\/fiestonia.ee\/et\/wp-json\/wp\/v2\/pages\/1486\/revisions"}],"predecessor-version":[{"id":1861,"href":"https:\/\/fiestonia.ee\/et\/wp-json\/wp\/v2\/pages\/1486\/revisions\/1861"}],"wp:attachment":[{"href":"https:\/\/fiestonia.ee\/et\/wp-json\/wp\/v2\/media?parent=1486"}],"curies":[{"name":"wp","href":"https:\/\/api.w.org\/{rel}","templated":true}]}}