{"id":1495,"date":"2024-08-08T22:38:10","date_gmt":"2024-08-08T19:38:10","guid":{"rendered":"http:\/\/www.vatslalilled.ee\/?page_id=1495"},"modified":"2026-04-06T12:44:43","modified_gmt":"2026-04-06T09:44:43","slug":"dj-teenus","status":"publish","type":"page","link":"https:\/\/fiestonia.ee\/et\/dj-teenus\/","title":{"rendered":"DJ TEENUS"},"content":{"rendered":"\n<div class=\"wp-block-columns is-layout-flex wp-container-core-columns-is-layout-dbfacf25 wp-block-columns-is-layout-flex\" style=\"margin-top:var(--wp--preset--spacing--40);margin-bottom:var(--wp--preset--spacing--40)\">\n<div class=\"wp-block-column is-layout-flow wp-block-column-is-layout-flow\" style=\"flex-basis:33.33%\"><nav class=\"is-responsive  is-vertical wp-block-navigation is-layout-flex wp-container-core-navigation-is-layout-fe9cc265 wp-block-navigation-is-layout-flex\" aria-label=\"Teenused\" \n\t\t data-wp-interactive=\"core\/navigation\" data-wp-context='{\"overlayOpenedBy\":{\"click\":false,\"hover\":false,\"focus\":false},\"type\":\"overlay\",\"roleAttribute\":\"\",\"ariaLabel\":\"Men\\u00fc\\u00fc\"}'><button aria-haspopup=\"dialog\" aria-label=\"Ava men\u00fc\u00fc\" class=\"wp-block-navigation__responsive-container-open\" \n\t\t\t\tdata-wp-on--click=\"actions.openMenuOnClick\"\n\t\t\t\tdata-wp-on--keydown=\"actions.handleMenuKeydown\"\n\t\t\t><svg width=\"24\" height=\"24\" xmlns=\"http:\/\/www.w3.org\/2000\/svg\" viewBox=\"0 0 24 24\" aria-hidden=\"true\" focusable=\"false\"><path d=\"M4 7.5h16v1.5H4z\"><\/path><path d=\"M4 15h16v1.5H4z\"><\/path><\/svg><\/button>\n\t\t\t\t<div class=\"wp-block-navigation__responsive-container\"  id=\"modal-1\" \n\t\t\t\tdata-wp-class--has-modal-open=\"state.isMenuOpen\"\n\t\t\t\tdata-wp-class--is-menu-open=\"state.isMenuOpen\"\n\t\t\t\tdata-wp-watch=\"callbacks.initMenu\"\n\t\t\t\tdata-wp-on--keydown=\"actions.handleMenuKeydown\"\n\t\t\t\tdata-wp-on--focusout=\"actions.handleMenuFocusout\"\n\t\t\t\ttabindex=\"-1\"\n\t\t\t>\n\t\t\t\t\t<div class=\"wp-block-navigation__responsive-close\" tabindex=\"-1\">\n\t\t\t\t\t\t<div class=\"wp-block-navigation__responsive-dialog\" \n\t\t\t\tdata-wp-bind--aria-modal=\"state.ariaModal\"\n\t\t\t\tdata-wp-bind--aria-label=\"state.ariaLabel\"\n\t\t\t\tdata-wp-bind--role=\"state.roleAttribute\"\n\t\t\t>\n\t\t\t\t\t\t\t<button aria-label=\"Sulge men\u00fc\u00fc\" class=\"wp-block-navigation__responsive-container-close\" \n\t\t\t\tdata-wp-on--click=\"actions.closeMenuOnClick\"\n\t\t\t><svg xmlns=\"http:\/\/www.w3.org\/2000\/svg\" viewBox=\"0 0 24 24\" width=\"24\" height=\"24\" aria-hidden=\"true\" focusable=\"false\"><path d=\"m13.06 12 6.47-6.47-1.06-1.06L12 10.94 5.53 4.47 4.47 5.53 10.94 12l-6.47 6.47 1.06 1.06L12 13.06l6.47 6.47 1.06-1.06L13.06 12Z\"><\/path><\/svg><\/button>\n\t\t\t\t\t\t\t<div class=\"wp-block-navigation__responsive-container-content\" \n\t\t\t\tdata-wp-watch=\"callbacks.focusFirstElement\"\n\t\t\t id=\"modal-1-content\">\n\t\t\t\t\t\t\t\t<ul class=\"wp-block-navigation__container is-responsive  is-vertical wp-block-navigation\"><li class=\" wp-block-navigation-item wp-block-navigation-link\"><a class=\"wp-block-navigation-item__content\"  href=\"http:\/\/www.vatslalilled.ee\/kokteilibaar\/\"><span class=\"wp-block-navigation-item__label\">KOKTEILIBAAR<\/span><\/a><\/li><li class=\" wp-block-navigation-item wp-block-navigation-link\"><a class=\"wp-block-navigation-item__content\"  href=\"http:\/\/www.vatslalilled.ee\/dj-teenus\/\"><span class=\"wp-block-navigation-item__label\">DJ TEENUS<\/span><\/a><\/li><li class=\" wp-block-navigation-item wp-block-navigation-link\"><a class=\"wp-block-navigation-item__content\"  href=\"http:\/\/www.vatslalilled.ee\/kokteilide-tootuba\/\"><span class=\"wp-block-navigation-item__label\">KOKTEILIDE T\u00d6\u00d6TUBA<\/span><\/a><\/li><li class=\" wp-block-navigation-item wp-block-navigation-link\"><a class=\"wp-block-navigation-item__content\"  href=\"http:\/\/www.vatslalilled.ee\/latiino-tantsutunnid\/\"><span class=\"wp-block-navigation-item__label\">LATIINO TANTSUTUNNID<\/span><\/a><\/li><li class=\" wp-block-navigation-item wp-block-navigation-link\"><a class=\"wp-block-navigation-item__content\"  href=\"http:\/\/www.vatslalilled.ee\/kuuba-sigarride-rullimise-tootuba\/\"><span class=\"wp-block-navigation-item__label\">KUUBA SIGARRIDE RULLIMISE T\u00d6\u00d6TUBA<\/span><\/a><\/li><\/ul>\n\t\t\t\t\t\t\t<\/div>\n\t\t\t\t\t\t<\/div>\n\t\t\t\t\t<\/div>\n\t\t\t\t<\/div><\/nav><\/div>\n\n\n\n<div class=\"wp-block-column is-vertically-aligned-top is-layout-flow wp-block-column-is-layout-flow\" style=\"flex-basis:66.66%\">\n<h2 class=\"wp-block-heading\">DJ ja video DJ teenused<\/h2>\n\n\n\n<div style=\"height:5px\" aria-hidden=\"true\" class=\"wp-block-spacer\"><\/div>\n\n\n\n<p class=\"has-text-align-left\"><strong>Looge unustamatuid pidusid meie DJ- ja video-DJ-teenustega<\/strong><\/p>\n\n\n\n<div style=\"height:10px\" aria-hidden=\"true\" class=\"wp-block-spacer\"><\/div>\n\n\n\n<p>Kas soovite korraldada pidu, kus k\u00f5ik tormavad tantsup\u00f5randale? \u00c4rge otsige enam! Meie DJ ja Video DJ teenused on ideaalne valik, et muuta teie \u00fcritus meeldej\u00e4\u00e4vaks ja energiat t\u00e4is. Meie ulatusliku kogemusega DJ-d teavad t\u00e4pselt, kuidas valida \u00f5igeid lugusid, et liigutada inimesi igas vanuses.<\/p>\n\n\n\n<div style=\"height:10px\" aria-hidden=\"true\" class=\"wp-block-spacer\"><\/div>\n\n\n\n<p><strong>Meie teenused:<\/strong><\/p>\n\n\n\n<ul class=\"wp-block-list\">\n<li style=\"font-size:clamp(0.875rem, 0.875rem + ((1vw - 0.2rem) * 0.508), 1.25rem);\">Asjatundlikud DJ-teenused: meie osavad DJ-d on spetsialiseerunud mitmesuguste muusika\u017eanrite segamisele, tagades d\u00fcnaamilise ja kaasahaarava atmosf\u00e4\u00e4ri. Oodake sujuvat segu j\u00e4rgmistest stiilidest:\n<ul class=\"wp-block-list\">\n<li style=\"font-size:clamp(0.875rem, 0.875rem + ((1vw - 0.2rem) * 0.508), 1.25rem);\">Ladina hitid <\/li>\n\n\n\n<li style=\"font-size:clamp(0.875rem, 0.875rem + ((1vw - 0.2rem) * 0.508), 1.25rem);\">Klubi h\u00fcmnid <\/li>\n\n\n\n<li style=\"font-size:clamp(0.875rem, 0.875rem + ((1vw - 0.2rem) * 0.508), 1.25rem);\">Poplemmikud <\/li>\n\n\n\n<li style=\"font-size:clamp(0.875rem, 0.875rem + ((1vw - 0.2rem) * 0.508), 1.25rem);\">Ikoonilised rokilood <\/li>\n\n\n\n<li style=\"font-size:clamp(0.875rem, 0.875rem + ((1vw - 0.2rem) * 0.508), 1.25rem);\">Diskoklassika <\/li>\n\n\n\n<li style=\"font-size:clamp(0.875rem, 0.875rem + ((1vw - 0.2rem) * 0.508), 1.25rem);\">R&#8217;n&#8217;B Grooves<\/li>\n<\/ul>\n<\/li>\n\n\n\n<li style=\"font-size:clamp(0.875rem, 0.875rem + ((1vw - 0.2rem) * 0.508), 1.25rem);\">Video DJ kogemus: t\u00f5stke oma \u00fcritust meie Video DJ teenusega k\u00f5rgemale. Vaadake, kuidas esitatavate lugude ametlikud muusikavideod projitseeritakse ekraanile, lisades peo atmosf\u00e4\u00e4ri t\u00e4iustava visuaalse elemendi.<\/li>\n\n\n\n<li style=\"font-size:clamp(0.875rem, 0.875rem + ((1vw - 0.2rem) * 0.508), 1.25rem);\">Varustuse rent: Pakume kvaliteetset heli- ja peovalgustite renti, et teie \u00fcritus oleks t\u00e4iuslikult sisustatud. Meie varustus tagab tipptasemel heli- ja visuaalefektid, mis hoiavad tantsup\u00f5randa t\u00e4is.<\/li>\n<\/ul>\n\n\n\n<div style=\"height:10px\" aria-hidden=\"true\" class=\"wp-block-spacer\"><\/div>\n\n\n\n<p><strong>Tutvuge meie DJ-dega:<\/strong><\/p>\n\n\n\n<div class=\"wp-block-media-text is-stacked-on-mobile\" style=\"grid-template-columns:36% auto\"><figure class=\"wp-block-media-text__media\"><img loading=\"lazy\" decoding=\"async\" width=\"1024\" height=\"576\" src=\"http:\/\/www.vatslalilled.ee\/wp-content\/uploads\/2024\/07\/4-1024x576.jpg\" alt=\"\" class=\"wp-image-1378 size-full\" srcset=\"https:\/\/fiestonia.ee\/wp-content\/uploads\/2024\/07\/4-1024x576.jpg 1024w, https:\/\/fiestonia.ee\/wp-content\/uploads\/2024\/07\/4-300x169.jpg 300w, https:\/\/fiestonia.ee\/wp-content\/uploads\/2024\/07\/4-768x432.jpg 768w, https:\/\/fiestonia.ee\/wp-content\/uploads\/2024\/07\/4-18x10.jpg 18w, https:\/\/fiestonia.ee\/wp-content\/uploads\/2024\/07\/4.jpg 1200w\" sizes=\"auto, (max-width: 1024px) 100vw, 1024px\" \/><\/figure><div class=\"wp-block-media-text__content\">\n<p><strong>Enrique<\/strong><\/p>\n\n\n\n<p>Kuubalt p\u00e4rit Enrique alustas oma DJ-karj\u00e4\u00e4ri kodumaal enne Euroopasse kolimist. Karisma ja nakatava r\u00f5\u00f5mu poolest tuntud Enrique on esinenud koos paljude Eesti ja Ladina artistidega kontsertidel, festivalidel ja erinevatel \u00fcritustel, sealhulgas firmade koosviibimistel, pulmadel, klubides ja erapidudel. Ta on k\u00e4inud esinemas Hispaanias, Itaalias, Rootsis, Soomes, Norras, T\u0161ehhi Vabariigis, Poolas, Islandil. Enrique v\u00f5ime rahvahulgaga \u00fchendust saada ja energiat k\u00f5rgel hoida teeb temast silmapaistva valiku igal \u00fcritusel.<\/p>\n<\/div><\/div>\n\n\n\n<div class=\"wp-block-media-text is-stacked-on-mobile is-image-fill-element\" style=\"grid-template-columns:36% auto\"><figure class=\"wp-block-media-text__media\"><img loading=\"lazy\" decoding=\"async\" width=\"683\" height=\"1024\" src=\"https:\/\/fiestonia.ee\/wp-content\/uploads\/2026\/04\/0-Ret-394A1696-1-683x1024.jpg\" alt=\"\" class=\"wp-image-1929 size-full\" style=\"object-position:36% 37%\" srcset=\"https:\/\/fiestonia.ee\/wp-content\/uploads\/2026\/04\/0-Ret-394A1696-1-683x1024.jpg 683w, https:\/\/fiestonia.ee\/wp-content\/uploads\/2026\/04\/0-Ret-394A1696-1-200x300.jpg 200w, https:\/\/fiestonia.ee\/wp-content\/uploads\/2026\/04\/0-Ret-394A1696-1-768x1152.jpg 768w, https:\/\/fiestonia.ee\/wp-content\/uploads\/2026\/04\/0-Ret-394A1696-1-1024x1536.jpg 1024w, https:\/\/fiestonia.ee\/wp-content\/uploads\/2026\/04\/0-Ret-394A1696-1-1365x2048.jpg 1365w, https:\/\/fiestonia.ee\/wp-content\/uploads\/2026\/04\/0-Ret-394A1696-1-8x12.jpg 8w, https:\/\/fiestonia.ee\/wp-content\/uploads\/2026\/04\/0-Ret-394A1696-1-scaled.jpg 1706w\" sizes=\"auto, (max-width: 683px) 100vw, 683px\" \/><\/figure><div class=\"wp-block-media-text__content\">\n<p><strong>Helena<\/strong><\/p>\n\n\n\n<p>Festivalidel ja klubides alanud karj\u00e4\u00e4riga on Lenast kiiresti saanud era\u00fcrituste n\u00f5utud DJ. Tema v\u00f5ime lugeda ruumi ja kohandada oma muusikavalikut tagab meeldej\u00e4\u00e4va elamuse k\u00f5igile kohalviibijatele. Lena mitmek\u00fclgsus ja kirg muusika vastu kumab l\u00e4bi igas esinemises.<\/p>\n<\/div><\/div>\n\n\n\n<div style=\"height:10px\" aria-hidden=\"true\" class=\"wp-block-spacer\"><\/div>\n\n\n\n<p><strong>Miks valida meid?<\/strong><\/p>\n\n\n\n<ul class=\"wp-block-list\">\n<li style=\"font-size:clamp(0.875rem, 0.875rem + ((1vw - 0.2rem) * 0.508), 1.25rem);\">Kogemus: Meie DJ-d toovad teie \u00fcritusele \u00fcle 50 aasta kombineeritud teadmisi, tagades sujuva ja professionaalse kogemuse.<\/li>\n\n\n\n<li style=\"font-size:clamp(0.875rem, 0.875rem + ((1vw - 0.2rem) * 0.508), 1.25rem);\">Mitmek\u00fclgsus: rahuldame k\u00f5iki muusikalisi maitseid ja eelistusi, luues mitmek\u00fclgse ja kaasava \u00f5hkkonna.<\/li>\n\n\n\n<li style=\"font-size:clamp(0.875rem, 0.875rem + ((1vw - 0.2rem) * 0.508), 1.25rem);\">Energia ja kaasamine: meie DJ-d teavad, kuidas luua elektrifitseerivat \u00f5hkkonda, mis hoiab tantsup\u00f5randa t\u00e4is.<\/li>\n\n\n\n<li style=\"font-size:clamp(0.875rem, 0.875rem + ((1vw - 0.2rem) * 0.508), 1.25rem);\">Kohandamine: teeme teiega tihedat koost\u00f6\u00f6d, et kohandada muusikat ja seadistust teie s\u00fcndmuse teema ja h\u00f5nguga.<\/li>\n<\/ul>\n\n\n\n<div style=\"height:10px\" aria-hidden=\"true\" class=\"wp-block-spacer\"><\/div>\n\n\n\n<p><strong>Broneerige meie DJ- ja video-DJ-teenused juba t\u00e4na!<\/strong><\/p>\n\n\n\n<p>Muutke oma j\u00e4rgmine \u00fcritus unustamatuks meie tipptasemel DJ- ja video-DJ-teenustega. Olgu see ettev\u00f5tte\u00fcritus, pulm, festival v\u00f5i erapidu, meil on asjatundlikkust ja kirge, et muuta see p\u00e4ev meeldej\u00e4\u00e4vaks. V\u00f5tke meiega kohe \u00fchendust, et arutada oma \u00fcritust ja broneerida aeg.<\/p>\n<\/div>\n<\/div>\n","protected":false},"excerpt":{"rendered":"<p>DJ ja video DJ teenused Looge unustamatuid pidusid meie DJ- ja video-DJ-teenustega Kas soovite korraldada pidu, kus k\u00f5ik tormavad tantsup\u00f5randale? \u00c4rge otsige enam! Meie DJ ja Video DJ teenused on ideaalne valik, et muuta teie \u00fcritus meeldej\u00e4\u00e4vaks ja energiat t\u00e4is. Meie ulatusliku kogemusega DJ-d teavad t\u00e4pselt, kuidas valida \u00f5igeid lugusid, et liigutada inimesi igas vanuses. [&hellip;]<\/p>\n","protected":false},"author":1,"featured_media":0,"parent":0,"menu_order":0,"comment_status":"open","ping_status":"closed","template":"page-no-title","meta":{"pgc_meta":"","footnotes":""},"class_list":["post-1495","page","type-page","status-publish","hentry"],"pgc_meta":"","yoast_head":"<!-- This site is optimized with the Yoast SEO plugin v23.0 - https:\/\/yoast.com\/wordpress\/plugins\/seo\/ -->\n<title>DJ TEENUS - Fiestonia<\/title>\n<meta name=\"robots\" content=\"index, follow, max-snippet:-1, max-image-preview:large, max-video-preview:-1\" \/>\n<link rel=\"canonical\" href=\"https:\/\/fiestonia.ee\/et\/dj-teenus\/\" \/>\n<meta property=\"og:locale\" content=\"et_EE\" \/>\n<meta property=\"og:type\" content=\"article\" \/>\n<meta property=\"og:title\" content=\"DJ TEENUS - Fiestonia\" \/>\n<meta property=\"og:description\" content=\"DJ ja video DJ teenused Looge unustamatuid pidusid meie DJ- ja video-DJ-teenustega Kas soovite korraldada pidu, kus k\u00f5ik tormavad tantsup\u00f5randale? \u00c4rge otsige enam! Meie DJ ja Video DJ teenused on ideaalne valik, et muuta teie \u00fcritus meeldej\u00e4\u00e4vaks ja energiat t\u00e4is. Meie ulatusliku kogemusega DJ-d teavad t\u00e4pselt, kuidas valida \u00f5igeid lugusid, et liigutada inimesi igas vanuses. [&hellip;]\" \/>\n<meta property=\"og:url\" content=\"https:\/\/fiestonia.ee\/et\/dj-teenus\/\" \/>\n<meta property=\"og:site_name\" content=\"Fiestonia\" \/>\n<meta property=\"article:modified_time\" content=\"2026-04-06T09:44:43+00:00\" \/>\n<meta property=\"og:image\" content=\"http:\/\/www.vatslalilled.ee\/wp-content\/uploads\/2024\/07\/4-1024x576.jpg\" \/>\n<meta name=\"twitter:card\" content=\"summary_large_image\" \/>\n<meta name=\"twitter:label1\" content=\"Est. reading time\" \/>\n\t<meta name=\"twitter:data1\" content=\"2 minutit\" \/>\n<script type=\"application\/ld+json\" class=\"yoast-schema-graph\">{\"@context\":\"https:\/\/schema.org\",\"@graph\":[{\"@type\":\"WebPage\",\"@id\":\"https:\/\/fiestonia.ee\/dj-teenus\/\",\"url\":\"https:\/\/fiestonia.ee\/dj-teenus\/\",\"name\":\"DJ TEENUS - Fiestonia\",\"isPartOf\":{\"@id\":\"https:\/\/fiestonia.ee\/et\/#website\"},\"primaryImageOfPage\":{\"@id\":\"https:\/\/fiestonia.ee\/dj-teenus\/#primaryimage\"},\"image\":{\"@id\":\"https:\/\/fiestonia.ee\/dj-teenus\/#primaryimage\"},\"thumbnailUrl\":\"http:\/\/www.vatslalilled.ee\/wp-content\/uploads\/2024\/07\/4-1024x576.jpg\",\"datePublished\":\"2024-08-08T19:38:10+00:00\",\"dateModified\":\"2026-04-06T09:44:43+00:00\",\"breadcrumb\":{\"@id\":\"https:\/\/fiestonia.ee\/dj-teenus\/#breadcrumb\"},\"inLanguage\":\"et\",\"potentialAction\":[{\"@type\":\"ReadAction\",\"target\":[\"https:\/\/fiestonia.ee\/dj-teenus\/\"]}]},{\"@type\":\"ImageObject\",\"inLanguage\":\"et\",\"@id\":\"https:\/\/fiestonia.ee\/dj-teenus\/#primaryimage\",\"url\":\"http:\/\/www.vatslalilled.ee\/wp-content\/uploads\/2024\/07\/4-1024x576.jpg\",\"contentUrl\":\"http:\/\/www.vatslalilled.ee\/wp-content\/uploads\/2024\/07\/4-1024x576.jpg\"},{\"@type\":\"BreadcrumbList\",\"@id\":\"https:\/\/fiestonia.ee\/dj-teenus\/#breadcrumb\",\"itemListElement\":[{\"@type\":\"ListItem\",\"position\":1,\"name\":\"Home\",\"item\":\"https:\/\/fiestonia.ee\/et\/\"},{\"@type\":\"ListItem\",\"position\":2,\"name\":\"DJ TEENUS\"}]},{\"@type\":\"WebSite\",\"@id\":\"https:\/\/fiestonia.ee\/et\/#website\",\"url\":\"https:\/\/fiestonia.ee\/et\/\",\"name\":\"VATSLA LILLED\",\"description\":\"Fiesta Estonia\",\"publisher\":{\"@id\":\"https:\/\/fiestonia.ee\/et\/#organization\"},\"potentialAction\":[{\"@type\":\"SearchAction\",\"target\":{\"@type\":\"EntryPoint\",\"urlTemplate\":\"https:\/\/fiestonia.ee\/et\/?s={search_term_string}\"},\"query-input\":\"required name=search_term_string\"}],\"inLanguage\":\"et\"},{\"@type\":\"Organization\",\"@id\":\"https:\/\/fiestonia.ee\/et\/#organization\",\"name\":\"VATSLA LILLED\",\"url\":\"https:\/\/fiestonia.ee\/et\/\",\"logo\":{\"@type\":\"ImageObject\",\"inLanguage\":\"et\",\"@id\":\"https:\/\/fiestonia.ee\/et\/#\/schema\/logo\/image\/\",\"url\":\"http:\/\/www.vatslalilled.ee\/wp-content\/uploads\/2024\/04\/cropped-Screenshot-2024-04-06-205209.png\",\"contentUrl\":\"http:\/\/www.vatslalilled.ee\/wp-content\/uploads\/2024\/04\/cropped-Screenshot-2024-04-06-205209.png\",\"width\":512,\"height\":512,\"caption\":\"VATSLA LILLED\"},\"image\":{\"@id\":\"https:\/\/fiestonia.ee\/et\/#\/schema\/logo\/image\/\"}}]}<\/script>\n<!-- \/ Yoast SEO plugin. -->","yoast_head_json":{"title":"DJ TEENUS - Fiestonia","robots":{"index":"index","follow":"follow","max-snippet":"max-snippet:-1","max-image-preview":"max-image-preview:large","max-video-preview":"max-video-preview:-1"},"canonical":"https:\/\/fiestonia.ee\/et\/dj-teenus\/","og_locale":"et_EE","og_type":"article","og_title":"DJ TEENUS - Fiestonia","og_description":"DJ ja video DJ teenused Looge unustamatuid pidusid meie DJ- ja video-DJ-teenustega Kas soovite korraldada pidu, kus k\u00f5ik tormavad tantsup\u00f5randale? \u00c4rge otsige enam! Meie DJ ja Video DJ teenused on ideaalne valik, et muuta teie \u00fcritus meeldej\u00e4\u00e4vaks ja energiat t\u00e4is. Meie ulatusliku kogemusega DJ-d teavad t\u00e4pselt, kuidas valida \u00f5igeid lugusid, et liigutada inimesi igas vanuses. [&hellip;]","og_url":"https:\/\/fiestonia.ee\/et\/dj-teenus\/","og_site_name":"Fiestonia","article_modified_time":"2026-04-06T09:44:43+00:00","og_image":[{"url":"http:\/\/www.vatslalilled.ee\/wp-content\/uploads\/2024\/07\/4-1024x576.jpg"}],"twitter_card":"summary_large_image","twitter_misc":{"Est. reading time":"2 minutit"},"schema":{"@context":"https:\/\/schema.org","@graph":[{"@type":"WebPage","@id":"https:\/\/fiestonia.ee\/dj-teenus\/","url":"https:\/\/fiestonia.ee\/dj-teenus\/","name":"DJ TEENUS - Fiestonia","isPartOf":{"@id":"https:\/\/fiestonia.ee\/et\/#website"},"primaryImageOfPage":{"@id":"https:\/\/fiestonia.ee\/dj-teenus\/#primaryimage"},"image":{"@id":"https:\/\/fiestonia.ee\/dj-teenus\/#primaryimage"},"thumbnailUrl":"http:\/\/www.vatslalilled.ee\/wp-content\/uploads\/2024\/07\/4-1024x576.jpg","datePublished":"2024-08-08T19:38:10+00:00","dateModified":"2026-04-06T09:44:43+00:00","breadcrumb":{"@id":"https:\/\/fiestonia.ee\/dj-teenus\/#breadcrumb"},"inLanguage":"et","potentialAction":[{"@type":"ReadAction","target":["https:\/\/fiestonia.ee\/dj-teenus\/"]}]},{"@type":"ImageObject","inLanguage":"et","@id":"https:\/\/fiestonia.ee\/dj-teenus\/#primaryimage","url":"http:\/\/www.vatslalilled.ee\/wp-content\/uploads\/2024\/07\/4-1024x576.jpg","contentUrl":"http:\/\/www.vatslalilled.ee\/wp-content\/uploads\/2024\/07\/4-1024x576.jpg"},{"@type":"BreadcrumbList","@id":"https:\/\/fiestonia.ee\/dj-teenus\/#breadcrumb","itemListElement":[{"@type":"ListItem","position":1,"name":"Home","item":"https:\/\/fiestonia.ee\/et\/"},{"@type":"ListItem","position":2,"name":"DJ TEENUS"}]},{"@type":"WebSite","@id":"https:\/\/fiestonia.ee\/et\/#website","url":"https:\/\/fiestonia.ee\/et\/","name":"VATSLA LILLED","description":"Fiesta Estonia","publisher":{"@id":"https:\/\/fiestonia.ee\/et\/#organization"},"potentialAction":[{"@type":"SearchAction","target":{"@type":"EntryPoint","urlTemplate":"https:\/\/fiestonia.ee\/et\/?s={search_term_string}"},"query-input":"required name=search_term_string"}],"inLanguage":"et"},{"@type":"Organization","@id":"https:\/\/fiestonia.ee\/et\/#organization","name":"VATSLA LILLED","url":"https:\/\/fiestonia.ee\/et\/","logo":{"@type":"ImageObject","inLanguage":"et","@id":"https:\/\/fiestonia.ee\/et\/#\/schema\/logo\/image\/","url":"http:\/\/www.vatslalilled.ee\/wp-content\/uploads\/2024\/04\/cropped-Screenshot-2024-04-06-205209.png","contentUrl":"http:\/\/www.vatslalilled.ee\/wp-content\/uploads\/2024\/04\/cropped-Screenshot-2024-04-06-205209.png","width":512,"height":512,"caption":"VATSLA LILLED"},"image":{"@id":"https:\/\/fiestonia.ee\/et\/#\/schema\/logo\/image\/"}}]}},"amp_enabled":true,"_links":{"self":[{"href":"https:\/\/fiestonia.ee\/et\/wp-json\/wp\/v2\/pages\/1495","targetHints":{"allow":["GET"]}}],"collection":[{"href":"https:\/\/fiestonia.ee\/et\/wp-json\/wp\/v2\/pages"}],"about":[{"href":"https:\/\/fiestonia.ee\/et\/wp-json\/wp\/v2\/types\/page"}],"author":[{"embeddable":true,"href":"https:\/\/fiestonia.ee\/et\/wp-json\/wp\/v2\/users\/1"}],"replies":[{"embeddable":true,"href":"https:\/\/fiestonia.ee\/et\/wp-json\/wp\/v2\/comments?post=1495"}],"version-history":[{"count":7,"href":"https:\/\/fiestonia.ee\/et\/wp-json\/wp\/v2\/pages\/1495\/revisions"}],"predecessor-version":[{"id":1930,"href":"https:\/\/fiestonia.ee\/et\/wp-json\/wp\/v2\/pages\/1495\/revisions\/1930"}],"wp:attachment":[{"href":"https:\/\/fiestonia.ee\/et\/wp-json\/wp\/v2\/media?parent=1495"}],"curies":[{"name":"wp","href":"https:\/\/api.w.org\/{rel}","templated":true}]}}