{"id":1506,"date":"2024-08-08T22:44:27","date_gmt":"2024-08-08T19:44:27","guid":{"rendered":"http:\/\/www.vatslalilled.ee\/?page_id=1506"},"modified":"2024-09-02T21:59:03","modified_gmt":"2024-09-02T18:59:03","slug":"kokteilide-tootuba","status":"publish","type":"page","link":"https:\/\/fiestonia.ee\/et\/kokteilide-tootuba\/","title":{"rendered":"KOKTEILIDE T\u00d6\u00d6TUBA"},"content":{"rendered":"\n<div class=\"wp-block-columns is-layout-flex wp-container-core-columns-is-layout-dbfacf25 wp-block-columns-is-layout-flex\" style=\"margin-top:var(--wp--preset--spacing--40);margin-bottom:var(--wp--preset--spacing--40)\">\n<div class=\"wp-block-column is-layout-flow wp-block-column-is-layout-flow\" style=\"flex-basis:33.33%\"><nav class=\"is-responsive  is-vertical wp-block-navigation is-layout-flex wp-container-core-navigation-is-layout-fe9cc265 wp-block-navigation-is-layout-flex\" aria-label=\"Teenused\" \n\t\t data-wp-interactive=\"core\/navigation\" data-wp-context='{\"overlayOpenedBy\":{\"click\":false,\"hover\":false,\"focus\":false},\"type\":\"overlay\",\"roleAttribute\":\"\",\"ariaLabel\":\"Men\\u00fc\\u00fc\"}'><button aria-haspopup=\"dialog\" aria-label=\"Ava men\u00fc\u00fc\" class=\"wp-block-navigation__responsive-container-open\" \n\t\t\t\tdata-wp-on--click=\"actions.openMenuOnClick\"\n\t\t\t\tdata-wp-on--keydown=\"actions.handleMenuKeydown\"\n\t\t\t><svg width=\"24\" height=\"24\" xmlns=\"http:\/\/www.w3.org\/2000\/svg\" viewBox=\"0 0 24 24\" aria-hidden=\"true\" focusable=\"false\"><path d=\"M4 7.5h16v1.5H4z\"><\/path><path d=\"M4 15h16v1.5H4z\"><\/path><\/svg><\/button>\n\t\t\t\t<div class=\"wp-block-navigation__responsive-container\"  id=\"modal-1\" \n\t\t\t\tdata-wp-class--has-modal-open=\"state.isMenuOpen\"\n\t\t\t\tdata-wp-class--is-menu-open=\"state.isMenuOpen\"\n\t\t\t\tdata-wp-watch=\"callbacks.initMenu\"\n\t\t\t\tdata-wp-on--keydown=\"actions.handleMenuKeydown\"\n\t\t\t\tdata-wp-on--focusout=\"actions.handleMenuFocusout\"\n\t\t\t\ttabindex=\"-1\"\n\t\t\t>\n\t\t\t\t\t<div class=\"wp-block-navigation__responsive-close\" tabindex=\"-1\">\n\t\t\t\t\t\t<div class=\"wp-block-navigation__responsive-dialog\" \n\t\t\t\tdata-wp-bind--aria-modal=\"state.ariaModal\"\n\t\t\t\tdata-wp-bind--aria-label=\"state.ariaLabel\"\n\t\t\t\tdata-wp-bind--role=\"state.roleAttribute\"\n\t\t\t>\n\t\t\t\t\t\t\t<button aria-label=\"Sulge men\u00fc\u00fc\" class=\"wp-block-navigation__responsive-container-close\" \n\t\t\t\tdata-wp-on--click=\"actions.closeMenuOnClick\"\n\t\t\t><svg xmlns=\"http:\/\/www.w3.org\/2000\/svg\" viewBox=\"0 0 24 24\" width=\"24\" height=\"24\" aria-hidden=\"true\" focusable=\"false\"><path d=\"m13.06 12 6.47-6.47-1.06-1.06L12 10.94 5.53 4.47 4.47 5.53 10.94 12l-6.47 6.47 1.06 1.06L12 13.06l6.47 6.47 1.06-1.06L13.06 12Z\"><\/path><\/svg><\/button>\n\t\t\t\t\t\t\t<div class=\"wp-block-navigation__responsive-container-content\" \n\t\t\t\tdata-wp-watch=\"callbacks.focusFirstElement\"\n\t\t\t id=\"modal-1-content\">\n\t\t\t\t\t\t\t\t<ul class=\"wp-block-navigation__container is-responsive  is-vertical wp-block-navigation\"><li class=\" wp-block-navigation-item wp-block-navigation-link\"><a class=\"wp-block-navigation-item__content\"  href=\"http:\/\/www.vatslalilled.ee\/kokteilibaar\/\"><span class=\"wp-block-navigation-item__label\">KOKTEILIBAAR<\/span><\/a><\/li><li class=\" wp-block-navigation-item wp-block-navigation-link\"><a class=\"wp-block-navigation-item__content\"  href=\"http:\/\/www.vatslalilled.ee\/dj-teenus\/\"><span class=\"wp-block-navigation-item__label\">DJ TEENUS<\/span><\/a><\/li><li class=\" wp-block-navigation-item wp-block-navigation-link\"><a class=\"wp-block-navigation-item__content\"  href=\"http:\/\/www.vatslalilled.ee\/kokteilide-tootuba\/\"><span class=\"wp-block-navigation-item__label\">KOKTEILIDE T\u00d6\u00d6TUBA<\/span><\/a><\/li><li class=\" wp-block-navigation-item wp-block-navigation-link\"><a class=\"wp-block-navigation-item__content\"  href=\"http:\/\/www.vatslalilled.ee\/latiino-tantsutunnid\/\"><span class=\"wp-block-navigation-item__label\">LATIINO TANTSUTUNNID<\/span><\/a><\/li><li class=\" wp-block-navigation-item wp-block-navigation-link\"><a class=\"wp-block-navigation-item__content\"  href=\"http:\/\/www.vatslalilled.ee\/kuuba-sigarride-rullimise-tootuba\/\"><span class=\"wp-block-navigation-item__label\">KUUBA SIGARRIDE RULLIMISE T\u00d6\u00d6TUBA<\/span><\/a><\/li><\/ul>\n\t\t\t\t\t\t\t<\/div>\n\t\t\t\t\t\t<\/div>\n\t\t\t\t\t<\/div>\n\t\t\t\t<\/div><\/nav><\/div>\n\n\n\n<div class=\"wp-block-column is-vertically-aligned-top is-layout-flow wp-block-column-is-layout-flow\" style=\"flex-basis:66.66%\">\n<h2 class=\"wp-block-heading\">Kokteilide t\u00f6\u00f6tuba<\/h2>\n\n\n\n<div style=\"height:5px\" aria-hidden=\"true\" class=\"wp-block-spacer\"><\/div>\n\n\n\n<p class=\"has-text-align-left\"><strong>Loksutage, segage ja r\u00fc\u00fcbake: vabastage oma sisemine miksoloog meie kokteilide t\u00f6\u00f6toaga.<\/strong><\/p>\n\n\n\n<div style=\"height:10px\" aria-hidden=\"true\" class=\"wp-block-spacer\"><\/div>\n\n\n\n<p>Lisage oma \u00fcritusele p\u00f5nevust meie interaktiivse kokteilide t\u00f6\u00f6toaga! Ideaalne korporatiiv\u00fcritusteks, erapidudeks ja igasugusteks koosviibimisteks. Meie t\u00f6\u00f6tuba pakub praktilist kogemust, kus k\u00fclalised saavad meie professionaalsete miksoloogide juhendamisel oma maitsvaid kokteile valmistada.<\/p>\n\n\n\n<div style=\"height:10px\" aria-hidden=\"true\" class=\"wp-block-spacer\"><\/div>\n\n\n\n<p><strong>Mida me pakume:<\/strong><\/p>\n\n\n\n<ul class=\"wp-block-list\">\n<li style=\"font-size:clamp(0.875rem, 0.875rem + ((1vw - 0.2rem) * 0.508), 1.25rem);\">Interaktiivne kokteilide valmistamine: meie kogenud miksoloogid juhendavad teid erinevate kokteilide valmistamise protsessis. Alates klassikalistest segudest kuni moodsate segudeni saate teada t\u00e4iusliku joogi valmistamise tehnikaid ja saladusi.<\/li>\n\n\n\n<li style=\"font-size:clamp(0.875rem, 0.875rem + ((1vw - 0.2rem) * 0.508), 1.25rem);\">P\u00f5hjalik seadistamine: oleme t\u00e4ielikult varustatud k\u00f5igi vajalike t\u00f6\u00f6riistade, koostisosade ja kureeritud alkohoolsete jookide valikuga. K\u00f5ik, mida vajate kokteilivaliku loomiseks, on saadaval, tagades teile ja teie k\u00fclalistele probleemideta kogemuse.<\/li>\n\n\n\n<li style=\"font-size:clamp(0.875rem, 0.875rem + ((1vw - 0.2rem) * 0.508), 1.25rem);\">Hariduskogemus: Lisaks jookide segamisele sisaldab meie t\u00f6\u00f6tuba p\u00f5nevaid lugusid valmistatavate kokteilide p\u00e4ritolu ja ajaloo kohta. Avastage iga joogi rikkalik taust ja kultuuriline t\u00e4htsus, muutes selle enamaks kui lihtsalt t\u00f6\u00f6tuba, vaid meelelahutuslikuks ja harivaks tegevuseks.<\/li>\n\n\n\n<li style=\"font-size:clamp(0.875rem, 0.875rem + ((1vw - 0.2rem) * 0.508), 1.25rem);\">Isikup\u00e4rastatud teenus: olenemata sellest, kas teil on konkreetne teema v\u00f5i kokteilieelistus, kohandame kogemuse teie vajadustele vastavaks. Meie meeskond teeb teiega koost\u00f6\u00f6d, et kohandada men\u00fc\u00fcd ja vormingut, et see sobiks teie \u00fcrituse meeleoluga.<\/li>\n<\/ul>\n\n\n\n<div style=\"height:10px\" aria-hidden=\"true\" class=\"wp-block-spacer\"><\/div>\n\n\n\n<p><strong>Miks valida meie kokteilide t\u00f6\u00f6tuba?<\/strong><\/p>\n\n\n\n<ul class=\"wp-block-list\">\n<li style=\"font-size:clamp(0.875rem, 0.875rem + ((1vw - 0.2rem) * 0.508), 1.25rem);\">Professionaalne juhendamine: \u00f5ppige kogenud miksoloogidelt, kes toovad endaga kaasa rohkelt teadmisi ja kirge kokteilide vastu.<\/li>\n\n\n\n<li style=\"font-size:clamp(0.875rem, 0.875rem + ((1vw - 0.2rem) * 0.508), 1.25rem);\">Kaasahaarav ja l\u00f5bus: meie t\u00f6\u00f6tuba on loodud olema interaktiivne ja nauditav, tagades, et teie k\u00fclalistel on uute oskuste \u00f5ppimisel m\u00f5nus ajaveetmine.<\/li>\n\n\n\n<li style=\"font-size:clamp(0.875rem, 0.875rem + ((1vw - 0.2rem) * 0.508), 1.25rem);\">Mitmek\u00fclgne ja kohandatav: meie t\u00f6\u00f6tuba sobib igaks s\u00fcndmuseks, selle saab kohandada nii, et see sobiks ettev\u00f5tte meeskonnat\u00f6\u00f6 \u00fcritusteks, erapidustusteks ja k\u00f5igeks, mis sinna vahele j\u00e4\u00e4b.<\/li>\n\n\n\n<li style=\"font-size:clamp(0.875rem, 0.875rem + ((1vw - 0.2rem) * 0.508), 1.25rem);\">K\u00f5ikeh\u00f5lmav seadistus: tegeleme k\u00f5igi \u00fcksikasjadega, toome k\u00f5ik vajaliku sujuvaks ja nauditavaks kokteilivalmistamise kogemuseks.<\/li>\n<\/ul>\n\n\n\n<div style=\"height:10px\" aria-hidden=\"true\" class=\"wp-block-spacer\"><\/div>\n\n\n\n<p><strong>Broneerige oma kokteilide t\u00f6\u00f6tuba juba t\u00e4na!<\/strong><\/p>\n\n\n\n<p>Muutke oma j\u00e4rgmine \u00fcritus meie kokteilide t\u00f6\u00f6toaga unustamatuks kogemuseks. Ideaalne igas suuruses gruppidele, meie t\u00f6\u00f6tuba t\u00f5otab osutuda teie k\u00fclaliste jaoks hitiks, \u00fchendades endas hariduse, meelelahutuse ja loomulikult maitsvaid kokteile. V\u00f5tke meiega kohe \u00fchendust, et arutada oma \u00fcritust ja broneerida aeg.<\/p>\n<\/div>\n<\/div>\n","protected":false},"excerpt":{"rendered":"<p>Kokteilide t\u00f6\u00f6tuba Loksutage, segage ja r\u00fc\u00fcbake: vabastage oma sisemine miksoloog meie kokteilide t\u00f6\u00f6toaga. Lisage oma \u00fcritusele p\u00f5nevust meie interaktiivse kokteilide t\u00f6\u00f6toaga! Ideaalne korporatiiv\u00fcritusteks, erapidudeks ja igasugusteks koosviibimisteks. Meie t\u00f6\u00f6tuba pakub praktilist kogemust, kus k\u00fclalised saavad meie professionaalsete miksoloogide juhendamisel oma maitsvaid kokteile valmistada. Mida me pakume: Miks valida meie kokteilide t\u00f6\u00f6tuba? Broneerige oma kokteilide t\u00f6\u00f6tuba [&hellip;]<\/p>\n","protected":false},"author":1,"featured_media":0,"parent":0,"menu_order":0,"comment_status":"open","ping_status":"closed","template":"page-no-title","meta":{"pgc_meta":"","footnotes":""},"class_list":["post-1506","page","type-page","status-publish","hentry"],"pgc_meta":"","yoast_head":"<!-- This site is optimized with the Yoast SEO plugin v23.0 - https:\/\/yoast.com\/wordpress\/plugins\/seo\/ -->\n<title>KOKTEILIDE T\u00d6\u00d6TUBA - Fiestonia<\/title>\n<meta name=\"robots\" content=\"index, follow, max-snippet:-1, max-image-preview:large, max-video-preview:-1\" \/>\n<link rel=\"canonical\" href=\"https:\/\/fiestonia.ee\/et\/kokteilide-tootuba\/\" \/>\n<meta property=\"og:locale\" content=\"et_EE\" \/>\n<meta property=\"og:type\" content=\"article\" \/>\n<meta property=\"og:title\" content=\"KOKTEILIDE T\u00d6\u00d6TUBA - Fiestonia\" \/>\n<meta property=\"og:description\" content=\"Kokteilide t\u00f6\u00f6tuba Loksutage, segage ja r\u00fc\u00fcbake: vabastage oma sisemine miksoloog meie kokteilide t\u00f6\u00f6toaga. Lisage oma \u00fcritusele p\u00f5nevust meie interaktiivse kokteilide t\u00f6\u00f6toaga! Ideaalne korporatiiv\u00fcritusteks, erapidudeks ja igasugusteks koosviibimisteks. Meie t\u00f6\u00f6tuba pakub praktilist kogemust, kus k\u00fclalised saavad meie professionaalsete miksoloogide juhendamisel oma maitsvaid kokteile valmistada. Mida me pakume: Miks valida meie kokteilide t\u00f6\u00f6tuba? Broneerige oma kokteilide t\u00f6\u00f6tuba [&hellip;]\" \/>\n<meta property=\"og:url\" content=\"https:\/\/fiestonia.ee\/et\/kokteilide-tootuba\/\" \/>\n<meta property=\"og:site_name\" content=\"Fiestonia\" \/>\n<meta property=\"article:modified_time\" content=\"2024-09-02T18:59:03+00:00\" \/>\n<meta name=\"twitter:card\" content=\"summary_large_image\" \/>\n<meta name=\"twitter:label1\" content=\"Est. reading time\" \/>\n\t<meta name=\"twitter:data1\" content=\"2 minutit\" \/>\n<script type=\"application\/ld+json\" class=\"yoast-schema-graph\">{\"@context\":\"https:\/\/schema.org\",\"@graph\":[{\"@type\":\"WebPage\",\"@id\":\"https:\/\/fiestonia.ee\/kokteilide-tootuba\/\",\"url\":\"https:\/\/fiestonia.ee\/kokteilide-tootuba\/\",\"name\":\"KOKTEILIDE T\u00d6\u00d6TUBA - Fiestonia\",\"isPartOf\":{\"@id\":\"https:\/\/fiestonia.ee\/et\/#website\"},\"datePublished\":\"2024-08-08T19:44:27+00:00\",\"dateModified\":\"2024-09-02T18:59:03+00:00\",\"breadcrumb\":{\"@id\":\"https:\/\/fiestonia.ee\/kokteilide-tootuba\/#breadcrumb\"},\"inLanguage\":\"et\",\"potentialAction\":[{\"@type\":\"ReadAction\",\"target\":[\"https:\/\/fiestonia.ee\/kokteilide-tootuba\/\"]}]},{\"@type\":\"BreadcrumbList\",\"@id\":\"https:\/\/fiestonia.ee\/kokteilide-tootuba\/#breadcrumb\",\"itemListElement\":[{\"@type\":\"ListItem\",\"position\":1,\"name\":\"Home\",\"item\":\"https:\/\/fiestonia.ee\/et\/\"},{\"@type\":\"ListItem\",\"position\":2,\"name\":\"KOKTEILIDE T\u00d6\u00d6TUBA\"}]},{\"@type\":\"WebSite\",\"@id\":\"https:\/\/fiestonia.ee\/et\/#website\",\"url\":\"https:\/\/fiestonia.ee\/et\/\",\"name\":\"VATSLA LILLED\",\"description\":\"Fiesta Estonia\",\"publisher\":{\"@id\":\"https:\/\/fiestonia.ee\/et\/#organization\"},\"potentialAction\":[{\"@type\":\"SearchAction\",\"target\":{\"@type\":\"EntryPoint\",\"urlTemplate\":\"https:\/\/fiestonia.ee\/et\/?s={search_term_string}\"},\"query-input\":\"required name=search_term_string\"}],\"inLanguage\":\"et\"},{\"@type\":\"Organization\",\"@id\":\"https:\/\/fiestonia.ee\/et\/#organization\",\"name\":\"VATSLA LILLED\",\"url\":\"https:\/\/fiestonia.ee\/et\/\",\"logo\":{\"@type\":\"ImageObject\",\"inLanguage\":\"et\",\"@id\":\"https:\/\/fiestonia.ee\/et\/#\/schema\/logo\/image\/\",\"url\":\"http:\/\/www.vatslalilled.ee\/wp-content\/uploads\/2024\/04\/cropped-Screenshot-2024-04-06-205209.png\",\"contentUrl\":\"http:\/\/www.vatslalilled.ee\/wp-content\/uploads\/2024\/04\/cropped-Screenshot-2024-04-06-205209.png\",\"width\":512,\"height\":512,\"caption\":\"VATSLA LILLED\"},\"image\":{\"@id\":\"https:\/\/fiestonia.ee\/et\/#\/schema\/logo\/image\/\"}}]}<\/script>\n<!-- \/ Yoast SEO plugin. -->","yoast_head_json":{"title":"KOKTEILIDE T\u00d6\u00d6TUBA - Fiestonia","robots":{"index":"index","follow":"follow","max-snippet":"max-snippet:-1","max-image-preview":"max-image-preview:large","max-video-preview":"max-video-preview:-1"},"canonical":"https:\/\/fiestonia.ee\/et\/kokteilide-tootuba\/","og_locale":"et_EE","og_type":"article","og_title":"KOKTEILIDE T\u00d6\u00d6TUBA - Fiestonia","og_description":"Kokteilide t\u00f6\u00f6tuba Loksutage, segage ja r\u00fc\u00fcbake: vabastage oma sisemine miksoloog meie kokteilide t\u00f6\u00f6toaga. Lisage oma \u00fcritusele p\u00f5nevust meie interaktiivse kokteilide t\u00f6\u00f6toaga! Ideaalne korporatiiv\u00fcritusteks, erapidudeks ja igasugusteks koosviibimisteks. Meie t\u00f6\u00f6tuba pakub praktilist kogemust, kus k\u00fclalised saavad meie professionaalsete miksoloogide juhendamisel oma maitsvaid kokteile valmistada. Mida me pakume: Miks valida meie kokteilide t\u00f6\u00f6tuba? Broneerige oma kokteilide t\u00f6\u00f6tuba [&hellip;]","og_url":"https:\/\/fiestonia.ee\/et\/kokteilide-tootuba\/","og_site_name":"Fiestonia","article_modified_time":"2024-09-02T18:59:03+00:00","twitter_card":"summary_large_image","twitter_misc":{"Est. reading time":"2 minutit"},"schema":{"@context":"https:\/\/schema.org","@graph":[{"@type":"WebPage","@id":"https:\/\/fiestonia.ee\/kokteilide-tootuba\/","url":"https:\/\/fiestonia.ee\/kokteilide-tootuba\/","name":"KOKTEILIDE T\u00d6\u00d6TUBA - Fiestonia","isPartOf":{"@id":"https:\/\/fiestonia.ee\/et\/#website"},"datePublished":"2024-08-08T19:44:27+00:00","dateModified":"2024-09-02T18:59:03+00:00","breadcrumb":{"@id":"https:\/\/fiestonia.ee\/kokteilide-tootuba\/#breadcrumb"},"inLanguage":"et","potentialAction":[{"@type":"ReadAction","target":["https:\/\/fiestonia.ee\/kokteilide-tootuba\/"]}]},{"@type":"BreadcrumbList","@id":"https:\/\/fiestonia.ee\/kokteilide-tootuba\/#breadcrumb","itemListElement":[{"@type":"ListItem","position":1,"name":"Home","item":"https:\/\/fiestonia.ee\/et\/"},{"@type":"ListItem","position":2,"name":"KOKTEILIDE T\u00d6\u00d6TUBA"}]},{"@type":"WebSite","@id":"https:\/\/fiestonia.ee\/et\/#website","url":"https:\/\/fiestonia.ee\/et\/","name":"VATSLA LILLED","description":"Fiesta Estonia","publisher":{"@id":"https:\/\/fiestonia.ee\/et\/#organization"},"potentialAction":[{"@type":"SearchAction","target":{"@type":"EntryPoint","urlTemplate":"https:\/\/fiestonia.ee\/et\/?s={search_term_string}"},"query-input":"required name=search_term_string"}],"inLanguage":"et"},{"@type":"Organization","@id":"https:\/\/fiestonia.ee\/et\/#organization","name":"VATSLA LILLED","url":"https:\/\/fiestonia.ee\/et\/","logo":{"@type":"ImageObject","inLanguage":"et","@id":"https:\/\/fiestonia.ee\/et\/#\/schema\/logo\/image\/","url":"http:\/\/www.vatslalilled.ee\/wp-content\/uploads\/2024\/04\/cropped-Screenshot-2024-04-06-205209.png","contentUrl":"http:\/\/www.vatslalilled.ee\/wp-content\/uploads\/2024\/04\/cropped-Screenshot-2024-04-06-205209.png","width":512,"height":512,"caption":"VATSLA LILLED"},"image":{"@id":"https:\/\/fiestonia.ee\/et\/#\/schema\/logo\/image\/"}}]}},"amp_enabled":true,"_links":{"self":[{"href":"https:\/\/fiestonia.ee\/et\/wp-json\/wp\/v2\/pages\/1506","targetHints":{"allow":["GET"]}}],"collection":[{"href":"https:\/\/fiestonia.ee\/et\/wp-json\/wp\/v2\/pages"}],"about":[{"href":"https:\/\/fiestonia.ee\/et\/wp-json\/wp\/v2\/types\/page"}],"author":[{"embeddable":true,"href":"https:\/\/fiestonia.ee\/et\/wp-json\/wp\/v2\/users\/1"}],"replies":[{"embeddable":true,"href":"https:\/\/fiestonia.ee\/et\/wp-json\/wp\/v2\/comments?post=1506"}],"version-history":[{"count":5,"href":"https:\/\/fiestonia.ee\/et\/wp-json\/wp\/v2\/pages\/1506\/revisions"}],"predecessor-version":[{"id":1859,"href":"https:\/\/fiestonia.ee\/et\/wp-json\/wp\/v2\/pages\/1506\/revisions\/1859"}],"wp:attachment":[{"href":"https:\/\/fiestonia.ee\/et\/wp-json\/wp\/v2\/media?parent=1506"}],"curies":[{"name":"wp","href":"https:\/\/api.w.org\/{rel}","templated":true}]}}