{"id":1518,"date":"2024-08-08T22:53:53","date_gmt":"2024-08-08T19:53:53","guid":{"rendered":"http:\/\/www.vatslalilled.ee\/?page_id=1518"},"modified":"2024-09-02T21:58:23","modified_gmt":"2024-09-02T18:58:23","slug":"latiino-tantsutunnid","status":"publish","type":"page","link":"https:\/\/fiestonia.ee\/et\/latiino-tantsutunnid\/","title":{"rendered":"LATIINO TANTSUTUNNID"},"content":{"rendered":"\n<div class=\"wp-block-columns is-layout-flex wp-container-core-columns-is-layout-dbfacf25 wp-block-columns-is-layout-flex\" style=\"margin-top:var(--wp--preset--spacing--40);margin-bottom:var(--wp--preset--spacing--40)\">\n<div class=\"wp-block-column is-layout-flow wp-block-column-is-layout-flow\" style=\"flex-basis:33.33%\"><nav class=\"is-responsive  is-vertical wp-block-navigation is-layout-flex wp-container-core-navigation-is-layout-fe9cc265 wp-block-navigation-is-layout-flex\" aria-label=\"Teenused\" \n\t\t data-wp-interactive=\"core\/navigation\" data-wp-context='{\"overlayOpenedBy\":{\"click\":false,\"hover\":false,\"focus\":false},\"type\":\"overlay\",\"roleAttribute\":\"\",\"ariaLabel\":\"Men\\u00fc\\u00fc\"}'><button aria-haspopup=\"dialog\" aria-label=\"Ava men\u00fc\u00fc\" class=\"wp-block-navigation__responsive-container-open\" \n\t\t\t\tdata-wp-on--click=\"actions.openMenuOnClick\"\n\t\t\t\tdata-wp-on--keydown=\"actions.handleMenuKeydown\"\n\t\t\t><svg width=\"24\" height=\"24\" xmlns=\"http:\/\/www.w3.org\/2000\/svg\" viewBox=\"0 0 24 24\" aria-hidden=\"true\" focusable=\"false\"><path d=\"M4 7.5h16v1.5H4z\"><\/path><path d=\"M4 15h16v1.5H4z\"><\/path><\/svg><\/button>\n\t\t\t\t<div class=\"wp-block-navigation__responsive-container\"  id=\"modal-1\" \n\t\t\t\tdata-wp-class--has-modal-open=\"state.isMenuOpen\"\n\t\t\t\tdata-wp-class--is-menu-open=\"state.isMenuOpen\"\n\t\t\t\tdata-wp-watch=\"callbacks.initMenu\"\n\t\t\t\tdata-wp-on--keydown=\"actions.handleMenuKeydown\"\n\t\t\t\tdata-wp-on--focusout=\"actions.handleMenuFocusout\"\n\t\t\t\ttabindex=\"-1\"\n\t\t\t>\n\t\t\t\t\t<div class=\"wp-block-navigation__responsive-close\" tabindex=\"-1\">\n\t\t\t\t\t\t<div class=\"wp-block-navigation__responsive-dialog\" \n\t\t\t\tdata-wp-bind--aria-modal=\"state.ariaModal\"\n\t\t\t\tdata-wp-bind--aria-label=\"state.ariaLabel\"\n\t\t\t\tdata-wp-bind--role=\"state.roleAttribute\"\n\t\t\t>\n\t\t\t\t\t\t\t<button aria-label=\"Sulge men\u00fc\u00fc\" class=\"wp-block-navigation__responsive-container-close\" \n\t\t\t\tdata-wp-on--click=\"actions.closeMenuOnClick\"\n\t\t\t><svg xmlns=\"http:\/\/www.w3.org\/2000\/svg\" viewBox=\"0 0 24 24\" width=\"24\" height=\"24\" aria-hidden=\"true\" focusable=\"false\"><path d=\"m13.06 12 6.47-6.47-1.06-1.06L12 10.94 5.53 4.47 4.47 5.53 10.94 12l-6.47 6.47 1.06 1.06L12 13.06l6.47 6.47 1.06-1.06L13.06 12Z\"><\/path><\/svg><\/button>\n\t\t\t\t\t\t\t<div class=\"wp-block-navigation__responsive-container-content\" \n\t\t\t\tdata-wp-watch=\"callbacks.focusFirstElement\"\n\t\t\t id=\"modal-1-content\">\n\t\t\t\t\t\t\t\t<ul class=\"wp-block-navigation__container is-responsive  is-vertical wp-block-navigation\"><li class=\" wp-block-navigation-item wp-block-navigation-link\"><a class=\"wp-block-navigation-item__content\"  href=\"http:\/\/www.vatslalilled.ee\/kokteilibaar\/\"><span class=\"wp-block-navigation-item__label\">KOKTEILIBAAR<\/span><\/a><\/li><li class=\" wp-block-navigation-item wp-block-navigation-link\"><a class=\"wp-block-navigation-item__content\"  href=\"http:\/\/www.vatslalilled.ee\/dj-teenus\/\"><span class=\"wp-block-navigation-item__label\">DJ TEENUS<\/span><\/a><\/li><li class=\" wp-block-navigation-item wp-block-navigation-link\"><a class=\"wp-block-navigation-item__content\"  href=\"http:\/\/www.vatslalilled.ee\/kokteilide-tootuba\/\"><span class=\"wp-block-navigation-item__label\">KOKTEILIDE T\u00d6\u00d6TUBA<\/span><\/a><\/li><li class=\" wp-block-navigation-item wp-block-navigation-link\"><a class=\"wp-block-navigation-item__content\"  href=\"http:\/\/www.vatslalilled.ee\/latiino-tantsutunnid\/\"><span class=\"wp-block-navigation-item__label\">LATIINO TANTSUTUNNID<\/span><\/a><\/li><li class=\" wp-block-navigation-item wp-block-navigation-link\"><a class=\"wp-block-navigation-item__content\"  href=\"http:\/\/www.vatslalilled.ee\/kuuba-sigarride-rullimise-tootuba\/\"><span class=\"wp-block-navigation-item__label\">KUUBA SIGARRIDE RULLIMISE T\u00d6\u00d6TUBA<\/span><\/a><\/li><\/ul>\n\t\t\t\t\t\t\t<\/div>\n\t\t\t\t\t\t<\/div>\n\t\t\t\t\t<\/div>\n\t\t\t\t<\/div><\/nav><\/div>\n\n\n\n<div class=\"wp-block-column is-vertically-aligned-top is-layout-flow wp-block-column-is-layout-flow\" style=\"flex-basis:66.66%\">\n<h2 class=\"wp-block-heading\">Latiino tantsutunnid<\/h2>\n\n\n\n<div style=\"height:5px\" aria-hidden=\"true\" class=\"wp-block-spacer\"><\/div>\n\n\n\n<p class=\"has-text-align-left\"><strong>V\u00fcrtsitage oma \u00fcritust ladina tantsutundidega.<\/strong><\/p>\n\n\n\n<div style=\"height:10px\" aria-hidden=\"true\" class=\"wp-block-spacer\"><\/div>\n\n\n\n<p>Tooge ladina tantsude r\u00fctm ja elevus oma \u00fcritusele meie kaasahaarava tantsutundidega. Suurep\u00e4rane valik pidudeks, korporatiiv\u00fcritusteks ja erakogunemisteks, meie ladina tantsutunnid panevad k\u00f5ik liikuma, naerma ja koos m\u00f5nusalt aega veetma.<\/p>\n\n\n\n<div style=\"height:10px\" aria-hidden=\"true\" class=\"wp-block-spacer\"><\/div>\n\n\n\n<p><strong>Mida me pakume:<\/strong><\/p>\n\n\n\n<ul class=\"wp-block-list\">\n<li style=\"font-size:clamp(0.875rem, 0.875rem + ((1vw - 0.2rem) * 0.508), 1.25rem);\">Erinevad tantsustiilid: meie asjatundlikud \u00f5petajad juhendavad teid l\u00e4bi erinevate ladina tantsude p\u00f5hisammude, sealhulgas:\n<ul class=\"wp-block-list\">\n<li>Salsa: tunnetage kuumust selle populaarse ja energilise tantsuga.<\/li>\n\n\n\n<li>Bachata: nautige selle romantilise tantsu sujuvaid ja sensuaalseid liigutusi.<\/li>\n\n\n\n<li>Merengue: pange pidu k\u00e4ima merengue elavate ja tempokate biitidega.<\/li>\n\n\n\n<li>Reggaeton: liikuge reggaetoni linnaliste ja d\u00fcnaamiliste r\u00fctmidega.<\/li>\n\n\n\n<li>Lambada: kogege lambada troopilist h\u00f5ngu, mis on tuntud oma voolava ja sensuaalse stiili poolest.<\/li>\n<\/ul>\n<\/li>\n\n\n\n<li style=\"font-size:clamp(0.875rem, 0.875rem + ((1vw - 0.2rem) * 0.508), 1.25rem);\">Lihtne ja ligip\u00e4\u00e4setav: meie tunnid on m\u00f5eldud k\u00f5igile, s\u00f5ltumata nende tantsukogemusest. Sammud on lihtsad ja h\u00f5lpsasti j\u00e4lgitavad, tagades, et k\u00f5ik osalejad saavad liituda ja melu nautida.<\/li>\n\n\n\n<li style=\"font-size:clamp(0.875rem, 0.875rem + ((1vw - 0.2rem) * 0.508), 1.25rem);\">Interaktiivne ja l\u00f5bus: te ei \u00f5pi mitte ainult tantsusamme, vaid meie juhendajad tutvustavad ka iga tantsustiili l\u00fchidalt, jagades selle ajalugu ja kultuurilist t\u00e4htsust. See muudab tunnid nii meelelahutuslikuks kui ka harivaks.<\/li>\n\n\n\n<li style=\"font-size:clamp(0.875rem, 0.875rem + ((1vw - 0.2rem) * 0.508), 1.25rem);\">Peoks valmisolekuoskused: \u00f5pitud samme saab kohe tantsup\u00f5randal rakendada, v\u00f5imaldades teie k\u00fclalistel n\u00e4idata oma uusi liigutusi ja hoida peo \u00f5hkkond elavana.<\/li>\n<\/ul>\n\n\n\n<div style=\"height:10px\" aria-hidden=\"true\" class=\"wp-block-spacer\"><\/div>\n\n\n\n<p><strong>Miks valida meie latiino tantsutunnid?<\/strong><\/p>\n\n\n\n<ul class=\"wp-block-list\">\n<li style=\"font-size:clamp(0.875rem, 0.875rem + ((1vw - 0.2rem) * 0.481), 1.23rem);\">Kogenud juhendajad: \u00f5ppige osavate tantsu\u00f5petajate k\u00e4est, kes toovad igasse \u00f5ppetundi kirge ja asjatundlikkust.<\/li>\n\n\n\n<li style=\"font-size:clamp(0.875rem, 0.875rem + ((1vw - 0.2rem) * 0.508), 1.25rem);\">Kaasahaarav atmosf\u00e4\u00e4r: meie tunnid on loodud interaktiivseks ja l\u00f5busaks, luues k\u00f5igile osalejatele r\u00f5\u00f5msa ja kaasava keskkonna.<\/li>\n\n\n\n<li style=\"font-size:clamp(0.875rem, 0.875rem + ((1vw - 0.2rem) * 0.508), 1.25rem);\">Mitmek\u00fclgne meelelahutus: sobivad igat t\u00fc\u00fcpi \u00fcritusteks, meie tantsutunde saab kohandada vastavalt teie vajadustele ja eelistustele.<\/li>\n\n\n\n<li style=\"font-size:clamp(0.875rem, 0.875rem + ((1vw - 0.2rem) * 0.508), 1.25rem);\">Meeldej\u00e4\u00e4v kogemus: meie \u00f5ppetunnid pakkuvad meelelahutust ning toovad inimesi kokku, luues \u00fchiseid \u00f5nne- ja piduhetki.<\/li>\n<\/ul>\n\n\n\n<div style=\"height:10px\" aria-hidden=\"true\" class=\"wp-block-spacer\"><\/div>\n\n\n\n<p><strong>Broneerige latiino tantsutund juba t\u00e4na!<\/strong><\/p>\n\n\n\n<p>Muutke oma j\u00e4rgmine \u00fcritus unustamatuks meie ladina tantsutundidega. Meie tunnid, mis sobivad ideaalselt igaks s\u00fcndmuseks, toovad energiat, l\u00f5bu ja ladina h\u00f5ngu puudutuse teie pidustusse. V\u00f5ta meiega kohe \u00fchendust, et broneerida aeg ja tants alata!<\/p>\n<\/div>\n<\/div>\n","protected":false},"excerpt":{"rendered":"<p>Latiino tantsutunnid V\u00fcrtsitage oma \u00fcritust ladina tantsutundidega. Tooge ladina tantsude r\u00fctm ja elevus oma \u00fcritusele meie kaasahaarava tantsutundidega. Suurep\u00e4rane valik pidudeks, korporatiiv\u00fcritusteks ja erakogunemisteks, meie ladina tantsutunnid panevad k\u00f5ik liikuma, naerma ja koos m\u00f5nusalt aega veetma. Mida me pakume: Miks valida meie latiino tantsutunnid? Broneerige latiino tantsutund juba t\u00e4na! Muutke oma j\u00e4rgmine \u00fcritus unustamatuks meie [&hellip;]<\/p>\n","protected":false},"author":1,"featured_media":0,"parent":0,"menu_order":0,"comment_status":"open","ping_status":"closed","template":"page-no-title","meta":{"pgc_meta":"","footnotes":""},"class_list":["post-1518","page","type-page","status-publish","hentry"],"pgc_meta":"","yoast_head":"<!-- This site is optimized with the Yoast SEO plugin v23.0 - https:\/\/yoast.com\/wordpress\/plugins\/seo\/ -->\n<title>LATIINO TANTSUTUNNID - Fiestonia<\/title>\n<meta name=\"robots\" content=\"index, follow, max-snippet:-1, max-image-preview:large, max-video-preview:-1\" \/>\n<link rel=\"canonical\" href=\"https:\/\/fiestonia.ee\/et\/latiino-tantsutunnid\/\" \/>\n<meta property=\"og:locale\" content=\"et_EE\" \/>\n<meta property=\"og:type\" content=\"article\" \/>\n<meta property=\"og:title\" content=\"LATIINO TANTSUTUNNID - Fiestonia\" \/>\n<meta property=\"og:description\" content=\"Latiino tantsutunnid V\u00fcrtsitage oma \u00fcritust ladina tantsutundidega. Tooge ladina tantsude r\u00fctm ja elevus oma \u00fcritusele meie kaasahaarava tantsutundidega. Suurep\u00e4rane valik pidudeks, korporatiiv\u00fcritusteks ja erakogunemisteks, meie ladina tantsutunnid panevad k\u00f5ik liikuma, naerma ja koos m\u00f5nusalt aega veetma. Mida me pakume: Miks valida meie latiino tantsutunnid? Broneerige latiino tantsutund juba t\u00e4na! Muutke oma j\u00e4rgmine \u00fcritus unustamatuks meie [&hellip;]\" \/>\n<meta property=\"og:url\" content=\"https:\/\/fiestonia.ee\/et\/latiino-tantsutunnid\/\" \/>\n<meta property=\"og:site_name\" content=\"Fiestonia\" \/>\n<meta property=\"article:modified_time\" content=\"2024-09-02T18:58:23+00:00\" \/>\n<meta name=\"twitter:card\" content=\"summary_large_image\" \/>\n<meta name=\"twitter:label1\" content=\"Est. reading time\" \/>\n\t<meta name=\"twitter:data1\" content=\"2 minutit\" \/>\n<script type=\"application\/ld+json\" class=\"yoast-schema-graph\">{\"@context\":\"https:\/\/schema.org\",\"@graph\":[{\"@type\":\"WebPage\",\"@id\":\"https:\/\/fiestonia.ee\/et\/latiino-tantsutunnid\/\",\"url\":\"https:\/\/fiestonia.ee\/et\/latiino-tantsutunnid\/\",\"name\":\"LATIINO TANTSUTUNNID - Fiestonia\",\"isPartOf\":{\"@id\":\"https:\/\/fiestonia.ee\/et\/#website\"},\"datePublished\":\"2024-08-08T19:53:53+00:00\",\"dateModified\":\"2024-09-02T18:58:23+00:00\",\"breadcrumb\":{\"@id\":\"https:\/\/fiestonia.ee\/et\/latiino-tantsutunnid\/#breadcrumb\"},\"inLanguage\":\"et\",\"potentialAction\":[{\"@type\":\"ReadAction\",\"target\":[\"https:\/\/fiestonia.ee\/et\/latiino-tantsutunnid\/\"]}]},{\"@type\":\"BreadcrumbList\",\"@id\":\"https:\/\/fiestonia.ee\/et\/latiino-tantsutunnid\/#breadcrumb\",\"itemListElement\":[{\"@type\":\"ListItem\",\"position\":1,\"name\":\"Home\",\"item\":\"https:\/\/fiestonia.ee\/et\/\"},{\"@type\":\"ListItem\",\"position\":2,\"name\":\"LATIINO TANTSUTUNNID\"}]},{\"@type\":\"WebSite\",\"@id\":\"https:\/\/fiestonia.ee\/et\/#website\",\"url\":\"https:\/\/fiestonia.ee\/et\/\",\"name\":\"VATSLA LILLED\",\"description\":\"Fiesta Estonia\",\"publisher\":{\"@id\":\"https:\/\/fiestonia.ee\/et\/#organization\"},\"potentialAction\":[{\"@type\":\"SearchAction\",\"target\":{\"@type\":\"EntryPoint\",\"urlTemplate\":\"https:\/\/fiestonia.ee\/et\/?s={search_term_string}\"},\"query-input\":\"required name=search_term_string\"}],\"inLanguage\":\"et\"},{\"@type\":\"Organization\",\"@id\":\"https:\/\/fiestonia.ee\/et\/#organization\",\"name\":\"VATSLA LILLED\",\"url\":\"https:\/\/fiestonia.ee\/et\/\",\"logo\":{\"@type\":\"ImageObject\",\"inLanguage\":\"et\",\"@id\":\"https:\/\/fiestonia.ee\/et\/#\/schema\/logo\/image\/\",\"url\":\"http:\/\/www.vatslalilled.ee\/wp-content\/uploads\/2024\/04\/cropped-Screenshot-2024-04-06-205209.png\",\"contentUrl\":\"http:\/\/www.vatslalilled.ee\/wp-content\/uploads\/2024\/04\/cropped-Screenshot-2024-04-06-205209.png\",\"width\":512,\"height\":512,\"caption\":\"VATSLA LILLED\"},\"image\":{\"@id\":\"https:\/\/fiestonia.ee\/et\/#\/schema\/logo\/image\/\"}}]}<\/script>\n<!-- \/ Yoast SEO plugin. -->","yoast_head_json":{"title":"LATIINO TANTSUTUNNID - Fiestonia","robots":{"index":"index","follow":"follow","max-snippet":"max-snippet:-1","max-image-preview":"max-image-preview:large","max-video-preview":"max-video-preview:-1"},"canonical":"https:\/\/fiestonia.ee\/et\/latiino-tantsutunnid\/","og_locale":"et_EE","og_type":"article","og_title":"LATIINO TANTSUTUNNID - Fiestonia","og_description":"Latiino tantsutunnid V\u00fcrtsitage oma \u00fcritust ladina tantsutundidega. Tooge ladina tantsude r\u00fctm ja elevus oma \u00fcritusele meie kaasahaarava tantsutundidega. Suurep\u00e4rane valik pidudeks, korporatiiv\u00fcritusteks ja erakogunemisteks, meie ladina tantsutunnid panevad k\u00f5ik liikuma, naerma ja koos m\u00f5nusalt aega veetma. Mida me pakume: Miks valida meie latiino tantsutunnid? Broneerige latiino tantsutund juba t\u00e4na! Muutke oma j\u00e4rgmine \u00fcritus unustamatuks meie [&hellip;]","og_url":"https:\/\/fiestonia.ee\/et\/latiino-tantsutunnid\/","og_site_name":"Fiestonia","article_modified_time":"2024-09-02T18:58:23+00:00","twitter_card":"summary_large_image","twitter_misc":{"Est. reading time":"2 minutit"},"schema":{"@context":"https:\/\/schema.org","@graph":[{"@type":"WebPage","@id":"https:\/\/fiestonia.ee\/et\/latiino-tantsutunnid\/","url":"https:\/\/fiestonia.ee\/et\/latiino-tantsutunnid\/","name":"LATIINO TANTSUTUNNID - Fiestonia","isPartOf":{"@id":"https:\/\/fiestonia.ee\/et\/#website"},"datePublished":"2024-08-08T19:53:53+00:00","dateModified":"2024-09-02T18:58:23+00:00","breadcrumb":{"@id":"https:\/\/fiestonia.ee\/et\/latiino-tantsutunnid\/#breadcrumb"},"inLanguage":"et","potentialAction":[{"@type":"ReadAction","target":["https:\/\/fiestonia.ee\/et\/latiino-tantsutunnid\/"]}]},{"@type":"BreadcrumbList","@id":"https:\/\/fiestonia.ee\/et\/latiino-tantsutunnid\/#breadcrumb","itemListElement":[{"@type":"ListItem","position":1,"name":"Home","item":"https:\/\/fiestonia.ee\/et\/"},{"@type":"ListItem","position":2,"name":"LATIINO TANTSUTUNNID"}]},{"@type":"WebSite","@id":"https:\/\/fiestonia.ee\/et\/#website","url":"https:\/\/fiestonia.ee\/et\/","name":"VATSLA LILLED","description":"Fiesta Estonia","publisher":{"@id":"https:\/\/fiestonia.ee\/et\/#organization"},"potentialAction":[{"@type":"SearchAction","target":{"@type":"EntryPoint","urlTemplate":"https:\/\/fiestonia.ee\/et\/?s={search_term_string}"},"query-input":"required name=search_term_string"}],"inLanguage":"et"},{"@type":"Organization","@id":"https:\/\/fiestonia.ee\/et\/#organization","name":"VATSLA LILLED","url":"https:\/\/fiestonia.ee\/et\/","logo":{"@type":"ImageObject","inLanguage":"et","@id":"https:\/\/fiestonia.ee\/et\/#\/schema\/logo\/image\/","url":"http:\/\/www.vatslalilled.ee\/wp-content\/uploads\/2024\/04\/cropped-Screenshot-2024-04-06-205209.png","contentUrl":"http:\/\/www.vatslalilled.ee\/wp-content\/uploads\/2024\/04\/cropped-Screenshot-2024-04-06-205209.png","width":512,"height":512,"caption":"VATSLA LILLED"},"image":{"@id":"https:\/\/fiestonia.ee\/et\/#\/schema\/logo\/image\/"}}]}},"amp_enabled":true,"_links":{"self":[{"href":"https:\/\/fiestonia.ee\/et\/wp-json\/wp\/v2\/pages\/1518","targetHints":{"allow":["GET"]}}],"collection":[{"href":"https:\/\/fiestonia.ee\/et\/wp-json\/wp\/v2\/pages"}],"about":[{"href":"https:\/\/fiestonia.ee\/et\/wp-json\/wp\/v2\/types\/page"}],"author":[{"embeddable":true,"href":"https:\/\/fiestonia.ee\/et\/wp-json\/wp\/v2\/users\/1"}],"replies":[{"embeddable":true,"href":"https:\/\/fiestonia.ee\/et\/wp-json\/wp\/v2\/comments?post=1518"}],"version-history":[{"count":5,"href":"https:\/\/fiestonia.ee\/et\/wp-json\/wp\/v2\/pages\/1518\/revisions"}],"predecessor-version":[{"id":1858,"href":"https:\/\/fiestonia.ee\/et\/wp-json\/wp\/v2\/pages\/1518\/revisions\/1858"}],"wp:attachment":[{"href":"https:\/\/fiestonia.ee\/et\/wp-json\/wp\/v2\/media?parent=1518"}],"curies":[{"name":"wp","href":"https:\/\/api.w.org\/{rel}","templated":true}]}}