{"id":309,"date":"2024-05-03T21:28:20","date_gmt":"2024-05-03T18:28:20","guid":{"rendered":"http:\/\/www.vatslalilled.ee\/?page_id=309"},"modified":"2024-05-10T20:16:55","modified_gmt":"2024-05-10T17:16:55","slug":"boliivia-begooniad","status":"publish","type":"page","link":"https:\/\/fiestonia.ee\/et\/boliivia-begooniad\/","title":{"rendered":"Boliivia begooniad"},"content":{"rendered":"\n<pre class=\"wp-block-preformatted has-text-color has-link-color has-system-sans-serif-font-family wp-elements-72a3e1f4261bba62676bc6f5271a2502\" style=\"color:#345c06;margin-top:0;margin-right:0;margin-bottom:0;margin-left:0;padding-top:0;padding-right:var(--wp--preset--spacing--10);padding-bottom:0;padding-left:var(--wp--preset--spacing--10);font-size:clamp(0.875rem, 0.875rem + ((1vw - 0.2rem) * 0.305), 1.1rem);font-style:normal;font-weight:600\">Tuntud ka kui Begonia boliviensis, on v\u00f5luv \u00f5istaim, mis on tuntud oma elegantse kaskaadk\u00e4itumise ja elavate \u00f5itsengute poolest. \u00d5rnade rippuvate vartega, mida kaunistab l\u00e4ikiv s\u00fcgavroheline lehestik, pudeneb see begoonia graatsiliselt \u00fcle anumate v\u00f5i ripub korvide k\u00fcljes, lisades igasse aeda v\u00f5i siseruumi h\u00f5ngu. Selle tulipunased, oran\u017eid v\u00f5i kollased kellukakujulised \u00f5ied \u00f5itsevad rikkalikult soojematel kuudel, meelitades ligi tolmeldajaid ja r\u00f5\u00f5mustades pealtvaatajaid oma r\u00f5\u00f5msa v\u00e4ljapanekuga. Boliivia begoonia on mitmek\u00fclgne ja v\u00e4hest hooldust vajav taim, mis \u00f5itseb poolvarjus kuni lausp\u00e4ikese k\u00e4es ja pakub kindlasti r\u00f5\u00f5mu oma lummava kohalolekuga.<\/pre>\n\n\n\n<div class=\"wp-block-media-text is-stacked-on-mobile\" style=\"padding-top:var(--wp--preset--spacing--10);padding-bottom:var(--wp--preset--spacing--10);grid-template-columns:15% auto\"><figure class=\"wp-block-media-text__media\"><a href=\"http:\/\/www.vatslalilled.ee\/?page_id=473\"><img loading=\"lazy\" decoding=\"async\" width=\"500\" height=\"500\" src=\"http:\/\/www.vatslalilled.ee\/wp-content\/uploads\/2024\/05\/3b6e0283-a522-44e3-8df7-4ac5f13cd0dd.jpg\" alt=\"\" class=\"wp-image-585 size-full\" srcset=\"https:\/\/fiestonia.ee\/wp-content\/uploads\/2024\/05\/3b6e0283-a522-44e3-8df7-4ac5f13cd0dd.jpg 500w, https:\/\/fiestonia.ee\/wp-content\/uploads\/2024\/05\/3b6e0283-a522-44e3-8df7-4ac5f13cd0dd-300x300.jpg 300w, https:\/\/fiestonia.ee\/wp-content\/uploads\/2024\/05\/3b6e0283-a522-44e3-8df7-4ac5f13cd0dd-150x150.jpg 150w, https:\/\/fiestonia.ee\/wp-content\/uploads\/2024\/05\/3b6e0283-a522-44e3-8df7-4ac5f13cd0dd-12x12.jpg 12w\" sizes=\"auto, (max-width: 500px) 100vw, 500px\" \/><\/a><\/figure><div class=\"wp-block-media-text__content\">\n<p class=\"has-text-color has-link-color wp-elements-6af700f87b9d3da0d7175bd60336b69d\" style=\"color:#345c06;font-size:clamp(14.642px, 0.915rem + ((1vw - 3.2px) * 0.624), 22px);\"><a href=\"http:\/\/www.vatslalilled.ee\/?page_id=473\" data-type=\"page\" data-id=\"473\">Bossa Nova White<\/a><\/p>\n<\/div><\/div>\n\n\n\n<div class=\"wp-block-media-text is-stacked-on-mobile\" style=\"padding-top:var(--wp--preset--spacing--10);padding-bottom:var(--wp--preset--spacing--10);grid-template-columns:15% auto\"><figure class=\"wp-block-media-text__media\"><a href=\"http:\/\/www.vatslalilled.ee\/?page_id=465\"><img loading=\"lazy\" decoding=\"async\" width=\"500\" height=\"500\" src=\"http:\/\/www.vatslalilled.ee\/wp-content\/uploads\/2024\/05\/3d85b7aa-4284-48e7-a099-e948304f1046.jpg\" alt=\"\" class=\"wp-image-582 size-full\" srcset=\"https:\/\/fiestonia.ee\/wp-content\/uploads\/2024\/05\/3d85b7aa-4284-48e7-a099-e948304f1046.jpg 500w, https:\/\/fiestonia.ee\/wp-content\/uploads\/2024\/05\/3d85b7aa-4284-48e7-a099-e948304f1046-300x300.jpg 300w, https:\/\/fiestonia.ee\/wp-content\/uploads\/2024\/05\/3d85b7aa-4284-48e7-a099-e948304f1046-150x150.jpg 150w, https:\/\/fiestonia.ee\/wp-content\/uploads\/2024\/05\/3d85b7aa-4284-48e7-a099-e948304f1046-12x12.jpg 12w\" sizes=\"auto, (max-width: 500px) 100vw, 500px\" \/><\/a><\/figure><div class=\"wp-block-media-text__content\">\n<p class=\"has-text-color has-link-color wp-elements-585fe2f3a60a6cd7028548264f427b7b\" style=\"color:#345c06;font-size:clamp(14.642px, 0.915rem + ((1vw - 3.2px) * 0.624), 22px);\"><a href=\"http:\/\/www.vatslalilled.ee\/?page_id=465\" data-type=\"page\" data-id=\"465\">Bossa Nova Yellow<\/a><\/p>\n<\/div><\/div>\n\n\n\n<div class=\"wp-block-media-text is-stacked-on-mobile\" style=\"padding-top:var(--wp--preset--spacing--10);padding-bottom:var(--wp--preset--spacing--10);grid-template-columns:15% auto\"><figure class=\"wp-block-media-text__media\"><a href=\"http:\/\/www.vatslalilled.ee\/?page_id=471\"><img loading=\"lazy\" decoding=\"async\" width=\"500\" height=\"500\" src=\"http:\/\/www.vatslalilled.ee\/wp-content\/uploads\/2024\/05\/8593a1f5-603f-4fd5-91a6-718e40e37139.jpg\" alt=\"\" class=\"wp-image-584 size-full\" srcset=\"https:\/\/fiestonia.ee\/wp-content\/uploads\/2024\/05\/8593a1f5-603f-4fd5-91a6-718e40e37139.jpg 500w, https:\/\/fiestonia.ee\/wp-content\/uploads\/2024\/05\/8593a1f5-603f-4fd5-91a6-718e40e37139-300x300.jpg 300w, https:\/\/fiestonia.ee\/wp-content\/uploads\/2024\/05\/8593a1f5-603f-4fd5-91a6-718e40e37139-150x150.jpg 150w, https:\/\/fiestonia.ee\/wp-content\/uploads\/2024\/05\/8593a1f5-603f-4fd5-91a6-718e40e37139-12x12.jpg 12w\" sizes=\"auto, (max-width: 500px) 100vw, 500px\" \/><\/a><\/figure><div class=\"wp-block-media-text__content\">\n<p class=\"has-text-color has-link-color wp-elements-3e94f22850b1ee64389a05e501161403\" style=\"color:#345c06;font-size:clamp(14.642px, 0.915rem + ((1vw - 3.2px) * 0.624), 22px);\"><a href=\"http:\/\/www.vatslalilled.ee\/?page_id=471\" data-type=\"page\" data-id=\"471\">Bossa Nova Night Fever Rosso<\/a><\/p>\n<\/div><\/div>\n\n\n\n<div class=\"wp-block-media-text is-stacked-on-mobile\" style=\"padding-top:var(--wp--preset--spacing--10);padding-bottom:var(--wp--preset--spacing--10);grid-template-columns:15% auto\"><figure class=\"wp-block-media-text__media\"><a href=\"http:\/\/www.vatslalilled.ee\/?page_id=469\"><img loading=\"lazy\" decoding=\"async\" width=\"500\" height=\"500\" src=\"http:\/\/www.vatslalilled.ee\/wp-content\/uploads\/2024\/05\/37e3f8db-9e95-4abc-b527-ae790b24e2d5.jpg\" alt=\"\" class=\"wp-image-583 size-full\" srcset=\"https:\/\/fiestonia.ee\/wp-content\/uploads\/2024\/05\/37e3f8db-9e95-4abc-b527-ae790b24e2d5.jpg 500w, https:\/\/fiestonia.ee\/wp-content\/uploads\/2024\/05\/37e3f8db-9e95-4abc-b527-ae790b24e2d5-300x300.jpg 300w, https:\/\/fiestonia.ee\/wp-content\/uploads\/2024\/05\/37e3f8db-9e95-4abc-b527-ae790b24e2d5-150x150.jpg 150w, https:\/\/fiestonia.ee\/wp-content\/uploads\/2024\/05\/37e3f8db-9e95-4abc-b527-ae790b24e2d5-12x12.jpg 12w\" sizes=\"auto, (max-width: 500px) 100vw, 500px\" \/><\/a><\/figure><div class=\"wp-block-media-text__content\">\n<p class=\"has-text-color has-link-color wp-elements-487d57a3b959bdd51e0bff2d93ad6da5\" style=\"color:#345c06;font-size:clamp(14.642px, 0.915rem + ((1vw - 3.2px) * 0.624), 22px);\"><a href=\"http:\/\/www.vatslalilled.ee\/?page_id=469\" data-type=\"page\" data-id=\"469\">Bossa Nova Red<\/a><\/p>\n<\/div><\/div>\n","protected":false},"excerpt":{"rendered":"<p>Tuntud ka kui Begonia boliviensis, on v\u00f5luv \u00f5istaim, mis on tuntud oma elegantse kaskaadk\u00e4itumise ja elavate \u00f5itsengute poolest. \u00d5rnade rippuvate vartega, mida kaunistab l\u00e4ikiv s\u00fcgavroheline lehestik, pudeneb see begoonia graatsiliselt \u00fcle anumate v\u00f5i ripub korvide k\u00fcljes, lisades igasse aeda v\u00f5i siseruumi h\u00f5ngu. Selle tulipunased, oran\u017eid v\u00f5i kollased kellukakujulised \u00f5ied \u00f5itsevad rikkalikult soojematel kuudel, meelitades ligi [&hellip;]<\/p>\n","protected":false},"author":1,"featured_media":0,"parent":0,"menu_order":0,"comment_status":"closed","ping_status":"closed","template":"page-with-sidebar","meta":{"pgc_meta":"","footnotes":""},"class_list":["post-309","page","type-page","status-publish","hentry"],"pgc_meta":"","yoast_head":"<!-- This site is optimized with the Yoast SEO plugin v23.0 - https:\/\/yoast.com\/wordpress\/plugins\/seo\/ -->\n<title>Boliivia begooniad - Fiestonia<\/title>\n<meta name=\"robots\" content=\"index, follow, max-snippet:-1, max-image-preview:large, max-video-preview:-1\" \/>\n<link rel=\"canonical\" href=\"https:\/\/fiestonia.ee\/et\/boliivia-begooniad\/\" \/>\n<meta property=\"og:locale\" content=\"et_EE\" \/>\n<meta property=\"og:type\" content=\"article\" \/>\n<meta property=\"og:title\" content=\"Boliivia begooniad - Fiestonia\" \/>\n<meta property=\"og:description\" content=\"Tuntud ka kui Begonia boliviensis, on v\u00f5luv \u00f5istaim, mis on tuntud oma elegantse kaskaadk\u00e4itumise ja elavate \u00f5itsengute poolest. \u00d5rnade rippuvate vartega, mida kaunistab l\u00e4ikiv s\u00fcgavroheline lehestik, pudeneb see begoonia graatsiliselt \u00fcle anumate v\u00f5i ripub korvide k\u00fcljes, lisades igasse aeda v\u00f5i siseruumi h\u00f5ngu. Selle tulipunased, oran\u017eid v\u00f5i kollased kellukakujulised \u00f5ied \u00f5itsevad rikkalikult soojematel kuudel, meelitades ligi [&hellip;]\" \/>\n<meta property=\"og:url\" content=\"https:\/\/fiestonia.ee\/et\/boliivia-begooniad\/\" \/>\n<meta property=\"og:site_name\" content=\"Fiestonia\" \/>\n<meta property=\"article:modified_time\" content=\"2024-05-10T17:16:55+00:00\" \/>\n<meta property=\"og:image\" content=\"http:\/\/www.vatslalilled.ee\/wp-content\/uploads\/2024\/05\/3b6e0283-a522-44e3-8df7-4ac5f13cd0dd.jpg\" \/>\n<meta name=\"twitter:card\" content=\"summary_large_image\" \/>\n<meta name=\"twitter:label1\" content=\"Est. reading time\" \/>\n\t<meta name=\"twitter:data1\" content=\"1 minut\" \/>\n<script type=\"application\/ld+json\" class=\"yoast-schema-graph\">{\"@context\":\"https:\/\/schema.org\",\"@graph\":[{\"@type\":\"WebPage\",\"@id\":\"https:\/\/fiestonia.ee\/boliivia-begooniad\/\",\"url\":\"https:\/\/fiestonia.ee\/boliivia-begooniad\/\",\"name\":\"Boliivia begooniad - Fiestonia\",\"isPartOf\":{\"@id\":\"https:\/\/fiestonia.ee\/et\/#website\"},\"primaryImageOfPage\":{\"@id\":\"https:\/\/fiestonia.ee\/boliivia-begooniad\/#primaryimage\"},\"image\":{\"@id\":\"https:\/\/fiestonia.ee\/boliivia-begooniad\/#primaryimage\"},\"thumbnailUrl\":\"http:\/\/www.vatslalilled.ee\/wp-content\/uploads\/2024\/05\/3b6e0283-a522-44e3-8df7-4ac5f13cd0dd.jpg\",\"datePublished\":\"2024-05-03T18:28:20+00:00\",\"dateModified\":\"2024-05-10T17:16:55+00:00\",\"breadcrumb\":{\"@id\":\"https:\/\/fiestonia.ee\/boliivia-begooniad\/#breadcrumb\"},\"inLanguage\":\"et\",\"potentialAction\":[{\"@type\":\"ReadAction\",\"target\":[\"https:\/\/fiestonia.ee\/boliivia-begooniad\/\"]}]},{\"@type\":\"ImageObject\",\"inLanguage\":\"et\",\"@id\":\"https:\/\/fiestonia.ee\/boliivia-begooniad\/#primaryimage\",\"url\":\"http:\/\/www.vatslalilled.ee\/wp-content\/uploads\/2024\/05\/3b6e0283-a522-44e3-8df7-4ac5f13cd0dd.jpg\",\"contentUrl\":\"http:\/\/www.vatslalilled.ee\/wp-content\/uploads\/2024\/05\/3b6e0283-a522-44e3-8df7-4ac5f13cd0dd.jpg\"},{\"@type\":\"BreadcrumbList\",\"@id\":\"https:\/\/fiestonia.ee\/boliivia-begooniad\/#breadcrumb\",\"itemListElement\":[{\"@type\":\"ListItem\",\"position\":1,\"name\":\"Home\",\"item\":\"https:\/\/fiestonia.ee\/et\/\"},{\"@type\":\"ListItem\",\"position\":2,\"name\":\"Boliivia begooniad\"}]},{\"@type\":\"WebSite\",\"@id\":\"https:\/\/fiestonia.ee\/et\/#website\",\"url\":\"https:\/\/fiestonia.ee\/et\/\",\"name\":\"VATSLA LILLED\",\"description\":\"Fiesta Estonia\",\"publisher\":{\"@id\":\"https:\/\/fiestonia.ee\/et\/#organization\"},\"potentialAction\":[{\"@type\":\"SearchAction\",\"target\":{\"@type\":\"EntryPoint\",\"urlTemplate\":\"https:\/\/fiestonia.ee\/et\/?s={search_term_string}\"},\"query-input\":\"required name=search_term_string\"}],\"inLanguage\":\"et\"},{\"@type\":\"Organization\",\"@id\":\"https:\/\/fiestonia.ee\/et\/#organization\",\"name\":\"VATSLA LILLED\",\"url\":\"https:\/\/fiestonia.ee\/et\/\",\"logo\":{\"@type\":\"ImageObject\",\"inLanguage\":\"et\",\"@id\":\"https:\/\/fiestonia.ee\/et\/#\/schema\/logo\/image\/\",\"url\":\"http:\/\/www.vatslalilled.ee\/wp-content\/uploads\/2024\/04\/cropped-Screenshot-2024-04-06-205209.png\",\"contentUrl\":\"http:\/\/www.vatslalilled.ee\/wp-content\/uploads\/2024\/04\/cropped-Screenshot-2024-04-06-205209.png\",\"width\":512,\"height\":512,\"caption\":\"VATSLA LILLED\"},\"image\":{\"@id\":\"https:\/\/fiestonia.ee\/et\/#\/schema\/logo\/image\/\"}}]}<\/script>\n<!-- \/ Yoast SEO plugin. -->","yoast_head_json":{"title":"Boliivia begooniad - Fiestonia","robots":{"index":"index","follow":"follow","max-snippet":"max-snippet:-1","max-image-preview":"max-image-preview:large","max-video-preview":"max-video-preview:-1"},"canonical":"https:\/\/fiestonia.ee\/et\/boliivia-begooniad\/","og_locale":"et_EE","og_type":"article","og_title":"Boliivia begooniad - Fiestonia","og_description":"Tuntud ka kui Begonia boliviensis, on v\u00f5luv \u00f5istaim, mis on tuntud oma elegantse kaskaadk\u00e4itumise ja elavate \u00f5itsengute poolest. \u00d5rnade rippuvate vartega, mida kaunistab l\u00e4ikiv s\u00fcgavroheline lehestik, pudeneb see begoonia graatsiliselt \u00fcle anumate v\u00f5i ripub korvide k\u00fcljes, lisades igasse aeda v\u00f5i siseruumi h\u00f5ngu. Selle tulipunased, oran\u017eid v\u00f5i kollased kellukakujulised \u00f5ied \u00f5itsevad rikkalikult soojematel kuudel, meelitades ligi [&hellip;]","og_url":"https:\/\/fiestonia.ee\/et\/boliivia-begooniad\/","og_site_name":"Fiestonia","article_modified_time":"2024-05-10T17:16:55+00:00","og_image":[{"url":"http:\/\/www.vatslalilled.ee\/wp-content\/uploads\/2024\/05\/3b6e0283-a522-44e3-8df7-4ac5f13cd0dd.jpg"}],"twitter_card":"summary_large_image","twitter_misc":{"Est. reading time":"1 minut"},"schema":{"@context":"https:\/\/schema.org","@graph":[{"@type":"WebPage","@id":"https:\/\/fiestonia.ee\/boliivia-begooniad\/","url":"https:\/\/fiestonia.ee\/boliivia-begooniad\/","name":"Boliivia begooniad - Fiestonia","isPartOf":{"@id":"https:\/\/fiestonia.ee\/et\/#website"},"primaryImageOfPage":{"@id":"https:\/\/fiestonia.ee\/boliivia-begooniad\/#primaryimage"},"image":{"@id":"https:\/\/fiestonia.ee\/boliivia-begooniad\/#primaryimage"},"thumbnailUrl":"http:\/\/www.vatslalilled.ee\/wp-content\/uploads\/2024\/05\/3b6e0283-a522-44e3-8df7-4ac5f13cd0dd.jpg","datePublished":"2024-05-03T18:28:20+00:00","dateModified":"2024-05-10T17:16:55+00:00","breadcrumb":{"@id":"https:\/\/fiestonia.ee\/boliivia-begooniad\/#breadcrumb"},"inLanguage":"et","potentialAction":[{"@type":"ReadAction","target":["https:\/\/fiestonia.ee\/boliivia-begooniad\/"]}]},{"@type":"ImageObject","inLanguage":"et","@id":"https:\/\/fiestonia.ee\/boliivia-begooniad\/#primaryimage","url":"http:\/\/www.vatslalilled.ee\/wp-content\/uploads\/2024\/05\/3b6e0283-a522-44e3-8df7-4ac5f13cd0dd.jpg","contentUrl":"http:\/\/www.vatslalilled.ee\/wp-content\/uploads\/2024\/05\/3b6e0283-a522-44e3-8df7-4ac5f13cd0dd.jpg"},{"@type":"BreadcrumbList","@id":"https:\/\/fiestonia.ee\/boliivia-begooniad\/#breadcrumb","itemListElement":[{"@type":"ListItem","position":1,"name":"Home","item":"https:\/\/fiestonia.ee\/et\/"},{"@type":"ListItem","position":2,"name":"Boliivia begooniad"}]},{"@type":"WebSite","@id":"https:\/\/fiestonia.ee\/et\/#website","url":"https:\/\/fiestonia.ee\/et\/","name":"VATSLA LILLED","description":"Fiesta Estonia","publisher":{"@id":"https:\/\/fiestonia.ee\/et\/#organization"},"potentialAction":[{"@type":"SearchAction","target":{"@type":"EntryPoint","urlTemplate":"https:\/\/fiestonia.ee\/et\/?s={search_term_string}"},"query-input":"required name=search_term_string"}],"inLanguage":"et"},{"@type":"Organization","@id":"https:\/\/fiestonia.ee\/et\/#organization","name":"VATSLA LILLED","url":"https:\/\/fiestonia.ee\/et\/","logo":{"@type":"ImageObject","inLanguage":"et","@id":"https:\/\/fiestonia.ee\/et\/#\/schema\/logo\/image\/","url":"http:\/\/www.vatslalilled.ee\/wp-content\/uploads\/2024\/04\/cropped-Screenshot-2024-04-06-205209.png","contentUrl":"http:\/\/www.vatslalilled.ee\/wp-content\/uploads\/2024\/04\/cropped-Screenshot-2024-04-06-205209.png","width":512,"height":512,"caption":"VATSLA LILLED"},"image":{"@id":"https:\/\/fiestonia.ee\/et\/#\/schema\/logo\/image\/"}}]}},"amp_enabled":true,"_links":{"self":[{"href":"https:\/\/fiestonia.ee\/et\/wp-json\/wp\/v2\/pages\/309","targetHints":{"allow":["GET"]}}],"collection":[{"href":"https:\/\/fiestonia.ee\/et\/wp-json\/wp\/v2\/pages"}],"about":[{"href":"https:\/\/fiestonia.ee\/et\/wp-json\/wp\/v2\/types\/page"}],"author":[{"embeddable":true,"href":"https:\/\/fiestonia.ee\/et\/wp-json\/wp\/v2\/users\/1"}],"replies":[{"embeddable":true,"href":"https:\/\/fiestonia.ee\/et\/wp-json\/wp\/v2\/comments?post=309"}],"version-history":[{"count":5,"href":"https:\/\/fiestonia.ee\/et\/wp-json\/wp\/v2\/pages\/309\/revisions"}],"predecessor-version":[{"id":595,"href":"https:\/\/fiestonia.ee\/et\/wp-json\/wp\/v2\/pages\/309\/revisions\/595"}],"wp:attachment":[{"href":"https:\/\/fiestonia.ee\/et\/wp-json\/wp\/v2\/media?parent=309"}],"curies":[{"name":"wp","href":"https:\/\/api.w.org\/{rel}","templated":true}]}}