{"id":469,"date":"2024-05-06T23:17:31","date_gmt":"2024-05-06T20:17:31","guid":{"rendered":"http:\/\/www.vatslalilled.ee\/?page_id=469"},"modified":"2024-06-05T23:17:49","modified_gmt":"2024-06-05T20:17:49","slug":"bossa-nova-red","status":"publish","type":"page","link":"https:\/\/fiestonia.ee\/et\/bossa-nova-red\/","title":{"rendered":"Bossa Nova Red"},"content":{"rendered":"\n<div class=\"wp-block-columns is-layout-flex wp-container-core-columns-is-layout-28f84493 wp-block-columns-is-layout-flex\">\n<div class=\"wp-block-column is-layout-flow wp-block-column-is-layout-flow\" style=\"flex-basis:33.33%\">\n<figure class=\"wp-block-image size-full is-resized has-custom-border\"><img loading=\"lazy\" decoding=\"async\" width=\"500\" height=\"500\" src=\"http:\/\/www.vatslalilled.ee\/wp-content\/uploads\/2024\/05\/ef6aa43a-ee8e-438a-95ee-a4255ade5708-1.jpg\" alt=\"\" class=\"wp-image-492\" style=\"border-radius:50px;width:260px;height:auto\" srcset=\"https:\/\/fiestonia.ee\/wp-content\/uploads\/2024\/05\/ef6aa43a-ee8e-438a-95ee-a4255ade5708-1.jpg 500w, https:\/\/fiestonia.ee\/wp-content\/uploads\/2024\/05\/ef6aa43a-ee8e-438a-95ee-a4255ade5708-1-300x300.jpg 300w, https:\/\/fiestonia.ee\/wp-content\/uploads\/2024\/05\/ef6aa43a-ee8e-438a-95ee-a4255ade5708-1-150x150.jpg 150w, https:\/\/fiestonia.ee\/wp-content\/uploads\/2024\/05\/ef6aa43a-ee8e-438a-95ee-a4255ade5708-1-12x12.jpg 12w\" sizes=\"auto, (max-width: 500px) 100vw, 500px\" \/><\/figure>\n<\/div>\n\n\n\n<div class=\"wp-block-column is-layout-flow wp-block-column-is-layout-flow\" style=\"flex-basis:66.66%\">\n<p class=\"has-text-color has-link-color has-system-sans-serif-font-family wp-elements-2c0a367e68c5a88342a1da6c92b4c911\" style=\"color:#345c06;font-size:clamp(14px, 0.875rem + ((1vw - 3.2px) * 0.508), 20px);font-style:normal;font-weight:500\">Saadaval<\/p>\n\n\n\n<p class=\"has-text-color has-link-color has-system-sans-serif-font-family wp-elements-54199398e4f7b2ae5194a7c51581e19e\" style=\"color:#345c06;font-size:clamp(14px, 0.875rem + ((1vw - 3.2px) * 0.508), 20px);font-style:normal;font-weight:500\">Hind: 15-25\u20ac olenevalt suurusest<\/p>\n\n\n\n<details class=\"wp-block-details has-text-color has-link-color has-system-sans-serif-font-family wp-elements-3d24b66459f049e79d8b385d2f88e3c6 is-layout-flow wp-block-details-is-layout-flow\" style=\"color:#345c06;font-size:clamp(14px, 0.875rem + ((1vw - 3.2px) * 0.508), 20px);font-style:normal;font-weight:500\"><summary>Kirjeldus<\/summary>\n<p class=\"has-text-color has-link-color has-system-sans-serif-font-family wp-elements-4e8e340100cd606aaa838aa6b62c384c\" style=\"color:#345c06;font-size:clamp(0.875rem, 0.875rem + ((1vw - 0.2rem) * 0.169), 1rem);font-style:normal;font-weight:400\">BOSSA NOVA RED talub mitmesuguseid p\u00e4ikesetingimusi, lausp\u00e4ikest kuni t\u00e4isvarjuni. Parim j\u00f5udlus poolvarjus. Parim kasvatada \u00fchtlaselt niiskes, rikkalikus, kiiresti kuivendavas pinnases osaliselt p\u00e4ikese k\u00e4es. Mugulad m\u00e4danevad liiga m\u00e4rjal v\u00f5i halvasti kuivendatud pinnasel.  <\/p>\n\n\n\n<p class=\"has-text-color has-link-color has-system-sans-serif-font-family wp-elements-4dced97be8e85b768ec65277efa8d57a\" style=\"color:#345c06;font-size:clamp(0.875rem, 0.875rem + ((1vw - 0.2rem) * 0.169), 1rem);font-style:normal;font-weight:400\">Lilled \u00f5itsevad kogu hooaja kevadest k\u00fclmadeni.<\/p>\n\n\n\n<hr class=\"wp-block-separator has-alpha-channel-opacity\"\/>\n\n\n\n<p class=\"has-text-color has-link-color has-system-sans-serif-font-family wp-elements-4217bd78fb602d689eda67a66e554ea5\" style=\"color:#345c06;font-size:clamp(0.875rem, 0.875rem + ((1vw - 0.2rem) * 0.169), 1rem);font-style:normal;font-weight:400\">Mugulaid saab talvitada siseruumides k\u00fclmematel aladel. P\u00e4rast esimest k\u00fclma l\u00f5igake varred t\u00e4ielikult tagasi ja hoidke kogu konteiner jahedas siseruumides, n\u00e4iteks k\u00fctmata garaa\u017eis v\u00f5i keldris. Kastke m\u00f5\u00f5dukalt, et mugulad ei m\u00e4daneks, kuid ka t\u00e4ielikult ei kuivaks.<\/p>\n\n\n\n<hr class=\"wp-block-separator has-alpha-channel-opacity\"\/>\n<\/details>\n\n\n\n<details class=\"wp-block-details has-text-color has-link-color has-system-sans-serif-font-family wp-elements-26b63edbc477aadfbea20504f0fd1ddf is-layout-flow wp-container-core-details-is-layout-8a368f38 wp-block-details-is-layout-flow\" style=\"color:#345c06;font-size:clamp(14px, 0.875rem + ((1vw - 3.2px) * 0.508), 20px);font-style:normal;font-weight:500\"><summary>Lisainfo<\/summary>\n<figure style=\"padding-top:0;padding-bottom:0;font-size:clamp(0.875rem, 0.875rem + ((1vw - 0.2rem) * 0.169), 1rem);font-style:normal;font-weight:400\" class=\"wp-block-table has-system-sans-serif-font-family\"><table class=\"has-text-color has-link-color has-fixed-layout\" style=\"color:#345c06\"><tbody><tr><td>Botaaniline nimi<\/td><td>Begonia boliviensis<\/td><\/tr><tr><td>M\u00f5\u00f5dud<\/td><td>K 30-40 cm\/ L 40-50 cm<\/td><\/tr><tr><td>Taime t\u00fc\u00fcp<\/td><td>\u00dcheaastane taim<\/td><\/tr><tr><td>Tingimused<\/td><td>Poolvari, vari, parasniiske muld<\/td><\/tr><tr><td>\u00d5itsemisperiood<\/td><td>Hiliskevad kuni esimeste k\u00fclmadeni<\/td><\/tr><tr><td>\u00d5ie v\u00e4rv<\/td><td>Punane<\/td><\/tr><tr><td>Lisainfo<\/td><td>Kuumakindel, varju taluv, pidev \u00f5itsemine v\u00f5i uuesti \u00f5itsemine<\/td><\/tr><tr><td>Kasutus<\/td><td>Kasvuhooned, talveaiad, konteinerid, rippkorvid, aknakastid<\/td><\/tr><\/tbody><\/table><\/figure>\n<\/details>\n<\/div>\n<\/div>\n","protected":false},"excerpt":{"rendered":"<p>Saadaval Hind: 15-25\u20ac olenevalt suurusest<\/p>\n","protected":false},"author":1,"featured_media":0,"parent":0,"menu_order":0,"comment_status":"open","ping_status":"closed","template":"page-with-sidebar","meta":{"pgc_meta":"","footnotes":""},"class_list":["post-469","page","type-page","status-publish","hentry"],"pgc_meta":"","yoast_head":"<!-- This site is optimized with the Yoast SEO plugin v23.0 - https:\/\/yoast.com\/wordpress\/plugins\/seo\/ -->\n<title>Bossa Nova Red - Fiestonia<\/title>\n<meta name=\"robots\" content=\"index, follow, max-snippet:-1, max-image-preview:large, max-video-preview:-1\" \/>\n<link rel=\"canonical\" href=\"https:\/\/fiestonia.ee\/et\/bossa-nova-red\/\" \/>\n<meta property=\"og:locale\" content=\"et_EE\" \/>\n<meta property=\"og:type\" content=\"article\" \/>\n<meta property=\"og:title\" content=\"Bossa Nova Red - Fiestonia\" \/>\n<meta property=\"og:description\" content=\"Saadaval Hind: 15-25\u20ac olenevalt suurusest\" \/>\n<meta property=\"og:url\" content=\"https:\/\/fiestonia.ee\/et\/bossa-nova-red\/\" \/>\n<meta property=\"og:site_name\" content=\"Fiestonia\" \/>\n<meta property=\"article:modified_time\" content=\"2024-06-05T20:17:49+00:00\" \/>\n<meta property=\"og:image\" content=\"http:\/\/www.vatslalilled.ee\/wp-content\/uploads\/2024\/05\/ef6aa43a-ee8e-438a-95ee-a4255ade5708-1.jpg\" \/>\n<meta name=\"twitter:card\" content=\"summary_large_image\" \/>\n<script type=\"application\/ld+json\" class=\"yoast-schema-graph\">{\"@context\":\"https:\/\/schema.org\",\"@graph\":[{\"@type\":\"WebPage\",\"@id\":\"https:\/\/fiestonia.ee\/bossa-nova-red\/\",\"url\":\"https:\/\/fiestonia.ee\/bossa-nova-red\/\",\"name\":\"Bossa Nova Red - Fiestonia\",\"isPartOf\":{\"@id\":\"https:\/\/fiestonia.ee\/et\/#website\"},\"primaryImageOfPage\":{\"@id\":\"https:\/\/fiestonia.ee\/bossa-nova-red\/#primaryimage\"},\"image\":{\"@id\":\"https:\/\/fiestonia.ee\/bossa-nova-red\/#primaryimage\"},\"thumbnailUrl\":\"http:\/\/www.vatslalilled.ee\/wp-content\/uploads\/2024\/05\/ef6aa43a-ee8e-438a-95ee-a4255ade5708-1.jpg\",\"datePublished\":\"2024-05-06T20:17:31+00:00\",\"dateModified\":\"2024-06-05T20:17:49+00:00\",\"breadcrumb\":{\"@id\":\"https:\/\/fiestonia.ee\/bossa-nova-red\/#breadcrumb\"},\"inLanguage\":\"et\",\"potentialAction\":[{\"@type\":\"ReadAction\",\"target\":[\"https:\/\/fiestonia.ee\/bossa-nova-red\/\"]}]},{\"@type\":\"ImageObject\",\"inLanguage\":\"et\",\"@id\":\"https:\/\/fiestonia.ee\/bossa-nova-red\/#primaryimage\",\"url\":\"http:\/\/www.vatslalilled.ee\/wp-content\/uploads\/2024\/05\/ef6aa43a-ee8e-438a-95ee-a4255ade5708-1.jpg\",\"contentUrl\":\"http:\/\/www.vatslalilled.ee\/wp-content\/uploads\/2024\/05\/ef6aa43a-ee8e-438a-95ee-a4255ade5708-1.jpg\"},{\"@type\":\"BreadcrumbList\",\"@id\":\"https:\/\/fiestonia.ee\/bossa-nova-red\/#breadcrumb\",\"itemListElement\":[{\"@type\":\"ListItem\",\"position\":1,\"name\":\"Home\",\"item\":\"https:\/\/fiestonia.ee\/et\/\"},{\"@type\":\"ListItem\",\"position\":2,\"name\":\"Bossa Nova Red\"}]},{\"@type\":\"WebSite\",\"@id\":\"https:\/\/fiestonia.ee\/et\/#website\",\"url\":\"https:\/\/fiestonia.ee\/et\/\",\"name\":\"VATSLA LILLED\",\"description\":\"Fiesta Estonia\",\"publisher\":{\"@id\":\"https:\/\/fiestonia.ee\/et\/#organization\"},\"potentialAction\":[{\"@type\":\"SearchAction\",\"target\":{\"@type\":\"EntryPoint\",\"urlTemplate\":\"https:\/\/fiestonia.ee\/et\/?s={search_term_string}\"},\"query-input\":\"required name=search_term_string\"}],\"inLanguage\":\"et\"},{\"@type\":\"Organization\",\"@id\":\"https:\/\/fiestonia.ee\/et\/#organization\",\"name\":\"VATSLA LILLED\",\"url\":\"https:\/\/fiestonia.ee\/et\/\",\"logo\":{\"@type\":\"ImageObject\",\"inLanguage\":\"et\",\"@id\":\"https:\/\/fiestonia.ee\/et\/#\/schema\/logo\/image\/\",\"url\":\"http:\/\/www.vatslalilled.ee\/wp-content\/uploads\/2024\/04\/cropped-Screenshot-2024-04-06-205209.png\",\"contentUrl\":\"http:\/\/www.vatslalilled.ee\/wp-content\/uploads\/2024\/04\/cropped-Screenshot-2024-04-06-205209.png\",\"width\":512,\"height\":512,\"caption\":\"VATSLA LILLED\"},\"image\":{\"@id\":\"https:\/\/fiestonia.ee\/et\/#\/schema\/logo\/image\/\"}}]}<\/script>\n<!-- \/ Yoast SEO plugin. -->","yoast_head_json":{"title":"Bossa Nova Red - Fiestonia","robots":{"index":"index","follow":"follow","max-snippet":"max-snippet:-1","max-image-preview":"max-image-preview:large","max-video-preview":"max-video-preview:-1"},"canonical":"https:\/\/fiestonia.ee\/et\/bossa-nova-red\/","og_locale":"et_EE","og_type":"article","og_title":"Bossa Nova Red - Fiestonia","og_description":"Saadaval Hind: 15-25\u20ac olenevalt suurusest","og_url":"https:\/\/fiestonia.ee\/et\/bossa-nova-red\/","og_site_name":"Fiestonia","article_modified_time":"2024-06-05T20:17:49+00:00","og_image":[{"url":"http:\/\/www.vatslalilled.ee\/wp-content\/uploads\/2024\/05\/ef6aa43a-ee8e-438a-95ee-a4255ade5708-1.jpg"}],"twitter_card":"summary_large_image","schema":{"@context":"https:\/\/schema.org","@graph":[{"@type":"WebPage","@id":"https:\/\/fiestonia.ee\/bossa-nova-red\/","url":"https:\/\/fiestonia.ee\/bossa-nova-red\/","name":"Bossa Nova Red - Fiestonia","isPartOf":{"@id":"https:\/\/fiestonia.ee\/et\/#website"},"primaryImageOfPage":{"@id":"https:\/\/fiestonia.ee\/bossa-nova-red\/#primaryimage"},"image":{"@id":"https:\/\/fiestonia.ee\/bossa-nova-red\/#primaryimage"},"thumbnailUrl":"http:\/\/www.vatslalilled.ee\/wp-content\/uploads\/2024\/05\/ef6aa43a-ee8e-438a-95ee-a4255ade5708-1.jpg","datePublished":"2024-05-06T20:17:31+00:00","dateModified":"2024-06-05T20:17:49+00:00","breadcrumb":{"@id":"https:\/\/fiestonia.ee\/bossa-nova-red\/#breadcrumb"},"inLanguage":"et","potentialAction":[{"@type":"ReadAction","target":["https:\/\/fiestonia.ee\/bossa-nova-red\/"]}]},{"@type":"ImageObject","inLanguage":"et","@id":"https:\/\/fiestonia.ee\/bossa-nova-red\/#primaryimage","url":"http:\/\/www.vatslalilled.ee\/wp-content\/uploads\/2024\/05\/ef6aa43a-ee8e-438a-95ee-a4255ade5708-1.jpg","contentUrl":"http:\/\/www.vatslalilled.ee\/wp-content\/uploads\/2024\/05\/ef6aa43a-ee8e-438a-95ee-a4255ade5708-1.jpg"},{"@type":"BreadcrumbList","@id":"https:\/\/fiestonia.ee\/bossa-nova-red\/#breadcrumb","itemListElement":[{"@type":"ListItem","position":1,"name":"Home","item":"https:\/\/fiestonia.ee\/et\/"},{"@type":"ListItem","position":2,"name":"Bossa Nova Red"}]},{"@type":"WebSite","@id":"https:\/\/fiestonia.ee\/et\/#website","url":"https:\/\/fiestonia.ee\/et\/","name":"VATSLA LILLED","description":"Fiesta Estonia","publisher":{"@id":"https:\/\/fiestonia.ee\/et\/#organization"},"potentialAction":[{"@type":"SearchAction","target":{"@type":"EntryPoint","urlTemplate":"https:\/\/fiestonia.ee\/et\/?s={search_term_string}"},"query-input":"required name=search_term_string"}],"inLanguage":"et"},{"@type":"Organization","@id":"https:\/\/fiestonia.ee\/et\/#organization","name":"VATSLA LILLED","url":"https:\/\/fiestonia.ee\/et\/","logo":{"@type":"ImageObject","inLanguage":"et","@id":"https:\/\/fiestonia.ee\/et\/#\/schema\/logo\/image\/","url":"http:\/\/www.vatslalilled.ee\/wp-content\/uploads\/2024\/04\/cropped-Screenshot-2024-04-06-205209.png","contentUrl":"http:\/\/www.vatslalilled.ee\/wp-content\/uploads\/2024\/04\/cropped-Screenshot-2024-04-06-205209.png","width":512,"height":512,"caption":"VATSLA LILLED"},"image":{"@id":"https:\/\/fiestonia.ee\/et\/#\/schema\/logo\/image\/"}}]}},"amp_enabled":true,"_links":{"self":[{"href":"https:\/\/fiestonia.ee\/et\/wp-json\/wp\/v2\/pages\/469","targetHints":{"allow":["GET"]}}],"collection":[{"href":"https:\/\/fiestonia.ee\/et\/wp-json\/wp\/v2\/pages"}],"about":[{"href":"https:\/\/fiestonia.ee\/et\/wp-json\/wp\/v2\/types\/page"}],"author":[{"embeddable":true,"href":"https:\/\/fiestonia.ee\/et\/wp-json\/wp\/v2\/users\/1"}],"replies":[{"embeddable":true,"href":"https:\/\/fiestonia.ee\/et\/wp-json\/wp\/v2\/comments?post=469"}],"version-history":[{"count":5,"href":"https:\/\/fiestonia.ee\/et\/wp-json\/wp\/v2\/pages\/469\/revisions"}],"predecessor-version":[{"id":1229,"href":"https:\/\/fiestonia.ee\/et\/wp-json\/wp\/v2\/pages\/469\/revisions\/1229"}],"wp:attachment":[{"href":"https:\/\/fiestonia.ee\/et\/wp-json\/wp\/v2\/media?parent=469"}],"curies":[{"name":"wp","href":"https:\/\/api.w.org\/{rel}","templated":true}]}}