{"id":612,"date":"2024-05-10T22:31:00","date_gmt":"2024-05-10T19:31:00","guid":{"rendered":"http:\/\/www.vatslalilled.ee\/?page_id=612"},"modified":"2024-06-02T00:13:35","modified_gmt":"2024-06-01T21:13:35","slug":"privaatsustingimused","status":"publish","type":"page","link":"https:\/\/fiestonia.ee\/et\/privaatsustingimused\/","title":{"rendered":"Privaatsustingimused"},"content":{"rendered":"\n<h2 class=\"wp-block-heading\"><strong>1. \u00dclds\u00e4tted<\/strong><\/h2>\n\n\n\n<p>1.1. K\u00e4esolev privaatsuspoliitika reguleerib isikuandmete kogumist, t\u00f6\u00f6tlemist ja s\u00e4ilitamist k\u00e4sitlevaid p\u00f5him\u00f5tteid. Isikuandmeid kogub t\u00f6\u00f6tleb ja s\u00e4ilitab isikuandmete vastutav t\u00f6\u00f6tleja&nbsp;<strong>Mittetulundus\u00fching Vatsla Lilled, <\/strong>registrikood: 80640423&nbsp;(edaspidi andmet\u00f6\u00f6tleja). Asukoht: Vatslanurme A\u00dc 17, Saue vald, Vatsla k\u00fcla 76915. E-post: info@vatslalilled.ee. Veebileht: vatslalilled.ee.<\/p>\n\n\n\n<p>1.2. Andmesubjekt privaatsuspoliitika t\u00e4henduses on klient v\u00f5i muu f\u00fc\u00fcsiline isik, kelle isikuandmeid andmet\u00f6\u00f6tleja t\u00f6\u00f6tleb.<\/p>\n\n\n\n<p>1.3. Klient privaatsuspoliitika t\u00e4henduses on iga\u00fcks, kes kasutab kodulehte vatslalilled.ee v\u00f5i ostab andmet\u00f6\u00f6tleja kodulehelt kaupu v\u00f5i teenuseid (tulevikus kui neid pakkuma hakatakse).<\/p>\n\n\n\n<p>1.4. Andmet\u00f6\u00f6tleja j\u00e4rgib \u00f5igusaktides s\u00e4testatud andmete t\u00f6\u00f6tlemise p\u00f5him\u00f5tteid, muuhulgas t\u00f6\u00f6tleb andmet\u00f6\u00f6tleja isikuandmeid seaduslikult, \u00f5iglaselt ja turvaliselt. Andmet\u00f6\u00f6tleja on v\u00f5imeline kinnitama, et isikuandmeid on t\u00f6\u00f6deldud vastavalt \u00f5igusaktides s\u00e4testatule.<\/p>\n\n\n\n<p>1.5. Mittetulundus\u00fching Vatsla Lilled l\u00e4htub isikuandmete t\u00f6\u00f6tlemisel j\u00e4rgmistest p\u00f5him\u00f5tetest:<\/p>\n\n\n\n<p>   &#8211; Seaduslikkuse, \u00f5igluse ja l\u00e4bipaistvuse p\u00f5him\u00f5te \u2013 t\u00f6\u00f6tlemine on seaduslik, \u00f5iglane ja andmesubjektile l\u00e4bipaistev;<br>   &#8211; Eesm\u00e4rgi piirangu p\u00f5him\u00f5te \u2013 isikuandmeid kogutakse t\u00e4pselt ja selgelt kindlaksm\u00e4\u00e4ratud ning \u00f5igusp\u00e4rastel eesm\u00e4rkidel ning neid ei t\u00f6\u00f6delda hiljem viisil, mis on   nende eesm\u00e4rkidega vastuolus;<br>   &#8211; V\u00f5imalikult v\u00e4heste andmete kogumise p\u00f5him\u00f5te \u2013 isikuandmed on asjakohased, olulised ja piiratud sellega, mis on vajalik nende t\u00f6\u00f6tlemise eesm\u00e4rgi seisukohalt;<br>   &#8211; \u00d5igsuse p\u00f5him\u00f5te \u2013 isikuandmed on \u00f5iged ja vajaduse korral ajakohastatud ning et v\u00f5etakse k\u00f5ik m\u00f5istlikud meetmed, et t\u00f6\u00f6tlemise eesm\u00e4rgi seisukohast eba\u00f5iged isikuandmed kustutaks v\u00f5i parandataks viivitamata;<br>   &#8211; S\u00e4ilitamise piirangu p\u00f5him\u00f5te \u2013 isikuandmeid s\u00e4ilitatakse kujul, mis v\u00f5imaldab andmesubjekte tuvastada ainult seni, kuni see on vajalik selle eesm\u00e4rgi t\u00e4itmiseks, milleks isikuandmeid t\u00f6\u00f6deldakse;<br>   &#8211; Usaldusv\u00e4\u00e4rsuse ja konfidentsiaalsuse p\u00f5him\u00f5te \u2013 isikuandmeid t\u00f6\u00f6deldakse viisil, mis tagab isikuandmete asjakohase turvalisuse, sealhulgas kaitseb loata v\u00f5i ebaseadusliku t\u00f6\u00f6tlemise eest ning juhusliku kaotamise, h\u00e4vitamise v\u00f5i kahjustumise eest, kasutades asjakohaseid tehnilisi v\u00f5i korralduslikke meetmeid.<\/p>\n\n\n\n<h2 class=\"wp-block-heading\"><strong>2. Isikuandmete kogumine, t\u00f6\u00f6tlemine ja s\u00e4ilitamine<\/strong><\/h2>\n\n\n\n<p>2.1. Isikuandmed, mida andmet\u00f6\u00f6tleja kogub, t\u00f6\u00f6tleb ja s\u00e4ilitab, on kogutud elektrooniliselt, peamiselt kodulehe ja e-posti vahendusel.<strong>&nbsp;<\/strong>Samuti kogutakse andmeid ka FB, Instagrami ja muude teenusepakkujate vahendusel.&nbsp;<\/p>\n\n\n\n<p>2.2. Oma isikuandmete jagamisega annab andmesubjekt andmet\u00f6\u00f6tlejale \u00f5iguse koguda, korraldada, kasutada ja hallata privaatsuspoliitikas m\u00e4\u00e4ratletud eesm\u00e4rgil isikuandmeid, mida andmesubjekt otse v\u00f5i kaudselt kodulehel kaupu v\u00f5i teenuseid ostes andmet\u00f6\u00f6tlejale jagab.<\/p>\n\n\n\n<p>2.3. Andmesubjekt vastutab selle eest, et tema poolt esitatud andmed oleksid t\u00e4psed, \u00f5iged ja terviklikud. Teadlikult valeandmete esitamist peetakse privaatsuspoliitika rikkumiseks. Andmesubjekt on kohustatud andmet\u00f6\u00f6tlejat viivitamatult teavitama esitatud andmete muutumisest.<\/p>\n\n\n\n<p>2.4. Andmet\u00f6\u00f6tleja ei vastuta andmesubjekti poolt valeandmete esitamisest p\u00f5hjustatud kahju eest andmesubjektile v\u00f5i kolmandatele osapooltele.<\/p>\n\n\n\n<h2 class=\"wp-block-heading\"><strong>3. Klientide isikuandmete t\u00f6\u00f6tlemine<\/strong><\/h2>\n\n\n\n<p>3.1. Andmet\u00f6\u00f6tleja v\u00f5ib t\u00f6\u00f6delda j\u00e4rgnevaid andmesubjekti isikuandmeid:<\/p>\n\n\n\n<p>3.1.1. Ees- ja perekonnanimi;<\/p>\n\n\n\n<p>3.1.2. S\u00fcnnikuup\u00e4ev;<\/p>\n\n\n\n<p>3.1.3. Telefoninumber;<\/p>\n\n\n\n<p>3.1.4. E-posti aadress;<\/p>\n\n\n\n<p>3.1.5 Andmesubjekti tegevus veebilehel vatslalilled.ee v\u00f5i Facebookis v\u00f5i Instagramis v\u00f5i muudes MT\u00dc vatslalilled.ee\u2019ga seonduvates kanalites&nbsp; s.h v\u00f5idakse kasutada retargetingi;<\/p>\n\n\n\n<p>3.2. Lisaks eeltoodule on andmet\u00f6\u00f6tlejal \u00f5igus koguda kliendi kohta andmeid, mis on k\u00e4ttesaadavad avalikes registrites.<\/p>\n\n\n\n<p>3.3. Isikuandmete t\u00f6\u00f6tlemise \u00f5iguslik alus on isikuandmete kaitse \u00fcldm\u00e4\u00e4ruse paragrahv 6 lg 1 p-d a), b), c) ja f):<\/p>\n\n\n\n<p>a) andmesubjekt on andnud n\u00f5usoleku t\u00f6\u00f6delda oma isikuandmeid \u00fchel v\u00f5i mitmel konkreetsel eesm\u00e4rgil;<\/p>\n\n\n\n<p>b) isikuandmete t\u00f6\u00f6tlemine on vajalik andmesubjekti osalusel s\u00f5lmitud lepingu t\u00e4itmiseks v\u00f5i lepingu s\u00f5lmimisele eelnevate meetmete v\u00f5tmiseks vastavalt andmesubjekti taotlusele;<\/p>\n\n\n\n<p>c) isikuandmete t\u00f6\u00f6tlemine on vajalik vastutava t\u00f6\u00f6tleja juriidilise kohustuse t\u00e4itmiseks;<\/p>\n\n\n\n<p>f) isikuandmete t\u00f6\u00f6tlemine on vajalik vastutava t\u00f6\u00f6tleja v\u00f5i kolmanda isiku \u00f5igustatud huvi korral, v\u00e4lja arvatud juhul, kui sellise huvi kaaluvad \u00fcles andmesubjekti huvid v\u00f5i p\u00f5hi\u00f5igused ja -vabadused, mille nimel tuleb kaitsta isikuandmeid, eriti juhul kui andmesubjekt on laps.<\/p>\n\n\n\n<p>3.4. Isikuandmete t\u00f6\u00f6tlemine vastavalt t\u00f6\u00f6tlemise eesm\u00e4rgile:<\/p>\n\n\n\n<p>3.4.1. T\u00f6\u00f6tlemise eesm\u00e4rk \u2013 julgeolek ja turvalisus<br>Isikuandmete s\u00e4ilitamise maksimaalne aeg \u2013 vastavalt seaduses nimetatud t\u00e4htaegadele<\/p>\n\n\n\n<p>3.4.2. T\u00f6\u00f6tlemise eesm\u00e4rk \u2013 tellimuse t\u00f6\u00f6tlemine<br>Isikuandmete s\u00e4ilitamise maksimaalne aeg \u2013<strong>&nbsp;<\/strong>vastavalt seadusele v\u00f5i 7 aastat<\/p>\n\n\n\n<p>3.4.3. T\u00f6\u00f6tlemise eesm\u00e4rk \u2013 e-poe teenuste toimimise tagamine<br>Isikuandmete s\u00e4ilitamise maksimaalne aeg \u2013&nbsp;vastavalt seadusele v\u00f5i 7 aastat<\/p>\n\n\n\n<p>3.4.4. T\u00f6\u00f6tlemise eesm\u00e4rk \u2013 kliendihaldus<br>Isikuandmete s\u00e4ilitamise maksimaalne aeg \u2013&nbsp;kuni Mittetulundus\u00fching Vatsla Lilled tegutseb v\u00f5i andmete kustutamise n\u00f5udmiseni<\/p>\n\n\n\n<p>3.4.5. T\u00f6\u00f6tlemise eesm\u00e4rk \u2013 finantstegevus, raamatupidamine<br>Isikuandmete s\u00e4ilitamise maksimaalne aeg \u2013 vastavalt seaduses nimetatud t\u00e4htaegadele<\/p>\n\n\n\n<p>3.4.6. T\u00f6\u00f6tlemise eesm\u00e4rk \u2013 turundus<br>Isikuandmete s\u00e4ilitamise maksimaalne aeg \u2013 kuni Mittetulundus\u00fching Vatsla Lilled tegutseb v\u00f5i andmete kustutamist n\u00f5utakse, Google Analytics\u2019I puhul kuni 26 kuud<\/p>\n\n\n\n<p>3.5. Andmet\u00f6\u00f6tlejal on \u00f5igus klientide isikuandmeid jagada kolmandate isikutega, kelleks on n\u00e4iteks volitatud andmet\u00f6\u00f6tlejad, raamatupidajad, transpordi- ja kullerettev\u00f5tted, \u00fclekandeteenuseid pakkuvad ettev\u00f5tted Andmet\u00f6\u00f6tleja on isikuandmete vastutav t\u00f6\u00f6tleja.&nbsp;<\/p>\n\n\n\n<p>3.6. Andmesubjekti isikuandmete t\u00f6\u00f6tlemisel ja s\u00e4ilitamisel rakendab andmet\u00f6\u00f6tleja organisatoorseid ja tehnilisi meetmeid, mis tagavad isikuandmete kaitse juhusliku v\u00f5i ebaseadusliku h\u00e4vitamise, muutmise, avalikustamise ja mis tahes muu ebaseadusliku t\u00f6\u00f6tlemise eest.<\/p>\n\n\n\n<p>3.7. Andmet\u00f6\u00f6tleja s\u00e4ilitab andmesubjektide andmeid s\u00f5ltuvalt t\u00f6\u00f6tlemise eesm\u00e4rgist, kuid mitte kauem kui&nbsp;Mittetulundus\u00fching Vatsla Lilled tegutsemise l\u00f5puni.<\/p>\n\n\n\n<h2 class=\"wp-block-heading\"><strong>4. Otseturustusteated<\/strong><\/h2>\n\n\n\n<p>4.1. E-kirja aadressi ja telefoninumbrit kasutatakse otseturundusteadete saatmiseks, kui klient on andnud vastava n\u00f5usoleku. Kui klient ei soovi saada otseturustusteateid, siis tuleb v\u00f5tta \u00fchendust klienditoega.<\/p>\n\n\n\n<p>4.2 Kui isikuandmeid t\u00f6\u00f6deldakse otseturunduse eesm\u00e4rgil (profileerimine), on kliendil \u00f5igus oma isikuandmete nii algse kui ka edasise t\u00f6\u00f6tlemise, sealhulgas otseturundusega seotud profiilianal\u00fc\u00fcsi tegemise suhtes igal ajal vastuv\u00e4iteid esitada teavitades sellest kliendituge e-posti teel.<\/p>\n\n\n\n<h2 class=\"wp-block-heading\"><strong>5. Andmesubjekti \u00f5igused<\/strong><\/h2>\n\n\n\n<p>5.1. Andmesubjektil on \u00f5igus saada ligip\u00e4\u00e4s oma isikuandmetele ning nendega tutvuda.<\/p>\n\n\n\n<p>5.2. Andmesubjektil on \u00f5igus saada informatsiooni tema isikuandmete t\u00f6\u00f6tlemise kohta.<\/p>\n\n\n\n<p>5.3. Andmesubjektil on \u00f5igus t\u00e4iendada v\u00f5i parandada ebat\u00e4pseid andmeid.<\/p>\n\n\n\n<p>5.4. Kui andmet\u00f6\u00f6tleja t\u00f6\u00f6tleb andmesubjekti isikuandmeid andmesubjekti n\u00f5usoleku alusel, siis on andmesubjektil \u00f5igus igal ajal n\u00f5usolek tagasi v\u00f5tta v.a lepingutingimuste rikkumise vms korral.<\/p>\n\n\n\n<p>5.5. Andmesubjekt saab \u00f5iguste teostamiseks p\u00f6\u00f6rduda klienditoe poole aadressil&nbsp;info@vatslalilled.ee.<\/p>\n\n\n\n<p>5.6. Andmesubjektil on oma \u00f5iguste kaitseks v\u00f5imalik esitada kaebus Andmekaitse Inspektsioonile<\/p>\n\n\n\n<h2 class=\"wp-block-heading\"><strong>6. Kommertsk\u00fcpsised<\/strong><\/h2>\n\n\n\n<p>6.1. Mittetulundus\u00fchingu Vatsla Lilled hallatav veebileht v\u00f5ib kasutada k\u00fcpsiseid, et teha isikute kasutajakogemus veebilehel mugavamaks ja kasutamine sujuvamaks. K\u00fcpsis on v\u00e4ike tekstifail, mille veebilehitseja automaatselt isiku kasutatavasse seadmesse salvestab.<\/p>\n\n\n\n<p>6.2. K\u00fcpsiseid kasutame anon\u00fc\u00fcmse ja \u00fcldistatud statistika kogumiseks veebilehe k\u00fclastajate arvu kohta, infot kuidas veebilehte kasutatakse, selleks, et muuta veebileht veelgi kasutajas\u00f5bralikumaks ja paremaks.<\/p>\n\n\n\n<p>6.3. K\u00fcpsiste kasutamise mitten\u00f5ustumisega on v\u00f5imaik seadmes salvestatud k\u00fcpsised blokeerida. Selleks tuleb muuta veebilehitseja vastavaid seadmeid. K\u00fcpsiste mittekasutamisel ei pruugi veebilehed korrektselt t\u00f6\u00f6tada ja k\u00f5ik teenused ei pruugi olla k\u00e4ttesaadavad.<\/p>\n\n\n\n<h2 class=\"wp-block-heading\"><strong>7. L\u00f5pps\u00e4tted<\/strong><\/h2>\n\n\n\n<p>7.1. K\u00e4esolevad andmekaitsetingimused on koostatud koosk\u00f5las Euroopa Parlamendi ja n\u00f5ukogu m\u00e4\u00e4rusega (EL) nr 2016\/679 f\u00fc\u00fcsiliste isikute kaitse kohta isikuandmete t\u00f6\u00f6tlemisel ja selliste andmete vaba liikumise ning direktiivi 95\/46 \/ E\u00dc kehtetuks tunnistamise kohta \/ E\u00dc (isikuandmete kaitse \u00fcldm\u00e4\u00e4rus), Eesti Vabariigi isikuandmete kaitse seadusega ning Eesti Vabariigi ja Euroopa Liidu \u00f5igusaktidega.<\/p>\n\n\n\n<p>7.2. Andmet\u00f6\u00f6tlejal on \u00f5igus andmekaitsetingimusi osaliselt v\u00f5i t\u00e4ielikult muuta, teavitades andmesubjekte muudatustest kodulehe kaudu.<\/p>\n","protected":false},"excerpt":{"rendered":"<p>1. \u00dclds\u00e4tted 1.1. K\u00e4esolev privaatsuspoliitika reguleerib isikuandmete kogumist, t\u00f6\u00f6tlemist ja s\u00e4ilitamist k\u00e4sitlevaid p\u00f5him\u00f5tteid. Isikuandmeid kogub t\u00f6\u00f6tleb ja s\u00e4ilitab isikuandmete vastutav t\u00f6\u00f6tleja&nbsp;Mittetulundus\u00fching Vatsla Lilled, registrikood: 80640423&nbsp;(edaspidi andmet\u00f6\u00f6tleja). Asukoht: Vatslanurme A\u00dc 17, Saue vald, Vatsla k\u00fcla 76915. E-post: info@vatslalilled.ee. Veebileht: vatslalilled.ee. 1.2. Andmesubjekt privaatsuspoliitika t\u00e4henduses on klient v\u00f5i muu f\u00fc\u00fcsiline isik, kelle isikuandmeid andmet\u00f6\u00f6tleja t\u00f6\u00f6tleb. 1.3. Klient [&hellip;]<\/p>\n","protected":false},"author":1,"featured_media":0,"parent":0,"menu_order":0,"comment_status":"closed","ping_status":"closed","template":"","meta":{"pgc_meta":"","footnotes":""},"class_list":["post-612","page","type-page","status-publish","hentry"],"pgc_meta":"","yoast_head":"<!-- This site is optimized with the Yoast SEO plugin v23.0 - https:\/\/yoast.com\/wordpress\/plugins\/seo\/ -->\n<title>Privaatsustingimused - Fiestonia<\/title>\n<meta name=\"robots\" content=\"index, follow, max-snippet:-1, max-image-preview:large, max-video-preview:-1\" \/>\n<link rel=\"canonical\" href=\"https:\/\/fiestonia.ee\/et\/privaatsustingimused\/\" \/>\n<meta property=\"og:locale\" content=\"et_EE\" \/>\n<meta property=\"og:type\" content=\"article\" \/>\n<meta property=\"og:title\" content=\"Privaatsustingimused - Fiestonia\" \/>\n<meta property=\"og:description\" content=\"1. \u00dclds\u00e4tted 1.1. K\u00e4esolev privaatsuspoliitika reguleerib isikuandmete kogumist, t\u00f6\u00f6tlemist ja s\u00e4ilitamist k\u00e4sitlevaid p\u00f5him\u00f5tteid. Isikuandmeid kogub t\u00f6\u00f6tleb ja s\u00e4ilitab isikuandmete vastutav t\u00f6\u00f6tleja&nbsp;Mittetulundus\u00fching Vatsla Lilled, registrikood: 80640423&nbsp;(edaspidi andmet\u00f6\u00f6tleja). Asukoht: Vatslanurme A\u00dc 17, Saue vald, Vatsla k\u00fcla 76915. E-post: info@vatslalilled.ee. Veebileht: vatslalilled.ee. 1.2. Andmesubjekt privaatsuspoliitika t\u00e4henduses on klient v\u00f5i muu f\u00fc\u00fcsiline isik, kelle isikuandmeid andmet\u00f6\u00f6tleja t\u00f6\u00f6tleb. 1.3. Klient [&hellip;]\" \/>\n<meta property=\"og:url\" content=\"https:\/\/fiestonia.ee\/et\/privaatsustingimused\/\" \/>\n<meta property=\"og:site_name\" content=\"Fiestonia\" \/>\n<meta property=\"article:modified_time\" content=\"2024-06-01T21:13:35+00:00\" \/>\n<meta name=\"twitter:card\" content=\"summary_large_image\" \/>\n<meta name=\"twitter:label1\" content=\"Est. reading time\" \/>\n\t<meta name=\"twitter:data1\" content=\"6 minutit\" \/>\n<script type=\"application\/ld+json\" class=\"yoast-schema-graph\">{\"@context\":\"https:\/\/schema.org\",\"@graph\":[{\"@type\":\"WebPage\",\"@id\":\"https:\/\/fiestonia.ee\/privaatsustingimused\/\",\"url\":\"https:\/\/fiestonia.ee\/privaatsustingimused\/\",\"name\":\"Privaatsustingimused - Fiestonia\",\"isPartOf\":{\"@id\":\"https:\/\/fiestonia.ee\/et\/#website\"},\"datePublished\":\"2024-05-10T19:31:00+00:00\",\"dateModified\":\"2024-06-01T21:13:35+00:00\",\"breadcrumb\":{\"@id\":\"https:\/\/fiestonia.ee\/privaatsustingimused\/#breadcrumb\"},\"inLanguage\":\"et\",\"potentialAction\":[{\"@type\":\"ReadAction\",\"target\":[\"https:\/\/fiestonia.ee\/privaatsustingimused\/\"]}]},{\"@type\":\"BreadcrumbList\",\"@id\":\"https:\/\/fiestonia.ee\/privaatsustingimused\/#breadcrumb\",\"itemListElement\":[{\"@type\":\"ListItem\",\"position\":1,\"name\":\"Home\",\"item\":\"https:\/\/fiestonia.ee\/et\/\"},{\"@type\":\"ListItem\",\"position\":2,\"name\":\"Privaatsustingimused\"}]},{\"@type\":\"WebSite\",\"@id\":\"https:\/\/fiestonia.ee\/et\/#website\",\"url\":\"https:\/\/fiestonia.ee\/et\/\",\"name\":\"VATSLA LILLED\",\"description\":\"Fiesta Estonia\",\"publisher\":{\"@id\":\"https:\/\/fiestonia.ee\/et\/#organization\"},\"potentialAction\":[{\"@type\":\"SearchAction\",\"target\":{\"@type\":\"EntryPoint\",\"urlTemplate\":\"https:\/\/fiestonia.ee\/et\/?s={search_term_string}\"},\"query-input\":\"required name=search_term_string\"}],\"inLanguage\":\"et\"},{\"@type\":\"Organization\",\"@id\":\"https:\/\/fiestonia.ee\/et\/#organization\",\"name\":\"VATSLA LILLED\",\"url\":\"https:\/\/fiestonia.ee\/et\/\",\"logo\":{\"@type\":\"ImageObject\",\"inLanguage\":\"et\",\"@id\":\"https:\/\/fiestonia.ee\/et\/#\/schema\/logo\/image\/\",\"url\":\"http:\/\/www.vatslalilled.ee\/wp-content\/uploads\/2024\/04\/cropped-Screenshot-2024-04-06-205209.png\",\"contentUrl\":\"http:\/\/www.vatslalilled.ee\/wp-content\/uploads\/2024\/04\/cropped-Screenshot-2024-04-06-205209.png\",\"width\":512,\"height\":512,\"caption\":\"VATSLA LILLED\"},\"image\":{\"@id\":\"https:\/\/fiestonia.ee\/et\/#\/schema\/logo\/image\/\"}}]}<\/script>\n<!-- \/ Yoast SEO plugin. -->","yoast_head_json":{"title":"Privaatsustingimused - Fiestonia","robots":{"index":"index","follow":"follow","max-snippet":"max-snippet:-1","max-image-preview":"max-image-preview:large","max-video-preview":"max-video-preview:-1"},"canonical":"https:\/\/fiestonia.ee\/et\/privaatsustingimused\/","og_locale":"et_EE","og_type":"article","og_title":"Privaatsustingimused - Fiestonia","og_description":"1. \u00dclds\u00e4tted 1.1. K\u00e4esolev privaatsuspoliitika reguleerib isikuandmete kogumist, t\u00f6\u00f6tlemist ja s\u00e4ilitamist k\u00e4sitlevaid p\u00f5him\u00f5tteid. Isikuandmeid kogub t\u00f6\u00f6tleb ja s\u00e4ilitab isikuandmete vastutav t\u00f6\u00f6tleja&nbsp;Mittetulundus\u00fching Vatsla Lilled, registrikood: 80640423&nbsp;(edaspidi andmet\u00f6\u00f6tleja). Asukoht: Vatslanurme A\u00dc 17, Saue vald, Vatsla k\u00fcla 76915. E-post: info@vatslalilled.ee. Veebileht: vatslalilled.ee. 1.2. Andmesubjekt privaatsuspoliitika t\u00e4henduses on klient v\u00f5i muu f\u00fc\u00fcsiline isik, kelle isikuandmeid andmet\u00f6\u00f6tleja t\u00f6\u00f6tleb. 1.3. Klient [&hellip;]","og_url":"https:\/\/fiestonia.ee\/et\/privaatsustingimused\/","og_site_name":"Fiestonia","article_modified_time":"2024-06-01T21:13:35+00:00","twitter_card":"summary_large_image","twitter_misc":{"Est. reading time":"6 minutit"},"schema":{"@context":"https:\/\/schema.org","@graph":[{"@type":"WebPage","@id":"https:\/\/fiestonia.ee\/privaatsustingimused\/","url":"https:\/\/fiestonia.ee\/privaatsustingimused\/","name":"Privaatsustingimused - Fiestonia","isPartOf":{"@id":"https:\/\/fiestonia.ee\/et\/#website"},"datePublished":"2024-05-10T19:31:00+00:00","dateModified":"2024-06-01T21:13:35+00:00","breadcrumb":{"@id":"https:\/\/fiestonia.ee\/privaatsustingimused\/#breadcrumb"},"inLanguage":"et","potentialAction":[{"@type":"ReadAction","target":["https:\/\/fiestonia.ee\/privaatsustingimused\/"]}]},{"@type":"BreadcrumbList","@id":"https:\/\/fiestonia.ee\/privaatsustingimused\/#breadcrumb","itemListElement":[{"@type":"ListItem","position":1,"name":"Home","item":"https:\/\/fiestonia.ee\/et\/"},{"@type":"ListItem","position":2,"name":"Privaatsustingimused"}]},{"@type":"WebSite","@id":"https:\/\/fiestonia.ee\/et\/#website","url":"https:\/\/fiestonia.ee\/et\/","name":"VATSLA LILLED","description":"Fiesta Estonia","publisher":{"@id":"https:\/\/fiestonia.ee\/et\/#organization"},"potentialAction":[{"@type":"SearchAction","target":{"@type":"EntryPoint","urlTemplate":"https:\/\/fiestonia.ee\/et\/?s={search_term_string}"},"query-input":"required name=search_term_string"}],"inLanguage":"et"},{"@type":"Organization","@id":"https:\/\/fiestonia.ee\/et\/#organization","name":"VATSLA LILLED","url":"https:\/\/fiestonia.ee\/et\/","logo":{"@type":"ImageObject","inLanguage":"et","@id":"https:\/\/fiestonia.ee\/et\/#\/schema\/logo\/image\/","url":"http:\/\/www.vatslalilled.ee\/wp-content\/uploads\/2024\/04\/cropped-Screenshot-2024-04-06-205209.png","contentUrl":"http:\/\/www.vatslalilled.ee\/wp-content\/uploads\/2024\/04\/cropped-Screenshot-2024-04-06-205209.png","width":512,"height":512,"caption":"VATSLA LILLED"},"image":{"@id":"https:\/\/fiestonia.ee\/et\/#\/schema\/logo\/image\/"}}]}},"amp_enabled":true,"_links":{"self":[{"href":"https:\/\/fiestonia.ee\/et\/wp-json\/wp\/v2\/pages\/612","targetHints":{"allow":["GET"]}}],"collection":[{"href":"https:\/\/fiestonia.ee\/et\/wp-json\/wp\/v2\/pages"}],"about":[{"href":"https:\/\/fiestonia.ee\/et\/wp-json\/wp\/v2\/types\/page"}],"author":[{"embeddable":true,"href":"https:\/\/fiestonia.ee\/et\/wp-json\/wp\/v2\/users\/1"}],"replies":[{"embeddable":true,"href":"https:\/\/fiestonia.ee\/et\/wp-json\/wp\/v2\/comments?post=612"}],"version-history":[{"count":5,"href":"https:\/\/fiestonia.ee\/et\/wp-json\/wp\/v2\/pages\/612\/revisions"}],"predecessor-version":[{"id":1140,"href":"https:\/\/fiestonia.ee\/et\/wp-json\/wp\/v2\/pages\/612\/revisions\/1140"}],"wp:attachment":[{"href":"https:\/\/fiestonia.ee\/et\/wp-json\/wp\/v2\/media?parent=612"}],"curies":[{"name":"wp","href":"https:\/\/api.w.org\/{rel}","templated":true}]}}